{"id":29818,"date":"2026-01-06T12:08:38","date_gmt":"2026-01-06T12:08:38","guid":{"rendered":"https:\/\/hutton.ee\/?post_type=product&#038;p=29818"},"modified":"2026-03-17T07:38:31","modified_gmt":"2026-03-17T07:38:31","slug":"icf-ja-plastbau-tehnoloogiad-tartu-koolitus-12-02","status":"publish","type":"product","link":"https:\/\/hutton.ee\/en\/toode\/icf-ja-plastbau-tehnoloogiad-tartu-koolitus-12-02\/","title":{"rendered":"ICF ja plastbau tehnoloogiad: Tartu koolitus 12.02"},"content":{"rendered":"<p><strong>ICF ja plastbau tehnoloogiad<\/strong><\/p>\n<p><strong>1. Sissejuhatus<\/strong><br \/>\n&#8211; Miks me tegeleme energias\u00e4\u00e4stlike hoonetega?<br \/>\n&#8211; Millised on \u00f5iguslikud regulatsioonid Eestis hoonete ehituse valdkonnas?<\/p>\n<p><strong>2. Tehnoloogiate tutvustus<\/strong><br \/>\n&#8211; Mis on ICF tehnoloogia?<br \/>\n&#8211; Erinevat t\u00fc\u00fcpi ICF lahendused, toote p\u00f5lvkonnad leiutamisest t\u00e4nap\u00e4evani.<br \/>\n&#8211; Erinevate tehnoloogiliste s\u00fcsteemide peamised erinevused.<br \/>\n&#8211; ICF tehnoloogiate kasutamise praktika maailmas, Balti- ja Skandinaavia riikides.<br \/>\n&#8211; Mis on plastbau tehnoloogia?<\/p>\n<p><strong>3. Isoteq ICF ehituss\u00fcsteemi tutvustus<\/strong><br \/>\n&#8211; Isoteq ICF s\u00fcsteemi komponendid.<br \/>\n&#8211; Isoteq ICF toote kasutuskohad.<br \/>\n&#8211; Isoteq ICF ehituss\u00fcsteemi paigalduse tutvustus.<br \/>\n&#8211; Isoteq ICF ehituss\u00fcsteemi seos tehnos\u00fcsteemidega.<br \/>\n&#8211; Isoteq ICF ehituss\u00fcsteemi seos sise- ja v\u00e4lisviimistlusega.<\/p>\n<p><strong>4. Isoteq ICF ehituss\u00fcsteemi tehniline toimivus<\/strong><br \/>\n&#8211; Konstruktsioonid, s\u00f5lmed, betoon, armatuur.<br \/>\n&#8211; Toestamine, rihtimine.<br \/>\n&#8211; Soojustehnilised asjaolud.<br \/>\n&#8211; Niiskustehnilised asjaolud.<br \/>\n&#8211; Vead ja riskid ICF lahenduste ehitamisel.<\/p>\n<p><strong>5. Isoteq ICF passiivmajad ja energias\u00e4\u00e4stlikud ehituslahendused<\/strong><br \/>\n&#8211; Mis on passiivmaja?<br \/>\n&#8211; Milliseid v\u00f5imalusi pakub Isoteq ICF ehituss\u00fcsteem?<br \/>\n&#8211; Mis objekte on tehtud ja mis objektid on ehitamisel?<\/p>\n<p><strong>6. K\u00fcsimused ja arutelud<\/strong><\/p>\n<p><strong>Kellele on koolitus ehitusf\u00fc\u00fcsika ja materjalitehnoloogiad suunatud<\/strong>:<strong><br \/>\n<\/strong>Ehitajatele, projekteerijatele, arhitektidele, ehitusjuhtidele, ehitusej\u00e4relevalve inseneridele ja k\u00f5igile neile, kellele antud teema huvi pakub.<\/p>\n<p><strong>Registreerimine<\/strong>:<strong><br \/>\n<\/strong>Valige endale sobiv koolituse aeg ja koht\u00a0<a href=\"https:\/\/hutton.ee\/koolitused\/\">https:\/\/hutton.ee\/koolitused\/<\/a>\u00a0ning registreeruge e-poe kaudu.\u00a0<strong>Kohtade arv on piiratud!<\/strong><\/p>\n<p data-start=\"50\" data-end=\"86\"><strong data-start=\"50\" data-end=\"86\">Koolitusel osalemise t\u00fchistamine<\/strong>:<strong data-start=\"50\" data-end=\"86\"><br \/>\n<\/strong>Mitteosalemisest tuleb teatada v\u00e4hemalt 5 p\u00e4eva enne koolituse toimumise kuup\u00e4eva. Sel juhul tagastame osalustasu.<br \/>\nHilisemal teavitamisel v\u00f5i koolitusel mitteosalemisel osalustasu ei tagastata.<\/p>\n<p class=\"moz-signature\">&#8212;<\/p>\n<p>Koolitaja Margus Laats (Isoteq Eesti ja Soome m\u00fc\u00fcgijuht ja tehniline konsultant):<\/p>\n<p>+372 50 11 324<br \/>\nmargus.laats@hutton.ee<\/p>\n","protected":false},"excerpt":{"rendered":"<p><strong data-start=\"0\" data-end=\"55\" data-is-only-node=\"\">ICF-tehnoloogia ja Isoteq ehituss\u00fcsteemide koolitus<\/strong> annab praktilised teadmised energias\u00e4\u00e4stlike hoonete ehitamisest, ICF- ja plastbau tehnoloogiate kasutamisest ning Isoteq ICF s\u00fcsteemi paigaldusest ja tehnilisest toimivusest. Koolitusel \u00f5pid v\u00e4ltima levinumaid vigu, m\u00f5istma soojustehnilisi ja niiskustehnilisi lahendusi ning rakendama s\u00fcsteemi passiivmajade ja energiat\u00f5husate hoonete ehitamisel. <strong data-start=\"404\" data-end=\"483\" data-is-last-node=\"\">Osale ja vii oma j\u00e4rgmine projekt uuele tasemele \u2013 kohtade arv on piiratud!<\/strong><\/p>\n<p>Koolitused ei anna ainepunkte!<\/p>\n<p><strong>Koolitus toimub:<br \/>\n<\/strong>12.02.2026<br \/>\nKell 13:00-16:00<br \/>\nT\u00e4he 110, Tartu &#8211; Hutton<\/p>\n<p><strong>Osalejatele tunnistused!<\/strong><\/p>\n<p>T\u00e4psema info koolituse kohta leiad allpool \u2b07\ufe0f<\/p>\n","protected":false},"featured_media":29831,"template":"","meta":{"_gspb_post_css":"","_uf_show_specific_survey":0,"_uf_disable_surveys":false},"product_brand":[],"product_cat":[938],"product_tag":[2876],"filtrisusteem":[],"kvaliteediklass":[],"class_list":{"0":"post-29818","1":"product","2":"type-product","3":"status-publish","4":"has-post-thumbnail","6":"product_cat-koolitused","7":"product_tag-ei_pusiklient","9":"first","10":"outofstock","11":"virtual","12":"taxable","13":"purchasable","14":"product-type-simple"},"yoast_head":"<!-- This site is optimized with the Yoast SEO Premium plugin v21.3 (Yoast SEO v27.3) - https:\/\/yoast.com\/product\/yoast-seo-premium-wordpress\/ -->\n<title>ICF ja plastbau tehnoloogiad: Tartu koolitus 12.02 - Hutton<\/title>\n<meta name=\"description\" content=\"Koolitus ICF ja Plastbau tehnoloogiatest, keskendudes Isoteq ehituss\u00fcsteemidele vundamendi, seinte ja vahelagede ehitamisel energias\u00e4\u00e4stlikele lahendustele.\" \/>\n<meta name=\"robots\" content=\"index, follow, max-snippet:-1, max-image-preview:large, max-video-preview:-1\" \/>\n<link rel=\"canonical\" href=\"https:\/\/hutton.ee\/toode\/icf-ja-plastbau-tehnoloogiad-tartu-koolitus-12-02\/\" \/>\n<meta property=\"og:locale\" content=\"en_US\" \/>\n<meta property=\"og:type\" content=\"article\" \/>\n<meta property=\"og:title\" content=\"ICF ja plastbau tehnoloogiad: Tartu koolitus 12.02\" \/>\n<meta property=\"og:description\" content=\"Koolitus ICF ja Plastbau tehnoloogiatest, keskendudes Isoteq ehituss\u00fcsteemidele vundamendi, seinte ja vahelagede ehitamisel energias\u00e4\u00e4stlikele lahendustele.\" \/>\n<meta property=\"og:url\" content=\"https:\/\/hutton.ee\/toode\/icf-ja-plastbau-tehnoloogiad-tartu-koolitus-12-02\/\" \/>\n<meta property=\"og:site_name\" content=\"Hutton\" \/>\n<meta property=\"article:publisher\" content=\"https:\/\/www.facebook.com\/huttoneesti\" \/>\n<meta property=\"article:modified_time\" content=\"2026-03-17T07:38:31+00:00\" \/>\n<meta property=\"og:image\" content=\"https:\/\/hutton.ee\/wp-content\/uploads\/2026\/01\/koolituste-ruudud-10-1024x1024.png\" \/>\n\t<meta property=\"og:image:width\" content=\"1024\" \/>\n\t<meta property=\"og:image:height\" content=\"1024\" \/>\n\t<meta property=\"og:image:type\" content=\"image\/png\" \/>\n<meta name=\"twitter:card\" content=\"summary_large_image\" \/>\n<meta name=\"twitter:label1\" content=\"Est. reading time\" \/>\n\t<meta name=\"twitter:data1\" content=\"2 minutes\" \/>\n<script type=\"application\/ld+json\" class=\"yoast-schema-graph\">{\"@context\":\"https:\\\/\\\/schema.org\",\"@graph\":[{\"@type\":\"WebPage\",\"@id\":\"https:\\\/\\\/hutton.ee\\\/toode\\\/icf-ja-plastbau-tehnoloogiad-tartu-koolitus-12-02\\\/\",\"url\":\"https:\\\/\\\/hutton.ee\\\/toode\\\/icf-ja-plastbau-tehnoloogiad-tartu-koolitus-12-02\\\/\",\"name\":\"ICF ja plastbau tehnoloogiad: Tartu koolitus 12.02 - Hutton\",\"isPartOf\":{\"@id\":\"https:\\\/\\\/hutton.ee\\\/#website\"},\"primaryImageOfPage\":{\"@id\":\"https:\\\/\\\/hutton.ee\\\/toode\\\/icf-ja-plastbau-tehnoloogiad-tartu-koolitus-12-02\\\/#primaryimage\"},\"image\":{\"@id\":\"https:\\\/\\\/hutton.ee\\\/toode\\\/icf-ja-plastbau-tehnoloogiad-tartu-koolitus-12-02\\\/#primaryimage\"},\"thumbnailUrl\":\"https:\\\/\\\/hutton.ee\\\/wp-content\\\/uploads\\\/2026\\\/01\\\/koolituste-ruudud-10.png\",\"datePublished\":\"2026-01-06T12:08:38+00:00\",\"dateModified\":\"2026-03-17T07:38:31+00:00\",\"description\":\"Koolitus ICF ja Plastbau tehnoloogiatest, keskendudes Isoteq ehituss\u00fcsteemidele vundamendi, seinte ja vahelagede ehitamisel energias\u00e4\u00e4stlikele lahendustele.\",\"breadcrumb\":{\"@id\":\"https:\\\/\\\/hutton.ee\\\/toode\\\/icf-ja-plastbau-tehnoloogiad-tartu-koolitus-12-02\\\/#breadcrumb\"},\"inLanguage\":\"en-US\",\"potentialAction\":[{\"@type\":\"ReadAction\",\"target\":[\"https:\\\/\\\/hutton.ee\\\/toode\\\/icf-ja-plastbau-tehnoloogiad-tartu-koolitus-12-02\\\/\"]}]},{\"@type\":\"ImageObject\",\"inLanguage\":\"en-US\",\"@id\":\"https:\\\/\\\/hutton.ee\\\/toode\\\/icf-ja-plastbau-tehnoloogiad-tartu-koolitus-12-02\\\/#primaryimage\",\"url\":\"https:\\\/\\\/hutton.ee\\\/wp-content\\\/uploads\\\/2026\\\/01\\\/koolituste-ruudud-10.png\",\"contentUrl\":\"https:\\\/\\\/hutton.ee\\\/wp-content\\\/uploads\\\/2026\\\/01\\\/koolituste-ruudud-10.png\",\"width\":1080,\"height\":1080},{\"@type\":\"BreadcrumbList\",\"@id\":\"https:\\\/\\\/hutton.ee\\\/toode\\\/icf-ja-plastbau-tehnoloogiad-tartu-koolitus-12-02\\\/#breadcrumb\",\"itemListElement\":[{\"@type\":\"ListItem\",\"position\":1,\"name\":\"Avaleht\",\"item\":\"https:\\\/\\\/hutton.ee\\\/\"},{\"@type\":\"ListItem\",\"position\":2,\"name\":\"Shop\",\"item\":\"https:\\\/\\\/hutton.ee\\\/en\\\/shop\\\/\"},{\"@type\":\"ListItem\",\"position\":3,\"name\":\"ICF ja plastbau tehnoloogiad: Tartu koolitus 12.02\"}]},{\"@type\":\"WebSite\",\"@id\":\"https:\\\/\\\/hutton.ee\\\/#website\",\"url\":\"https:\\\/\\\/hutton.ee\\\/\",\"name\":\"Hutton\",\"description\":\"Ajas kestvad ehituslahendused\",\"publisher\":{\"@id\":\"https:\\\/\\\/hutton.ee\\\/#organization\"},\"potentialAction\":[{\"@type\":\"SearchAction\",\"target\":{\"@type\":\"EntryPoint\",\"urlTemplate\":\"https:\\\/\\\/hutton.ee\\\/?s={search_term_string}\"},\"query-input\":{\"@type\":\"PropertyValueSpecification\",\"valueRequired\":true,\"valueName\":\"search_term_string\"}}],\"inLanguage\":\"en-US\"},{\"@type\":\"Organization\",\"@id\":\"https:\\\/\\\/hutton.ee\\\/#organization\",\"name\":\"Hutton - KATUS | SEIN | FASSAAD\",\"url\":\"https:\\\/\\\/hutton.ee\\\/\",\"logo\":{\"@type\":\"ImageObject\",\"inLanguage\":\"en-US\",\"@id\":\"https:\\\/\\\/hutton.ee\\\/#\\\/schema\\\/logo\\\/image\\\/\",\"url\":\"https:\\\/\\\/hutton.ee\\\/wp-content\\\/uploads\\\/2020\\\/07\\\/hutton-logo_uuendatud-01.png\",\"contentUrl\":\"https:\\\/\\\/hutton.ee\\\/wp-content\\\/uploads\\\/2020\\\/07\\\/hutton-logo_uuendatud-01.png\",\"width\":1064,\"height\":455,\"caption\":\"Hutton - KATUS | SEIN | FASSAAD\"},\"image\":{\"@id\":\"https:\\\/\\\/hutton.ee\\\/#\\\/schema\\\/logo\\\/image\\\/\"},\"sameAs\":[\"https:\\\/\\\/www.facebook.com\\\/huttoneesti\"]}]}<\/script>\n<!-- \/ Yoast SEO Premium plugin. -->","yoast_head_json":{"title":"ICF ja plastbau tehnoloogiad: Tartu koolitus 12.02 - Hutton","description":"Koolitus ICF ja Plastbau tehnoloogiatest, keskendudes Isoteq ehituss\u00fcsteemidele vundamendi, seinte ja vahelagede ehitamisel energias\u00e4\u00e4stlikele lahendustele.","robots":{"index":"index","follow":"follow","max-snippet":"max-snippet:-1","max-image-preview":"max-image-preview:large","max-video-preview":"max-video-preview:-1"},"canonical":"https:\/\/hutton.ee\/toode\/icf-ja-plastbau-tehnoloogiad-tartu-koolitus-12-02\/","og_locale":"en_US","og_type":"article","og_title":"ICF ja plastbau tehnoloogiad: Tartu koolitus 12.02","og_description":"Koolitus ICF ja Plastbau tehnoloogiatest, keskendudes Isoteq ehituss\u00fcsteemidele vundamendi, seinte ja vahelagede ehitamisel energias\u00e4\u00e4stlikele lahendustele.","og_url":"https:\/\/hutton.ee\/toode\/icf-ja-plastbau-tehnoloogiad-tartu-koolitus-12-02\/","og_site_name":"Hutton","article_publisher":"https:\/\/www.facebook.com\/huttoneesti","article_modified_time":"2026-03-17T07:38:31+00:00","og_image":[{"width":1024,"height":1024,"url":"https:\/\/hutton.ee\/wp-content\/uploads\/2026\/01\/koolituste-ruudud-10-1024x1024.png","type":"image\/png"}],"twitter_card":"summary_large_image","twitter_misc":{"Est. reading time":"2 minutes"},"schema":{"@context":"https:\/\/schema.org","@graph":[{"@type":"WebPage","@id":"https:\/\/hutton.ee\/toode\/icf-ja-plastbau-tehnoloogiad-tartu-koolitus-12-02\/","url":"https:\/\/hutton.ee\/toode\/icf-ja-plastbau-tehnoloogiad-tartu-koolitus-12-02\/","name":"ICF ja plastbau tehnoloogiad: Tartu koolitus 12.02 - Hutton","isPartOf":{"@id":"https:\/\/hutton.ee\/#website"},"primaryImageOfPage":{"@id":"https:\/\/hutton.ee\/toode\/icf-ja-plastbau-tehnoloogiad-tartu-koolitus-12-02\/#primaryimage"},"image":{"@id":"https:\/\/hutton.ee\/toode\/icf-ja-plastbau-tehnoloogiad-tartu-koolitus-12-02\/#primaryimage"},"thumbnailUrl":"https:\/\/hutton.ee\/wp-content\/uploads\/2026\/01\/koolituste-ruudud-10.png","datePublished":"2026-01-06T12:08:38+00:00","dateModified":"2026-03-17T07:38:31+00:00","description":"Koolitus ICF ja Plastbau tehnoloogiatest, keskendudes Isoteq ehituss\u00fcsteemidele vundamendi, seinte ja vahelagede ehitamisel energias\u00e4\u00e4stlikele lahendustele.","breadcrumb":{"@id":"https:\/\/hutton.ee\/toode\/icf-ja-plastbau-tehnoloogiad-tartu-koolitus-12-02\/#breadcrumb"},"inLanguage":"en-US","potentialAction":[{"@type":"ReadAction","target":["https:\/\/hutton.ee\/toode\/icf-ja-plastbau-tehnoloogiad-tartu-koolitus-12-02\/"]}]},{"@type":"ImageObject","inLanguage":"en-US","@id":"https:\/\/hutton.ee\/toode\/icf-ja-plastbau-tehnoloogiad-tartu-koolitus-12-02\/#primaryimage","url":"https:\/\/hutton.ee\/wp-content\/uploads\/2026\/01\/koolituste-ruudud-10.png","contentUrl":"https:\/\/hutton.ee\/wp-content\/uploads\/2026\/01\/koolituste-ruudud-10.png","width":1080,"height":1080},{"@type":"BreadcrumbList","@id":"https:\/\/hutton.ee\/toode\/icf-ja-plastbau-tehnoloogiad-tartu-koolitus-12-02\/#breadcrumb","itemListElement":[{"@type":"ListItem","position":1,"name":"Avaleht","item":"https:\/\/hutton.ee\/"},{"@type":"ListItem","position":2,"name":"Shop","item":"https:\/\/hutton.ee\/en\/shop\/"},{"@type":"ListItem","position":3,"name":"ICF ja plastbau tehnoloogiad: Tartu koolitus 12.02"}]},{"@type":"WebSite","@id":"https:\/\/hutton.ee\/#website","url":"https:\/\/hutton.ee\/","name":"Hutton","description":"Ajas kestvad ehituslahendused","publisher":{"@id":"https:\/\/hutton.ee\/#organization"},"potentialAction":[{"@type":"SearchAction","target":{"@type":"EntryPoint","urlTemplate":"https:\/\/hutton.ee\/?s={search_term_string}"},"query-input":{"@type":"PropertyValueSpecification","valueRequired":true,"valueName":"search_term_string"}}],"inLanguage":"en-US"},{"@type":"Organization","@id":"https:\/\/hutton.ee\/#organization","name":"Hutton - KATUS | SEIN | FASSAAD","url":"https:\/\/hutton.ee\/","logo":{"@type":"ImageObject","inLanguage":"en-US","@id":"https:\/\/hutton.ee\/#\/schema\/logo\/image\/","url":"https:\/\/hutton.ee\/wp-content\/uploads\/2020\/07\/hutton-logo_uuendatud-01.png","contentUrl":"https:\/\/hutton.ee\/wp-content\/uploads\/2020\/07\/hutton-logo_uuendatud-01.png","width":1064,"height":455,"caption":"Hutton - KATUS | SEIN | FASSAAD"},"image":{"@id":"https:\/\/hutton.ee\/#\/schema\/logo\/image\/"},"sameAs":["https:\/\/www.facebook.com\/huttoneesti"]}]}},"_links":{"self":[{"href":"https:\/\/hutton.ee\/en\/wp-json\/wp\/v2\/product\/29818","targetHints":{"allow":["GET"]}}],"collection":[{"href":"https:\/\/hutton.ee\/en\/wp-json\/wp\/v2\/product"}],"about":[{"href":"https:\/\/hutton.ee\/en\/wp-json\/wp\/v2\/types\/product"}],"wp:featuredmedia":[{"embeddable":true,"href":"https:\/\/hutton.ee\/en\/wp-json\/wp\/v2\/media\/29831"}],"wp:attachment":[{"href":"https:\/\/hutton.ee\/en\/wp-json\/wp\/v2\/media?parent=29818"}],"wp:term":[{"taxonomy":"product_brand","embeddable":true,"href":"https:\/\/hutton.ee\/en\/wp-json\/wp\/v2\/product_brand?post=29818"},{"taxonomy":"product_cat","embeddable":true,"href":"https:\/\/hutton.ee\/en\/wp-json\/wp\/v2\/product_cat?post=29818"},{"taxonomy":"product_tag","embeddable":true,"href":"https:\/\/hutton.ee\/en\/wp-json\/wp\/v2\/product_tag?post=29818"},{"taxonomy":"filtrisusteem","embeddable":true,"href":"https:\/\/hutton.ee\/en\/wp-json\/wp\/v2\/filtrisusteem?post=29818"},{"taxonomy":"kvaliteediklass","embeddable":true,"href":"https:\/\/hutton.ee\/en\/wp-json\/wp\/v2\/kvaliteediklass?post=29818"}],"curies":[{"name":"wp","href":"https:\/\/api.w.org\/{rel}","templated":true}]}}