{"id":29973,"date":"2026-02-16T10:16:00","date_gmt":"2026-02-16T10:16:00","guid":{"rendered":"https:\/\/hutton.ee\/?post_type=product&#038;p=29973"},"modified":"2026-03-30T09:09:38","modified_gmt":"2026-03-30T09:09:38","slug":"penosil-pu-vahtude-ohutu-kasutamine-tartu-koolitus-25-03","status":"publish","type":"product","link":"https:\/\/hutton.ee\/en\/toode\/penosil-pu-vahtude-ohutu-kasutamine-tartu-koolitus-25-03\/","title":{"rendered":"Penosil &#8211; PU-vahtude ohutu kasutamine &#8211; Tartu koolitus 25.03"},"content":{"rendered":"<p><strong>Penosil &#8211; PU-vahtude ohutu kasutamise koolitus <\/strong><\/p>\n<p><strong>Penosil ehitusvahud &#8211; Urmas Kullang (Penosil koolitaja)<\/strong><\/p>\n<ul>\n<li>Mis on <a href=\"https:\/\/hutton.ee\/tootekategooria\/ehituskeemia\/\">ehitusvahud<\/a>?<\/li>\n<li>Millised erinevad ehitusvahud on olemas?<\/li>\n<li>Milline on erinevate vahtude otstarve?<\/li>\n<li>Erinevate vahtude kasutamise tingimused.<\/li>\n<li>V\u00f5imalikud ohud vahtude kasutamisel ja kuidas neid v\u00e4ltida?<\/li>\n<li>Diisots\u00fcanaatide m\u00f5ju tervisele (peamiselt allergiad) ja kaitsevahendite kasutamine<\/li>\n<\/ul>\n<p>Alates 24. augustist 2023. aastast peavad k\u00f5ik isikud, kes kasutavad professionaalsel ning t\u00f6\u00f6stuslikul eesm\u00e4rgil pol\u00fcuretaanvahte, liime ja hermeetikuid, milles monomeerse diisots\u00fcanaadi kogukontsentratsioon on \u00fcle 0,1%, l\u00e4bima diisots\u00fcanaatide ohutu kasutamise alase koolituse.<\/p>\n<p>Koolitus vastab\u00a0<a href=\"https:\/\/environment.ec.europa.eu\/topics\/chemicals\/reach-regulation_en\" target=\"_blank\" rel=\"noreferrer noopener\">REACH<\/a>-m\u00e4\u00e4ruse ja\u00a0<a href=\"https:\/\/eur-lex.europa.eu\/legal-content\/ET\/TXT\/PDF\/?uri=CELEX:32006R1907\" target=\"_blank\" rel=\"noreferrer noopener\">EUROOPA PARLAMENDI JA N\u00d5UKOGU M\u00c4\u00c4RUS (E\u00dc) nr 1907\/2006 XVII<\/a>\u00a0n\u00f5uetele.<\/p>\n<p>Koolitus ei asenda ega muuda muid tervisekaitse- ja ohutusn\u00f5udeid, vaid t\u00e4iendab neid. Ehitajad peavad j\u00e4rgima mitmeid h\u00e4id tavasid, et tagada pol\u00fcuretaanide ohutu kasutamine:<\/p>\n<p><strong>Kellele on koolitus ehitusvahud ja teipimine suunatud:<br \/>\n<\/strong>Ehitajatele, projekteerijatele, arhitektidele, ehitusjuhtidele, ehitusej\u00e4relevalve inseneridele ja k\u00f5igile neile, kellele antud teema huvi pakub.<\/p>\n<p><strong>Registreerimine:<br \/>\n<\/strong>Valige endale sobiv koolituse aeg ja koht <a href=\"https:\/\/hutton.ee\/koolitused\/\">https:\/\/hutton.ee\/koolitused\/<\/a> ning registreeruge e-poe kaudu.<\/p>\n","protected":false},"excerpt":{"rendered":"<div class=\"html-div xdj266r x11i5rnm xat24cr x1mh8g0r xexx8yu x4uap5 x18d9i69 xkhd6sd x78zum5 x1eb86dx\">\n<div class=\"html-div xdj266r x11i5rnm xat24cr x1mh8g0r xexx8yu x4uap5 x18d9i69 xkhd6sd xeuugli x1vjfegm\">\n<div class=\"html-div xdj266r x11i5rnm xat24cr x1mh8g0r xexx8yu x4uap5 x18d9i69 xkhd6sd x78zum5 xh8yej3\" role=\"presentation\">\n<div class=\"x1cy8zhl x78zum5 xdt5ytf x193iq5w x1n2onr6 x1kxipp6\">\n<div class=\"x78zum5 xh8yej3\" role=\"none\">\n<div class=\"html-div xdj266r x11i5rnm xat24cr x1mh8g0r xexx8yu x4uap5 x18d9i69 xkhd6sd x6ikm8r x10wlt62\">\n<div class=\"html-div xdj266r x11i5rnm xat24cr x1mh8g0r x14ctfv x1okitfd x6ikm8r x10wlt62 xerhiuh x1pn3fxy x12xxe5f x1szedp3 x1n2onr6 x1vjfegm x1k4qllp x1mzt3pk x13faqbe x1xr0vuk x1jm4cbz x1lmq8lz xrrpcnn x1xtl47e x13fuv20 xu3j5b3 x1q0q8m5 x26u7qi x19livfd x2t687o x3p3xfz x5od304 xp5s12f x11ucwad xgtuqic x155c047\" role=\"presentation\">\n<div class=\"html-div xexx8yu x4uap5 x18d9i69 xkhd6sd x1gslohp x11i5rnm x12nagc x1mh8g0r x1yc453h x126k92a x18lvrbx\" dir=\"auto\">\n<p>Alates 24. augustist 2023. peavad k\u00f5ik isikud, kes kasutavad professionaalsel ning t\u00f6\u00f6stuslikul eesm\u00e4rgil pol\u00fcuretaanvahte, liime ja hermeetikuid, milles on monomeerse diisots\u00fcaniidi kogukonsentratsioon \u00fcle 0,1%, l\u00e4bima diisots\u00fcanaatide ohutu kasutamise-alase koolituse.<br \/>\n<strong>Koolitus annab vahtudega t\u00f6\u00f6tlemisel vajaliku ohutuskaardi!<br \/>\n<\/strong><\/p>\n<\/div>\n<\/div>\n<\/div>\n<div class=\"html-div xdj266r x11i5rnm xat24cr x1mh8g0r xexx8yu x4uap5 x18d9i69 xkhd6sd x1h91t0o xkh2ocl x78zum5 xdt5ytf x13a6bvl x193iq5w x1iyjqo2 x1eb86dx\" role=\"presentation\">\n<div class=\"html-div xdj266r x11i5rnm xat24cr x1mh8g0r xexx8yu x4uap5 x18d9i69 xkhd6sd x1r8uery x1iyjqo2\" role=\"presentation\"><strong>Koolitus toimub:<\/strong><\/div>\n<\/div>\n<\/div>\n<\/div>\n<\/div>\n<\/div>\n<\/div>\n<p>25.03.2026<br \/>\nKell 13:00 &#8211; 14:00<br \/>\nT\u00e4he 110, Tartu &#8211; Hutton<\/p>\n<p><strong>Osalejatele tunnistused!<\/strong><\/p>\n<p><span style=\"color: #ff0000;\"><strong>NB!<\/strong><\/span> Kui soovid arvet ettev\u00f5ttele, siis lisa maksmisel \u00fchte lahtrisse ettev\u00f5tte nimi ja teise koolitusel osaleja nimi v\u00f5i kirjuta arve saamiseks <a href=\"mailto:karmel@hutton.ee\">karmel@hutton.ee<\/a> v\u00f5i helista <a href=\"tel:5096755\">+372 50 96 755<\/a><\/p>\n","protected":false},"featured_media":29974,"template":"","meta":{"_gspb_post_css":"","_uf_show_specific_survey":0,"_uf_disable_surveys":false},"product_brand":[],"product_cat":[938],"product_tag":[2876],"filtrisusteem":[],"kvaliteediklass":[2877],"class_list":{"0":"post-29973","1":"product","2":"type-product","3":"status-publish","4":"has-post-thumbnail","6":"product_cat-koolitused","7":"product_tag-ei_pusiklient","8":"kvaliteediklass-ei_","10":"first","11":"instock","12":"virtual","13":"taxable","14":"purchasable","15":"product-type-simple"},"yoast_head":"<!-- This site is optimized with the Yoast SEO Premium plugin v21.3 (Yoast SEO v27.3) - https:\/\/yoast.com\/product\/yoast-seo-premium-wordpress\/ -->\n<title>Penosil - PU-vahtude ohutu kasutamine - Tartu koolitus 25.03 - Hutton<\/title>\n<meta name=\"description\" content=\"Ehituskoolitus: Penosil ehitusvahud - Koolitus annab vahtudega t\u00f6\u00f6tlemise ohutuskaardi, mis on vajalik alates 2023. augustist.\" \/>\n<meta name=\"robots\" content=\"index, follow, max-snippet:-1, max-image-preview:large, max-video-preview:-1\" \/>\n<link rel=\"canonical\" href=\"https:\/\/hutton.ee\/toode\/penosil-pu-vahtude-ohutu-kasutamine-tartu-koolitus-25-03\/\" \/>\n<meta property=\"og:locale\" content=\"en_US\" \/>\n<meta property=\"og:type\" content=\"article\" \/>\n<meta property=\"og:title\" content=\"Penosil - PU-vahtude ohutu kasutamine - Tartu koolitus 25.03 - Hutton\" \/>\n<meta property=\"og:description\" content=\"Margus Laats koolitus: Energias\u00e4\u00e4stlik ehitamine. Ehitusf\u00fc\u00fcsika ja materjalitehnoloogiad. Ehitajatele, projekteerijatele, ehitusjuhtidele jt. Registreeri kohe &gt;\" \/>\n<meta property=\"og:url\" content=\"https:\/\/hutton.ee\/toode\/penosil-pu-vahtude-ohutu-kasutamine-tartu-koolitus-25-03\/\" \/>\n<meta property=\"og:site_name\" content=\"Hutton\" \/>\n<meta property=\"article:publisher\" content=\"https:\/\/www.facebook.com\/huttoneesti\" \/>\n<meta property=\"article:modified_time\" content=\"2026-03-30T09:09:38+00:00\" \/>\n<meta property=\"og:image\" content=\"https:\/\/hutton.ee\/wp-content\/uploads\/2026\/02\/PENOSIL-TARTU.png\" \/>\n\t<meta property=\"og:image:width\" content=\"1080\" \/>\n\t<meta property=\"og:image:height\" content=\"1080\" \/>\n\t<meta property=\"og:image:type\" content=\"image\/png\" \/>\n<meta name=\"twitter:card\" content=\"summary_large_image\" \/>\n<meta name=\"twitter:title\" content=\"Penosil - PU-vahtude ohutu kasutamine - Tartu koolitus 25.03 - Hutton\" \/>\n<meta name=\"twitter:description\" content=\"Margus Laats koolitus: Energias\u00e4\u00e4stlik ehitamine. Ehitusf\u00fc\u00fcsika ja materjalitehnoloogiad. Ehitajatele, projekteerijatele, ehitusjuhtidele jt. Registreeri kohe &gt;\" \/>\n<meta name=\"twitter:label1\" content=\"Est. reading time\" \/>\n\t<meta name=\"twitter:data1\" content=\"2 minutes\" \/>\n<script type=\"application\/ld+json\" class=\"yoast-schema-graph\">{\"@context\":\"https:\\\/\\\/schema.org\",\"@graph\":[{\"@type\":\"WebPage\",\"@id\":\"https:\\\/\\\/hutton.ee\\\/toode\\\/penosil-pu-vahtude-ohutu-kasutamine-tartu-koolitus-25-03\\\/\",\"url\":\"https:\\\/\\\/hutton.ee\\\/toode\\\/penosil-pu-vahtude-ohutu-kasutamine-tartu-koolitus-25-03\\\/\",\"name\":\"Penosil - PU-vahtude ohutu kasutamine - Tartu koolitus 25.03 - Hutton\",\"isPartOf\":{\"@id\":\"https:\\\/\\\/hutton.ee\\\/#website\"},\"primaryImageOfPage\":{\"@id\":\"https:\\\/\\\/hutton.ee\\\/toode\\\/penosil-pu-vahtude-ohutu-kasutamine-tartu-koolitus-25-03\\\/#primaryimage\"},\"image\":{\"@id\":\"https:\\\/\\\/hutton.ee\\\/toode\\\/penosil-pu-vahtude-ohutu-kasutamine-tartu-koolitus-25-03\\\/#primaryimage\"},\"thumbnailUrl\":\"https:\\\/\\\/hutton.ee\\\/wp-content\\\/uploads\\\/2026\\\/02\\\/PENOSIL-TARTU.png\",\"datePublished\":\"2026-02-16T10:16:00+00:00\",\"dateModified\":\"2026-03-30T09:09:38+00:00\",\"description\":\"Ehituskoolitus: Penosil ehitusvahud - Koolitus annab vahtudega t\u00f6\u00f6tlemise ohutuskaardi, mis on vajalik alates 2023. augustist.\",\"breadcrumb\":{\"@id\":\"https:\\\/\\\/hutton.ee\\\/toode\\\/penosil-pu-vahtude-ohutu-kasutamine-tartu-koolitus-25-03\\\/#breadcrumb\"},\"inLanguage\":\"en-US\",\"potentialAction\":[{\"@type\":\"ReadAction\",\"target\":[\"https:\\\/\\\/hutton.ee\\\/toode\\\/penosil-pu-vahtude-ohutu-kasutamine-tartu-koolitus-25-03\\\/\"]}]},{\"@type\":\"ImageObject\",\"inLanguage\":\"en-US\",\"@id\":\"https:\\\/\\\/hutton.ee\\\/toode\\\/penosil-pu-vahtude-ohutu-kasutamine-tartu-koolitus-25-03\\\/#primaryimage\",\"url\":\"https:\\\/\\\/hutton.ee\\\/wp-content\\\/uploads\\\/2026\\\/02\\\/PENOSIL-TARTU.png\",\"contentUrl\":\"https:\\\/\\\/hutton.ee\\\/wp-content\\\/uploads\\\/2026\\\/02\\\/PENOSIL-TARTU.png\",\"width\":1080,\"height\":1080},{\"@type\":\"BreadcrumbList\",\"@id\":\"https:\\\/\\\/hutton.ee\\\/toode\\\/penosil-pu-vahtude-ohutu-kasutamine-tartu-koolitus-25-03\\\/#breadcrumb\",\"itemListElement\":[{\"@type\":\"ListItem\",\"position\":1,\"name\":\"Avaleht\",\"item\":\"https:\\\/\\\/hutton.ee\\\/\"},{\"@type\":\"ListItem\",\"position\":2,\"name\":\"Shop\",\"item\":\"https:\\\/\\\/hutton.ee\\\/en\\\/shop\\\/\"},{\"@type\":\"ListItem\",\"position\":3,\"name\":\"Penosil &#8211; PU-vahtude ohutu kasutamine &#8211; Tartu koolitus 25.03\"}]},{\"@type\":\"WebSite\",\"@id\":\"https:\\\/\\\/hutton.ee\\\/#website\",\"url\":\"https:\\\/\\\/hutton.ee\\\/\",\"name\":\"Hutton\",\"description\":\"Ajas kestvad ehituslahendused\",\"publisher\":{\"@id\":\"https:\\\/\\\/hutton.ee\\\/#organization\"},\"potentialAction\":[{\"@type\":\"SearchAction\",\"target\":{\"@type\":\"EntryPoint\",\"urlTemplate\":\"https:\\\/\\\/hutton.ee\\\/?s={search_term_string}\"},\"query-input\":{\"@type\":\"PropertyValueSpecification\",\"valueRequired\":true,\"valueName\":\"search_term_string\"}}],\"inLanguage\":\"en-US\"},{\"@type\":\"Organization\",\"@id\":\"https:\\\/\\\/hutton.ee\\\/#organization\",\"name\":\"Hutton - KATUS | SEIN | FASSAAD\",\"url\":\"https:\\\/\\\/hutton.ee\\\/\",\"logo\":{\"@type\":\"ImageObject\",\"inLanguage\":\"en-US\",\"@id\":\"https:\\\/\\\/hutton.ee\\\/#\\\/schema\\\/logo\\\/image\\\/\",\"url\":\"https:\\\/\\\/hutton.ee\\\/wp-content\\\/uploads\\\/2020\\\/07\\\/hutton-logo_uuendatud-01.png\",\"contentUrl\":\"https:\\\/\\\/hutton.ee\\\/wp-content\\\/uploads\\\/2020\\\/07\\\/hutton-logo_uuendatud-01.png\",\"width\":1064,\"height\":455,\"caption\":\"Hutton - KATUS | SEIN | FASSAAD\"},\"image\":{\"@id\":\"https:\\\/\\\/hutton.ee\\\/#\\\/schema\\\/logo\\\/image\\\/\"},\"sameAs\":[\"https:\\\/\\\/www.facebook.com\\\/huttoneesti\"]}]}<\/script>\n<!-- \/ Yoast SEO Premium plugin. -->","yoast_head_json":{"title":"Penosil - PU-vahtude ohutu kasutamine - Tartu koolitus 25.03 - Hutton","description":"Ehituskoolitus: Penosil ehitusvahud - Koolitus annab vahtudega t\u00f6\u00f6tlemise ohutuskaardi, mis on vajalik alates 2023. augustist.","robots":{"index":"index","follow":"follow","max-snippet":"max-snippet:-1","max-image-preview":"max-image-preview:large","max-video-preview":"max-video-preview:-1"},"canonical":"https:\/\/hutton.ee\/toode\/penosil-pu-vahtude-ohutu-kasutamine-tartu-koolitus-25-03\/","og_locale":"en_US","og_type":"article","og_title":"Penosil - PU-vahtude ohutu kasutamine - Tartu koolitus 25.03 - Hutton","og_description":"Margus Laats koolitus: Energias\u00e4\u00e4stlik ehitamine. Ehitusf\u00fc\u00fcsika ja materjalitehnoloogiad. Ehitajatele, projekteerijatele, ehitusjuhtidele jt. Registreeri kohe >","og_url":"https:\/\/hutton.ee\/toode\/penosil-pu-vahtude-ohutu-kasutamine-tartu-koolitus-25-03\/","og_site_name":"Hutton","article_publisher":"https:\/\/www.facebook.com\/huttoneesti","article_modified_time":"2026-03-30T09:09:38+00:00","og_image":[{"width":1080,"height":1080,"url":"https:\/\/hutton.ee\/wp-content\/uploads\/2026\/02\/PENOSIL-TARTU.png","type":"image\/png"}],"twitter_card":"summary_large_image","twitter_title":"Penosil - PU-vahtude ohutu kasutamine - Tartu koolitus 25.03 - Hutton","twitter_description":"Margus Laats koolitus: Energias\u00e4\u00e4stlik ehitamine. Ehitusf\u00fc\u00fcsika ja materjalitehnoloogiad. Ehitajatele, projekteerijatele, ehitusjuhtidele jt. Registreeri kohe >","twitter_misc":{"Est. reading time":"2 minutes"},"schema":{"@context":"https:\/\/schema.org","@graph":[{"@type":"WebPage","@id":"https:\/\/hutton.ee\/toode\/penosil-pu-vahtude-ohutu-kasutamine-tartu-koolitus-25-03\/","url":"https:\/\/hutton.ee\/toode\/penosil-pu-vahtude-ohutu-kasutamine-tartu-koolitus-25-03\/","name":"Penosil - PU-vahtude ohutu kasutamine - Tartu koolitus 25.03 - Hutton","isPartOf":{"@id":"https:\/\/hutton.ee\/#website"},"primaryImageOfPage":{"@id":"https:\/\/hutton.ee\/toode\/penosil-pu-vahtude-ohutu-kasutamine-tartu-koolitus-25-03\/#primaryimage"},"image":{"@id":"https:\/\/hutton.ee\/toode\/penosil-pu-vahtude-ohutu-kasutamine-tartu-koolitus-25-03\/#primaryimage"},"thumbnailUrl":"https:\/\/hutton.ee\/wp-content\/uploads\/2026\/02\/PENOSIL-TARTU.png","datePublished":"2026-02-16T10:16:00+00:00","dateModified":"2026-03-30T09:09:38+00:00","description":"Ehituskoolitus: Penosil ehitusvahud - Koolitus annab vahtudega t\u00f6\u00f6tlemise ohutuskaardi, mis on vajalik alates 2023. augustist.","breadcrumb":{"@id":"https:\/\/hutton.ee\/toode\/penosil-pu-vahtude-ohutu-kasutamine-tartu-koolitus-25-03\/#breadcrumb"},"inLanguage":"en-US","potentialAction":[{"@type":"ReadAction","target":["https:\/\/hutton.ee\/toode\/penosil-pu-vahtude-ohutu-kasutamine-tartu-koolitus-25-03\/"]}]},{"@type":"ImageObject","inLanguage":"en-US","@id":"https:\/\/hutton.ee\/toode\/penosil-pu-vahtude-ohutu-kasutamine-tartu-koolitus-25-03\/#primaryimage","url":"https:\/\/hutton.ee\/wp-content\/uploads\/2026\/02\/PENOSIL-TARTU.png","contentUrl":"https:\/\/hutton.ee\/wp-content\/uploads\/2026\/02\/PENOSIL-TARTU.png","width":1080,"height":1080},{"@type":"BreadcrumbList","@id":"https:\/\/hutton.ee\/toode\/penosil-pu-vahtude-ohutu-kasutamine-tartu-koolitus-25-03\/#breadcrumb","itemListElement":[{"@type":"ListItem","position":1,"name":"Avaleht","item":"https:\/\/hutton.ee\/"},{"@type":"ListItem","position":2,"name":"Shop","item":"https:\/\/hutton.ee\/en\/shop\/"},{"@type":"ListItem","position":3,"name":"Penosil &#8211; PU-vahtude ohutu kasutamine &#8211; Tartu koolitus 25.03"}]},{"@type":"WebSite","@id":"https:\/\/hutton.ee\/#website","url":"https:\/\/hutton.ee\/","name":"Hutton","description":"Ajas kestvad ehituslahendused","publisher":{"@id":"https:\/\/hutton.ee\/#organization"},"potentialAction":[{"@type":"SearchAction","target":{"@type":"EntryPoint","urlTemplate":"https:\/\/hutton.ee\/?s={search_term_string}"},"query-input":{"@type":"PropertyValueSpecification","valueRequired":true,"valueName":"search_term_string"}}],"inLanguage":"en-US"},{"@type":"Organization","@id":"https:\/\/hutton.ee\/#organization","name":"Hutton - KATUS | SEIN | FASSAAD","url":"https:\/\/hutton.ee\/","logo":{"@type":"ImageObject","inLanguage":"en-US","@id":"https:\/\/hutton.ee\/#\/schema\/logo\/image\/","url":"https:\/\/hutton.ee\/wp-content\/uploads\/2020\/07\/hutton-logo_uuendatud-01.png","contentUrl":"https:\/\/hutton.ee\/wp-content\/uploads\/2020\/07\/hutton-logo_uuendatud-01.png","width":1064,"height":455,"caption":"Hutton - KATUS | SEIN | FASSAAD"},"image":{"@id":"https:\/\/hutton.ee\/#\/schema\/logo\/image\/"},"sameAs":["https:\/\/www.facebook.com\/huttoneesti"]}]}},"_links":{"self":[{"href":"https:\/\/hutton.ee\/en\/wp-json\/wp\/v2\/product\/29973","targetHints":{"allow":["GET"]}}],"collection":[{"href":"https:\/\/hutton.ee\/en\/wp-json\/wp\/v2\/product"}],"about":[{"href":"https:\/\/hutton.ee\/en\/wp-json\/wp\/v2\/types\/product"}],"wp:featuredmedia":[{"embeddable":true,"href":"https:\/\/hutton.ee\/en\/wp-json\/wp\/v2\/media\/29974"}],"wp:attachment":[{"href":"https:\/\/hutton.ee\/en\/wp-json\/wp\/v2\/media?parent=29973"}],"wp:term":[{"taxonomy":"product_brand","embeddable":true,"href":"https:\/\/hutton.ee\/en\/wp-json\/wp\/v2\/product_brand?post=29973"},{"taxonomy":"product_cat","embeddable":true,"href":"https:\/\/hutton.ee\/en\/wp-json\/wp\/v2\/product_cat?post=29973"},{"taxonomy":"product_tag","embeddable":true,"href":"https:\/\/hutton.ee\/en\/wp-json\/wp\/v2\/product_tag?post=29973"},{"taxonomy":"filtrisusteem","embeddable":true,"href":"https:\/\/hutton.ee\/en\/wp-json\/wp\/v2\/filtrisusteem?post=29973"},{"taxonomy":"kvaliteediklass","embeddable":true,"href":"https:\/\/hutton.ee\/en\/wp-json\/wp\/v2\/kvaliteediklass?post=29973"}],"curies":[{"name":"wp","href":"https:\/\/api.w.org\/{rel}","templated":true}]}}