{"id":29982,"date":"2026-02-17T09:26:29","date_gmt":"2026-02-17T09:26:29","guid":{"rendered":"https:\/\/hutton.ee\/?post_type=product&#038;p=29982"},"modified":"2026-02-17T09:27:27","modified_gmt":"2026-02-17T09:27:27","slug":"teip-tacoflex-in-100mm-25m","status":"publish","type":"product","link":"https:\/\/hutton.ee\/en\/toode\/teip-tacoflex-in-100mm-25m\/","title":{"rendered":"Teip TacoFlex IN 100mm\/25m"},"content":{"rendered":"<p data-start=\"48\" data-end=\"178\"><strong data-start=\"48\" data-end=\"66\">Tootekirjeldus<\/strong><br data-start=\"66\" data-end=\"69\" \/>Tugeva nakkega, k\u00f5ikide l\u00e4biviikude ja \u00fclekatete \u00f5hutihedaks liimimiseks.<\/p>\n<p data-start=\"180\" data-end=\"389\">T\u00e4nu painduvale kandematerjalile sobib ideaalselt l\u00e4biviikude tihendamiseks, n\u00e4iteks ventilatsioonitorud, kaablid, aknad v\u00f5i sarikad. Samuti v\u00e4ga hea valik katusekatete \u00fclekatete ja liitekohtade liimimiseks.<\/p>\n<p data-start=\"422\" data-end=\"436\"><strong data-start=\"422\" data-end=\"434\">Omadused<\/strong><\/p>\n<ul data-start=\"437\" data-end=\"878\">\n<li data-start=\"437\" data-end=\"489\">\n<p data-start=\"439\" data-end=\"489\">Sobib kasutamiseks nii sise- kui v\u00e4litingimustes<\/p>\n<\/li>\n<li data-start=\"490\" data-end=\"553\">\n<p data-start=\"492\" data-end=\"553\">Maksimaalne liimkihi paksus, \u00fchelt poolt tugeva nakkuvusega<\/p>\n<\/li>\n<li data-start=\"554\" data-end=\"592\">\n<p data-start=\"556\" data-end=\"592\">Niidiv\u00f5rk kaitseb \u00fclevenimise eest<\/p>\n<\/li>\n<li data-start=\"593\" data-end=\"641\">\n<p data-start=\"595\" data-end=\"641\">Paindlik kandematerjal talub ehitusliikumisi<\/p>\n<\/li>\n<li data-start=\"642\" data-end=\"661\">\n<p data-start=\"644\" data-end=\"661\">Vananemiskindel<\/p>\n<\/li>\n<li data-start=\"662\" data-end=\"687\">\n<p data-start=\"664\" data-end=\"687\">Kondensatsioonikindel<\/p>\n<\/li>\n<li data-start=\"688\" data-end=\"729\">\n<p data-start=\"690\" data-end=\"729\">Paigaldustemperatuur: -10 kuni +30 \u00b0C<\/p>\n<\/li>\n<li data-start=\"730\" data-end=\"756\">\n<p data-start=\"732\" data-end=\"756\">Tulek\u00e4itumine: klass E<\/p>\n<\/li>\n<li data-start=\"757\" data-end=\"831\">\n<p data-start=\"759\" data-end=\"831\">\u00d5hutihe liimimine vastavalt GEG, DIN 4108-7, DIN 4108-11, \u00d6NORM B 2340<\/p>\n<\/li>\n<\/ul>\n<p><strong>Loe l\u00e4hemalt:<\/strong><\/p>\n<p><a href=\"https:\/\/hutton.ee\/mis-on-ehitusteip\/\">Mis on ehitusteip?<\/a><\/p>\n<p><strong>Vajadusel k\u00fcsi n\u00f5u:<br \/>\n<\/strong><\/p>\n<p><strong>Regina<\/strong> <a href=\"tel:5076742\">+372 507 6742<\/a> | <a href=\"mailto:regina@hutton.ee\">regina@hutton.ee<\/a><br \/>\n<strong>Neeme<\/strong> <a href=\"tel:5098168\">+372 509 8168<\/a> | <a href=\"mailto:neeme@hutton.ee\">neeme@hutton.ee<\/a><\/p>\n","protected":false},"excerpt":{"rendered":"<p><span style=\"text-decoration: underline;\"><span style=\"color: #ff0000; font-size: 12pt; text-decoration: underline;\"><strong><a style=\"color: #ff0000; text-decoration: underline;\" href=\"https:\/\/hutton.ee\/minu-konto\/\" target=\"_blank\" rel=\"noopener\">Registreeru p\u00fcsikliendiks<\/a>!<\/strong><\/span><\/span><\/p>\n","protected":false},"featured_media":29962,"template":"","meta":{"_gspb_post_css":"","_uf_show_specific_survey":0,"_uf_disable_surveys":false},"product_brand":[],"product_cat":[954,955],"product_tag":[2900],"filtrisusteem":[2487,2355,2474,2341,2479,2495,2404,2477,2476,2351,2378],"kvaliteediklass":[933],"class_list":{"0":"post-29982","1":"product","2":"type-product","3":"status-publish","4":"has-post-thumbnail","6":"product_cat-ehitusteibid","7":"product_cat-aurutokke-teibid","8":"product_tag-8tk","9":"filtrisusteem-200-2","10":"filtrisusteem-8-nadalat","11":"filtrisusteem-a","12":"filtrisusteem-kvaliteediklass","13":"filtrisusteem-laius-mm","14":"filtrisusteem-roheline","15":"filtrisusteem-sd-m","16":"filtrisusteem-siseteip","17":"filtrisusteem-sisse-voi-valja","18":"filtrisusteem-uv-kindlus","19":"filtrisusteem-varvus","20":"kvaliteediklass-a3-korgeim-kvaliteet","22":"first","23":"instock","24":"taxable","25":"shipping-taxable","26":"purchasable","27":"product-type-simple"},"yoast_head":"<!-- This site is optimized with the Yoast SEO Premium plugin v21.3 (Yoast SEO v27.3) - https:\/\/yoast.com\/product\/yoast-seo-premium-wordpress\/ -->\n<title>Teip TacoFlex IN 100mm\/25m - Hutton<\/title>\n<meta name=\"description\" content=\"Teip Airstop Elasto 100mm\/25m. K\u00f5rgkvaliteetne siseteip, lubatud kasutada v\u00e4ljas. Aurut\u00f5kke, katuse aluskatte ja tuulet\u00f5kke tihendamiseks.\" \/>\n<meta name=\"robots\" content=\"index, follow, max-snippet:-1, max-image-preview:large, max-video-preview:-1\" \/>\n<link rel=\"canonical\" href=\"https:\/\/hutton.ee\/toode\/teip-tacoflex-in-100mm-25m\/\" \/>\n<meta property=\"og:locale\" content=\"en_US\" \/>\n<meta property=\"og:type\" content=\"article\" \/>\n<meta property=\"og:title\" content=\"Teip TacoFlex IN 100mm\/25m - Hutton\" \/>\n<meta property=\"og:description\" content=\"Teip Airstop Elasto 200mm\/25m. K\u00f5rgkvaliteetne siseteip, lubatud kasutada v\u00e4ljas, UV kindlus 8 n\u00e4dalat. Aurut\u00f5kke, katuse aluskatte ja tuulet\u00f5kke tihendamiseks.\" \/>\n<meta property=\"og:url\" content=\"https:\/\/hutton.ee\/toode\/teip-tacoflex-in-100mm-25m\/\" \/>\n<meta property=\"og:site_name\" content=\"Hutton\" \/>\n<meta property=\"article:publisher\" content=\"https:\/\/www.facebook.com\/huttoneesti\" \/>\n<meta property=\"article:modified_time\" content=\"2026-02-17T09:27:27+00:00\" \/>\n<meta property=\"og:image\" content=\"https:\/\/hutton.ee\/wp-content\/uploads\/2026\/02\/tacoflex-200.png\" \/>\n\t<meta property=\"og:image:width\" content=\"1000\" \/>\n\t<meta property=\"og:image:height\" content=\"1000\" \/>\n\t<meta property=\"og:image:type\" content=\"image\/png\" \/>\n<meta name=\"twitter:card\" content=\"summary_large_image\" \/>\n<meta name=\"twitter:title\" content=\"Teip TacoFlex IN 100mm\/25m - Hutton\" \/>\n<meta name=\"twitter:description\" content=\"Teip Airstop Elasto 200mm\/25m. K\u00f5rgkvaliteetne siseteip, lubatud kasutada v\u00e4ljas, UV kindlus 8 n\u00e4dalat. Aurut\u00f5kke, katuse aluskatte ja tuulet\u00f5kke tihendamiseks.\" \/>\n<meta name=\"twitter:label1\" content=\"Est. reading time\" \/>\n\t<meta name=\"twitter:data1\" content=\"1 minute\" \/>\n<script type=\"application\/ld+json\" class=\"yoast-schema-graph\">{\"@context\":\"https:\\\/\\\/schema.org\",\"@graph\":[{\"@type\":\"WebPage\",\"@id\":\"https:\\\/\\\/hutton.ee\\\/toode\\\/teip-tacoflex-in-100mm-25m\\\/\",\"url\":\"https:\\\/\\\/hutton.ee\\\/toode\\\/teip-tacoflex-in-100mm-25m\\\/\",\"name\":\"Teip TacoFlex IN 100mm\\\/25m - Hutton\",\"isPartOf\":{\"@id\":\"https:\\\/\\\/hutton.ee\\\/#website\"},\"primaryImageOfPage\":{\"@id\":\"https:\\\/\\\/hutton.ee\\\/toode\\\/teip-tacoflex-in-100mm-25m\\\/#primaryimage\"},\"image\":{\"@id\":\"https:\\\/\\\/hutton.ee\\\/toode\\\/teip-tacoflex-in-100mm-25m\\\/#primaryimage\"},\"thumbnailUrl\":\"https:\\\/\\\/hutton.ee\\\/wp-content\\\/uploads\\\/2026\\\/02\\\/tacoflex-200.png\",\"datePublished\":\"2026-02-17T09:26:29+00:00\",\"dateModified\":\"2026-02-17T09:27:27+00:00\",\"description\":\"Teip Airstop Elasto 100mm\\\/25m. K\u00f5rgkvaliteetne siseteip, lubatud kasutada v\u00e4ljas. Aurut\u00f5kke, katuse aluskatte ja tuulet\u00f5kke tihendamiseks.\",\"breadcrumb\":{\"@id\":\"https:\\\/\\\/hutton.ee\\\/toode\\\/teip-tacoflex-in-100mm-25m\\\/#breadcrumb\"},\"inLanguage\":\"en-US\",\"potentialAction\":[{\"@type\":\"ReadAction\",\"target\":[\"https:\\\/\\\/hutton.ee\\\/toode\\\/teip-tacoflex-in-100mm-25m\\\/\"]}]},{\"@type\":\"ImageObject\",\"inLanguage\":\"en-US\",\"@id\":\"https:\\\/\\\/hutton.ee\\\/toode\\\/teip-tacoflex-in-100mm-25m\\\/#primaryimage\",\"url\":\"https:\\\/\\\/hutton.ee\\\/wp-content\\\/uploads\\\/2026\\\/02\\\/tacoflex-200.png\",\"contentUrl\":\"https:\\\/\\\/hutton.ee\\\/wp-content\\\/uploads\\\/2026\\\/02\\\/tacoflex-200.png\",\"width\":1000,\"height\":1000},{\"@type\":\"BreadcrumbList\",\"@id\":\"https:\\\/\\\/hutton.ee\\\/toode\\\/teip-tacoflex-in-100mm-25m\\\/#breadcrumb\",\"itemListElement\":[{\"@type\":\"ListItem\",\"position\":1,\"name\":\"Avaleht\",\"item\":\"https:\\\/\\\/hutton.ee\\\/\"},{\"@type\":\"ListItem\",\"position\":2,\"name\":\"Shop\",\"item\":\"https:\\\/\\\/hutton.ee\\\/en\\\/shop\\\/\"},{\"@type\":\"ListItem\",\"position\":3,\"name\":\"Teip TacoFlex IN 100mm\\\/25m\"}]},{\"@type\":\"WebSite\",\"@id\":\"https:\\\/\\\/hutton.ee\\\/#website\",\"url\":\"https:\\\/\\\/hutton.ee\\\/\",\"name\":\"Hutton\",\"description\":\"Ajas kestvad ehituslahendused\",\"publisher\":{\"@id\":\"https:\\\/\\\/hutton.ee\\\/#organization\"},\"potentialAction\":[{\"@type\":\"SearchAction\",\"target\":{\"@type\":\"EntryPoint\",\"urlTemplate\":\"https:\\\/\\\/hutton.ee\\\/?s={search_term_string}\"},\"query-input\":{\"@type\":\"PropertyValueSpecification\",\"valueRequired\":true,\"valueName\":\"search_term_string\"}}],\"inLanguage\":\"en-US\"},{\"@type\":\"Organization\",\"@id\":\"https:\\\/\\\/hutton.ee\\\/#organization\",\"name\":\"Hutton - KATUS | SEIN | FASSAAD\",\"url\":\"https:\\\/\\\/hutton.ee\\\/\",\"logo\":{\"@type\":\"ImageObject\",\"inLanguage\":\"en-US\",\"@id\":\"https:\\\/\\\/hutton.ee\\\/#\\\/schema\\\/logo\\\/image\\\/\",\"url\":\"https:\\\/\\\/hutton.ee\\\/wp-content\\\/uploads\\\/2020\\\/07\\\/hutton-logo_uuendatud-01.png\",\"contentUrl\":\"https:\\\/\\\/hutton.ee\\\/wp-content\\\/uploads\\\/2020\\\/07\\\/hutton-logo_uuendatud-01.png\",\"width\":1064,\"height\":455,\"caption\":\"Hutton - KATUS | SEIN | FASSAAD\"},\"image\":{\"@id\":\"https:\\\/\\\/hutton.ee\\\/#\\\/schema\\\/logo\\\/image\\\/\"},\"sameAs\":[\"https:\\\/\\\/www.facebook.com\\\/huttoneesti\"]}]}<\/script>\n<!-- \/ Yoast SEO Premium plugin. -->","yoast_head_json":{"title":"Teip TacoFlex IN 100mm\/25m - Hutton","description":"Teip Airstop Elasto 100mm\/25m. K\u00f5rgkvaliteetne siseteip, lubatud kasutada v\u00e4ljas. Aurut\u00f5kke, katuse aluskatte ja tuulet\u00f5kke tihendamiseks.","robots":{"index":"index","follow":"follow","max-snippet":"max-snippet:-1","max-image-preview":"max-image-preview:large","max-video-preview":"max-video-preview:-1"},"canonical":"https:\/\/hutton.ee\/toode\/teip-tacoflex-in-100mm-25m\/","og_locale":"en_US","og_type":"article","og_title":"Teip TacoFlex IN 100mm\/25m - Hutton","og_description":"Teip Airstop Elasto 200mm\/25m. K\u00f5rgkvaliteetne siseteip, lubatud kasutada v\u00e4ljas, UV kindlus 8 n\u00e4dalat. Aurut\u00f5kke, katuse aluskatte ja tuulet\u00f5kke tihendamiseks.","og_url":"https:\/\/hutton.ee\/toode\/teip-tacoflex-in-100mm-25m\/","og_site_name":"Hutton","article_publisher":"https:\/\/www.facebook.com\/huttoneesti","article_modified_time":"2026-02-17T09:27:27+00:00","og_image":[{"width":1000,"height":1000,"url":"https:\/\/hutton.ee\/wp-content\/uploads\/2026\/02\/tacoflex-200.png","type":"image\/png"}],"twitter_card":"summary_large_image","twitter_title":"Teip TacoFlex IN 100mm\/25m - Hutton","twitter_description":"Teip Airstop Elasto 200mm\/25m. K\u00f5rgkvaliteetne siseteip, lubatud kasutada v\u00e4ljas, UV kindlus 8 n\u00e4dalat. Aurut\u00f5kke, katuse aluskatte ja tuulet\u00f5kke tihendamiseks.","twitter_misc":{"Est. reading time":"1 minute"},"schema":{"@context":"https:\/\/schema.org","@graph":[{"@type":"WebPage","@id":"https:\/\/hutton.ee\/toode\/teip-tacoflex-in-100mm-25m\/","url":"https:\/\/hutton.ee\/toode\/teip-tacoflex-in-100mm-25m\/","name":"Teip TacoFlex IN 100mm\/25m - Hutton","isPartOf":{"@id":"https:\/\/hutton.ee\/#website"},"primaryImageOfPage":{"@id":"https:\/\/hutton.ee\/toode\/teip-tacoflex-in-100mm-25m\/#primaryimage"},"image":{"@id":"https:\/\/hutton.ee\/toode\/teip-tacoflex-in-100mm-25m\/#primaryimage"},"thumbnailUrl":"https:\/\/hutton.ee\/wp-content\/uploads\/2026\/02\/tacoflex-200.png","datePublished":"2026-02-17T09:26:29+00:00","dateModified":"2026-02-17T09:27:27+00:00","description":"Teip Airstop Elasto 100mm\/25m. K\u00f5rgkvaliteetne siseteip, lubatud kasutada v\u00e4ljas. Aurut\u00f5kke, katuse aluskatte ja tuulet\u00f5kke tihendamiseks.","breadcrumb":{"@id":"https:\/\/hutton.ee\/toode\/teip-tacoflex-in-100mm-25m\/#breadcrumb"},"inLanguage":"en-US","potentialAction":[{"@type":"ReadAction","target":["https:\/\/hutton.ee\/toode\/teip-tacoflex-in-100mm-25m\/"]}]},{"@type":"ImageObject","inLanguage":"en-US","@id":"https:\/\/hutton.ee\/toode\/teip-tacoflex-in-100mm-25m\/#primaryimage","url":"https:\/\/hutton.ee\/wp-content\/uploads\/2026\/02\/tacoflex-200.png","contentUrl":"https:\/\/hutton.ee\/wp-content\/uploads\/2026\/02\/tacoflex-200.png","width":1000,"height":1000},{"@type":"BreadcrumbList","@id":"https:\/\/hutton.ee\/toode\/teip-tacoflex-in-100mm-25m\/#breadcrumb","itemListElement":[{"@type":"ListItem","position":1,"name":"Avaleht","item":"https:\/\/hutton.ee\/"},{"@type":"ListItem","position":2,"name":"Shop","item":"https:\/\/hutton.ee\/en\/shop\/"},{"@type":"ListItem","position":3,"name":"Teip TacoFlex IN 100mm\/25m"}]},{"@type":"WebSite","@id":"https:\/\/hutton.ee\/#website","url":"https:\/\/hutton.ee\/","name":"Hutton","description":"Ajas kestvad ehituslahendused","publisher":{"@id":"https:\/\/hutton.ee\/#organization"},"potentialAction":[{"@type":"SearchAction","target":{"@type":"EntryPoint","urlTemplate":"https:\/\/hutton.ee\/?s={search_term_string}"},"query-input":{"@type":"PropertyValueSpecification","valueRequired":true,"valueName":"search_term_string"}}],"inLanguage":"en-US"},{"@type":"Organization","@id":"https:\/\/hutton.ee\/#organization","name":"Hutton - KATUS | SEIN | FASSAAD","url":"https:\/\/hutton.ee\/","logo":{"@type":"ImageObject","inLanguage":"en-US","@id":"https:\/\/hutton.ee\/#\/schema\/logo\/image\/","url":"https:\/\/hutton.ee\/wp-content\/uploads\/2020\/07\/hutton-logo_uuendatud-01.png","contentUrl":"https:\/\/hutton.ee\/wp-content\/uploads\/2020\/07\/hutton-logo_uuendatud-01.png","width":1064,"height":455,"caption":"Hutton - KATUS | SEIN | FASSAAD"},"image":{"@id":"https:\/\/hutton.ee\/#\/schema\/logo\/image\/"},"sameAs":["https:\/\/www.facebook.com\/huttoneesti"]}]}},"_links":{"self":[{"href":"https:\/\/hutton.ee\/en\/wp-json\/wp\/v2\/product\/29982","targetHints":{"allow":["GET"]}}],"collection":[{"href":"https:\/\/hutton.ee\/en\/wp-json\/wp\/v2\/product"}],"about":[{"href":"https:\/\/hutton.ee\/en\/wp-json\/wp\/v2\/types\/product"}],"wp:featuredmedia":[{"embeddable":true,"href":"https:\/\/hutton.ee\/en\/wp-json\/wp\/v2\/media\/29962"}],"wp:attachment":[{"href":"https:\/\/hutton.ee\/en\/wp-json\/wp\/v2\/media?parent=29982"}],"wp:term":[{"taxonomy":"product_brand","embeddable":true,"href":"https:\/\/hutton.ee\/en\/wp-json\/wp\/v2\/product_brand?post=29982"},{"taxonomy":"product_cat","embeddable":true,"href":"https:\/\/hutton.ee\/en\/wp-json\/wp\/v2\/product_cat?post=29982"},{"taxonomy":"product_tag","embeddable":true,"href":"https:\/\/hutton.ee\/en\/wp-json\/wp\/v2\/product_tag?post=29982"},{"taxonomy":"filtrisusteem","embeddable":true,"href":"https:\/\/hutton.ee\/en\/wp-json\/wp\/v2\/filtrisusteem?post=29982"},{"taxonomy":"kvaliteediklass","embeddable":true,"href":"https:\/\/hutton.ee\/en\/wp-json\/wp\/v2\/kvaliteediklass?post=29982"}],"curies":[{"name":"wp","href":"https:\/\/api.w.org\/{rel}","templated":true}]}}