{"id":30014,"date":"2026-03-02T13:15:34","date_gmt":"2026-03-02T13:15:34","guid":{"rendered":"https:\/\/hutton.ee\/?post_type=product&#038;p=30014"},"modified":"2026-05-06T10:25:37","modified_gmt":"2026-05-06T10:25:37","slug":"uus-standard-evs-920-7-aluskatused-tallinn-koolitus-28-04","status":"publish","type":"product","link":"https:\/\/hutton.ee\/en\/toode\/uus-standard-evs-920-7-aluskatused-tallinn-koolitus-28-04\/","title":{"rendered":"Uus standard EVS 920-7 &#8211; Aluskatused &#8211; Tallinn koolitus 28.04"},"content":{"rendered":"<p><strong>Koolituse teemad:<\/strong><\/p>\n<p><b>1. EVS 920-7 K\u00c4SITLUSALA<\/b><\/p>\n<p><b>2. ALUSKATUSE TERMINID<\/b><\/p>\n<p><b>3. ALUSKATUSE KAVANDAMINE<\/b><\/p>\n<ul>\n<li><span style=\"font-weight: 400;\">Aluskatusele m\u00f5juvad koormused<\/span><\/li>\n<li><span style=\"font-weight: 400;\">Aluskatuse funktsionaalsuse anal\u00fc\u00fcs<\/span><\/li>\n<li><span style=\"font-weight: 400;\">Aluskatusega seotud k\u00f5rgendatud n\u00f5uded<\/span><\/li>\n<li><span style=\"font-weight: 400;\">Veepidavus ja lisakaitse meetmed<\/span><\/li>\n<li><span style=\"font-weight: 400;\">V\u00e4het\u00e4htsad lekked<\/span><\/li>\n<li><span style=\"font-weight: 400;\">Aluskatuse t\u00fc\u00fcbid<\/span>\n<ul>\n<li><span style=\"font-weight: 400;\">Tavatingimuste aluskatus\u00a0<\/span><\/li>\n<li><span style=\"font-weight: 400;\">Vihmakindel aluskatus<\/span><\/li>\n<li><span style=\"font-weight: 400;\">Suurendatud vihmakindlusega aluskatus<\/span><\/li>\n<li><span style=\"font-weight: 400;\">Veekindel aluskatus<\/span><\/li>\n<\/ul>\n<\/li>\n<li><span style=\"font-weight: 400;\">Tuulekindlus<\/span><\/li>\n<li><span style=\"font-weight: 400;\">Difusioonitakistus<\/span><\/li>\n<li><span style=\"font-weight: 400;\">Tuulutus (\u00f5hutus)\u00a0<\/span>\n<ul>\n<li><span style=\"font-weight: 400;\">Niiskuse allikad<\/span><\/li>\n<li><span style=\"font-weight: 400;\">Tuulutus (\u00f5hutus) liikumapanevad j\u00f5ud ja potentsiaal<\/span><\/li>\n<li><span style=\"font-weight: 400;\">Tuulduvust m\u00f5jutavad asjaolud<\/span><\/li>\n<li><span style=\"font-weight: 400;\">Katusetarindite jagunemise tuulduvuse j\u00e4rgi<\/span><\/li>\n<li><span style=\"font-weight: 400;\">Katusetarindite (enamlevinud) tuulduvuse t\u00fc\u00fcbid<\/span><\/li>\n<li><span style=\"font-weight: 400;\">Tuulutusroov<\/span><\/li>\n<li><span style=\"font-weight: 400;\">Tuulutusroovi minimaalne k\u00f5rgus<\/span><\/li>\n<li><span style=\"font-weight: 400;\">Tuulutusroovi ristl\u00f5ike lubatud v\u00e4hendamine<\/span><\/li>\n<li><span style=\"font-weight: 400;\">R\u00e4\u00e4sta- ja harjatuulutus, \u00f5hu sisse- ja v\u00e4ljapuhkeavad<\/span><\/li>\n<li><span style=\"font-weight: 400;\">Risttuulduvad katused<\/span><\/li>\n<li><span style=\"font-weight: 400;\">Tuulutus (\u00f5hutus) parandavad lisameetmed<\/span><\/li>\n<\/ul>\n<\/li>\n<li><span style=\"font-weight: 400;\">Aluskatuseid l\u00e4bivad ehitise osad<\/span><\/li>\n<\/ul>\n<p><b>4. ALUSKATUSE EHITAMINE<\/b><\/p>\n<ul>\n<li><span style=\"font-weight: 400;\">Aluskatuste ehitamise \u00fcldp\u00f5him\u00f5tted<\/span><\/li>\n<li><span style=\"font-weight: 400;\">Veekindlad aluskatused<\/span><\/li>\n<li><span style=\"font-weight: 400;\">Vihmakindlad aluskatused<\/span><\/li>\n<li><span style=\"font-weight: 400;\">Aluskatused ja soojustustatud katuslaed<\/span><\/li>\n<li><span style=\"font-weight: 400;\">Aluskatete paigaldamine<\/span>\n<ul>\n<li><span style=\"font-weight: 400;\">Aluskatte paigaldamise \u00fcldp\u00f5him\u00f5tted<\/span><\/li>\n<li><span style=\"font-weight: 400;\">Aluskatte k\u00f5rgdifuussete rullmaterjaldie paigaldamine<\/span><\/li>\n<li><span style=\"font-weight: 400;\">Aluskatte madaldifuussete kilede paigaldamine<\/span><\/li>\n<\/ul>\n<\/li>\n<li><span style=\"font-weight: 400;\">Aluskatuse tuulutuss\u00fcsteemi avade kaitsmine<\/span><\/li>\n<li><span style=\"font-weight: 400;\">Naelutusaukude tihendamine<\/span><\/li>\n<\/ul>\n<p><b>5. ALUSKATUSE MATERJALID<\/b><\/p>\n<ul>\n<li><span style=\"font-weight: 400;\">Aluskatte materjalid<\/span><\/li>\n<li><span style=\"font-weight: 400;\">Tuulutusroovi materjalid<\/span><\/li>\n<li><span style=\"font-weight: 400;\">Naelutustihend<\/span><\/li>\n<li><span style=\"font-weight: 400;\">Tihendusteibid ja -liimid<\/span><\/li>\n<li><span style=\"font-weight: 400;\">Aluskatuse materjalide kinnitusvahendid<\/span><\/li>\n<li><span style=\"font-weight: 400;\">R\u00e4\u00e4sta, harja ja lisatuulutuse tooted ja materjalid<\/span>\n<ul>\n<li><span style=\"font-weight: 400;\">R\u00e4\u00e4staehituse tooted ja materjalid<\/span><\/li>\n<li><span style=\"font-weight: 400;\">Harja ehituse tooted ja materjalid<\/span><\/li>\n<\/ul>\n<\/li>\n<li><span style=\"font-weight: 400;\">Lisatuulutuse tooted ja materjalid<\/span><\/li>\n<\/ul>\n<p><strong>Kellele on koolitus suunatud:<br \/>\n<\/strong>Ehitajatele, projekteerijatele, arhitektidele, ehitusjuhtidele, ehitusej\u00e4relevalve inseneridele ja k\u00f5igile neile, kellele antud teema huvi pakub.<\/p>\n<p><strong>Registreerimine:<br \/>\n<\/strong>Valige endale sobiv koolituse aeg ja koht <a href=\"https:\/\/hutton.ee\/koolitused\/\">https:\/\/hutton.ee\/koolitused\/<\/a> ning registreeruge e-poe kaudu. <strong>Kohtade arv on piiratud!<\/strong><\/p>\n<p>Osalejatele tunnistused!<\/p>\n<p class=\"moz-signature\">&#8212;<\/p>\n<p>Koolitaja:<br \/>\nMargus Laats<br \/>\n<a href=\"tel:5011324\">+372 50 11 324<\/a><br \/>\n<a href=\"mailto:margus.laats@hutton.ee\">margus.laats@hutton.ee<\/a><\/p>\n","protected":false},"excerpt":{"rendered":"<p>Ehituskoolitus keskendub sel kevadel kehtima hakkavale uuele standardile EVS 920-7 ning selle rakendamisele praktikas; koolitus k\u00e4sitleb standardi k\u00e4sitlusala ja p\u00f5him\u00f5tteid, aluskatusega seotud termineid, aluskatuse kavandamist (sh koormused, niiskus- ja tuulutuslahendused), aluskatuse ehitamist ning paigaldusn\u00f5udeid ja l\u00f5puks aluskatuse materjale ja nende korrektset kasutamist, et tagada n\u00f5uetele vastav, vastupidav ja toimiv katusekonstruktsioon.<\/p>\n<p>Koolitus ei anna ainepunkte!<\/p>\n<p><strong>Koolitus toimub:<br \/>\n<\/strong>28.04.2026<br \/>\nSuur-S\u00f5jam\u00e4e tn 10a, Tallinn \u2013 Eesti Ettev\u00f5tlusk\u00f5rgkool Mainor<br \/>\nKell 13:00-16:00<\/p>\n<p><strong>Osalejatele tunnistused!<\/strong><\/p>\n<p><span style=\"color: #ff0000;\"><strong>NB!<\/strong><\/span> Kui soovid arvet ettev\u00f5ttele, siis lisa maksmisel \u00fchte lahtrisse ettev\u00f5tte nimi ja teise koolitusel osaleja nimi v\u00f5i kirjuta arve saamiseks <a href=\"mailto:karmel@hutton.ee\">karmel@hutton.ee<\/a> v\u00f5i helista <a href=\"tel:5096755\">+372 50 96 755<\/a><\/p>\n","protected":false},"featured_media":30015,"template":"","meta":{"_gspb_post_css":"","_uf_show_specific_survey":0,"_uf_disable_surveys":false},"product_brand":[],"product_cat":[938],"product_tag":[2876],"filtrisusteem":[],"kvaliteediklass":[],"class_list":{"0":"post-30014","1":"product","2":"type-product","3":"status-publish","4":"has-post-thumbnail","6":"product_cat-koolitused","7":"product_tag-ei_pusiklient","9":"first","10":"outofstock","11":"virtual","12":"taxable","13":"purchasable","14":"product-type-simple"},"yoast_head":"<!-- This site is optimized with the Yoast SEO Premium plugin v21.3 (Yoast SEO v27.5) - https:\/\/yoast.com\/product\/yoast-seo-premium-wordpress\/ -->\n<title>Uus standard EVS 920-7 - Aluskatused - Tallinn koolitus 28.04 - Hutton<\/title>\n<meta name=\"description\" content=\"Margus Laats koolitus: &quot;Uus standard EVS 920-7 - Aluskatused&quot; Koolitus on suunatud: Ehitajatele, projekteerijatele, ehitusjuhtidele, j\u00e4relevalvetele jpt.\" \/>\n<meta name=\"robots\" content=\"index, follow, max-snippet:-1, max-image-preview:large, max-video-preview:-1\" \/>\n<link rel=\"canonical\" href=\"https:\/\/hutton.ee\/toode\/uus-standard-evs-920-7-aluskatused-tallinn-koolitus-28-04\/\" \/>\n<meta property=\"og:locale\" content=\"en_US\" \/>\n<meta property=\"og:type\" content=\"article\" \/>\n<meta property=\"og:title\" content=\"Uus standard EVS 920-7 - Aluskatused - Tallinn koolitus 28.04\" \/>\n<meta property=\"og:description\" content=\"Margus Laats koolitus: &quot;Uus standard EVS 920-7 - Aluskatused&quot; Koolitus on suunatud: Ehitajatele, projekteerijatele, ehitusjuhtidele, j\u00e4relevalvetele jpt.\" \/>\n<meta property=\"og:url\" content=\"https:\/\/hutton.ee\/toode\/uus-standard-evs-920-7-aluskatused-tallinn-koolitus-28-04\/\" \/>\n<meta property=\"og:site_name\" content=\"Hutton\" \/>\n<meta property=\"article:publisher\" content=\"https:\/\/www.facebook.com\/huttoneesti\" \/>\n<meta property=\"article:modified_time\" content=\"2026-05-06T10:25:37+00:00\" \/>\n<meta property=\"og:image\" content=\"https:\/\/hutton.ee\/wp-content\/uploads\/2026\/03\/ALUSKATUSED-STANDARD-1.png\" \/>\n\t<meta property=\"og:image:width\" content=\"1080\" \/>\n\t<meta property=\"og:image:height\" content=\"1080\" \/>\n\t<meta property=\"og:image:type\" content=\"image\/png\" \/>\n<meta name=\"twitter:card\" content=\"summary_large_image\" \/>\n<meta name=\"twitter:label1\" content=\"Est. reading time\" \/>\n\t<meta name=\"twitter:data1\" content=\"2 minutes\" \/>\n<script type=\"application\/ld+json\" class=\"yoast-schema-graph\">{\"@context\":\"https:\\\/\\\/schema.org\",\"@graph\":[{\"@type\":\"WebPage\",\"@id\":\"https:\\\/\\\/hutton.ee\\\/toode\\\/uus-standard-evs-920-7-aluskatused-tallinn-koolitus-28-04\\\/\",\"url\":\"https:\\\/\\\/hutton.ee\\\/toode\\\/uus-standard-evs-920-7-aluskatused-tallinn-koolitus-28-04\\\/\",\"name\":\"Uus standard EVS 920-7 - Aluskatused - Tallinn koolitus 28.04 - Hutton\",\"isPartOf\":{\"@id\":\"https:\\\/\\\/hutton.ee\\\/#website\"},\"primaryImageOfPage\":{\"@id\":\"https:\\\/\\\/hutton.ee\\\/toode\\\/uus-standard-evs-920-7-aluskatused-tallinn-koolitus-28-04\\\/#primaryimage\"},\"image\":{\"@id\":\"https:\\\/\\\/hutton.ee\\\/toode\\\/uus-standard-evs-920-7-aluskatused-tallinn-koolitus-28-04\\\/#primaryimage\"},\"thumbnailUrl\":\"https:\\\/\\\/hutton.ee\\\/wp-content\\\/uploads\\\/2026\\\/03\\\/ALUSKATUSED-STANDARD-1.png\",\"datePublished\":\"2026-03-02T13:15:34+00:00\",\"dateModified\":\"2026-05-06T10:25:37+00:00\",\"description\":\"Margus Laats koolitus: \\\"Uus standard EVS 920-7 - Aluskatused\\\" Koolitus on suunatud: Ehitajatele, projekteerijatele, ehitusjuhtidele, j\u00e4relevalvetele jpt.\",\"breadcrumb\":{\"@id\":\"https:\\\/\\\/hutton.ee\\\/toode\\\/uus-standard-evs-920-7-aluskatused-tallinn-koolitus-28-04\\\/#breadcrumb\"},\"inLanguage\":\"en-US\",\"potentialAction\":[{\"@type\":\"ReadAction\",\"target\":[\"https:\\\/\\\/hutton.ee\\\/toode\\\/uus-standard-evs-920-7-aluskatused-tallinn-koolitus-28-04\\\/\"]}]},{\"@type\":\"ImageObject\",\"inLanguage\":\"en-US\",\"@id\":\"https:\\\/\\\/hutton.ee\\\/toode\\\/uus-standard-evs-920-7-aluskatused-tallinn-koolitus-28-04\\\/#primaryimage\",\"url\":\"https:\\\/\\\/hutton.ee\\\/wp-content\\\/uploads\\\/2026\\\/03\\\/ALUSKATUSED-STANDARD-1.png\",\"contentUrl\":\"https:\\\/\\\/hutton.ee\\\/wp-content\\\/uploads\\\/2026\\\/03\\\/ALUSKATUSED-STANDARD-1.png\",\"width\":1080,\"height\":1080,\"caption\":\"Uus standard EVS 920-7 - Aluskatused - Tallinn koolitus 28.04\"},{\"@type\":\"BreadcrumbList\",\"@id\":\"https:\\\/\\\/hutton.ee\\\/toode\\\/uus-standard-evs-920-7-aluskatused-tallinn-koolitus-28-04\\\/#breadcrumb\",\"itemListElement\":[{\"@type\":\"ListItem\",\"position\":1,\"name\":\"Avaleht\",\"item\":\"https:\\\/\\\/hutton.ee\\\/\"},{\"@type\":\"ListItem\",\"position\":2,\"name\":\"Shop\",\"item\":\"https:\\\/\\\/hutton.ee\\\/en\\\/shop\\\/\"},{\"@type\":\"ListItem\",\"position\":3,\"name\":\"Uus standard EVS 920-7 &#8211; Aluskatused &#8211; Tallinn koolitus 28.04\"}]},{\"@type\":\"WebSite\",\"@id\":\"https:\\\/\\\/hutton.ee\\\/#website\",\"url\":\"https:\\\/\\\/hutton.ee\\\/\",\"name\":\"Hutton\",\"description\":\"Ajas kestvad ehituslahendused\",\"publisher\":{\"@id\":\"https:\\\/\\\/hutton.ee\\\/#organization\"},\"potentialAction\":[{\"@type\":\"SearchAction\",\"target\":{\"@type\":\"EntryPoint\",\"urlTemplate\":\"https:\\\/\\\/hutton.ee\\\/?s={search_term_string}\"},\"query-input\":{\"@type\":\"PropertyValueSpecification\",\"valueRequired\":true,\"valueName\":\"search_term_string\"}}],\"inLanguage\":\"en-US\"},{\"@type\":\"Organization\",\"@id\":\"https:\\\/\\\/hutton.ee\\\/#organization\",\"name\":\"Hutton - KATUS | SEIN | FASSAAD\",\"url\":\"https:\\\/\\\/hutton.ee\\\/\",\"logo\":{\"@type\":\"ImageObject\",\"inLanguage\":\"en-US\",\"@id\":\"https:\\\/\\\/hutton.ee\\\/#\\\/schema\\\/logo\\\/image\\\/\",\"url\":\"https:\\\/\\\/hutton.ee\\\/wp-content\\\/uploads\\\/2020\\\/07\\\/hutton-logo_uuendatud-01.png\",\"contentUrl\":\"https:\\\/\\\/hutton.ee\\\/wp-content\\\/uploads\\\/2020\\\/07\\\/hutton-logo_uuendatud-01.png\",\"width\":1064,\"height\":455,\"caption\":\"Hutton - KATUS | SEIN | FASSAAD\"},\"image\":{\"@id\":\"https:\\\/\\\/hutton.ee\\\/#\\\/schema\\\/logo\\\/image\\\/\"},\"sameAs\":[\"https:\\\/\\\/www.facebook.com\\\/huttoneesti\"]}]}<\/script>\n<!-- \/ Yoast SEO Premium plugin. -->","yoast_head_json":{"title":"Uus standard EVS 920-7 - Aluskatused - Tallinn koolitus 28.04 - Hutton","description":"Margus Laats koolitus: \"Uus standard EVS 920-7 - Aluskatused\" Koolitus on suunatud: Ehitajatele, projekteerijatele, ehitusjuhtidele, j\u00e4relevalvetele jpt.","robots":{"index":"index","follow":"follow","max-snippet":"max-snippet:-1","max-image-preview":"max-image-preview:large","max-video-preview":"max-video-preview:-1"},"canonical":"https:\/\/hutton.ee\/toode\/uus-standard-evs-920-7-aluskatused-tallinn-koolitus-28-04\/","og_locale":"en_US","og_type":"article","og_title":"Uus standard EVS 920-7 - Aluskatused - Tallinn koolitus 28.04","og_description":"Margus Laats koolitus: \"Uus standard EVS 920-7 - Aluskatused\" Koolitus on suunatud: Ehitajatele, projekteerijatele, ehitusjuhtidele, j\u00e4relevalvetele jpt.","og_url":"https:\/\/hutton.ee\/toode\/uus-standard-evs-920-7-aluskatused-tallinn-koolitus-28-04\/","og_site_name":"Hutton","article_publisher":"https:\/\/www.facebook.com\/huttoneesti","article_modified_time":"2026-05-06T10:25:37+00:00","og_image":[{"width":1080,"height":1080,"url":"https:\/\/hutton.ee\/wp-content\/uploads\/2026\/03\/ALUSKATUSED-STANDARD-1.png","type":"image\/png"}],"twitter_card":"summary_large_image","twitter_misc":{"Est. reading time":"2 minutes"},"schema":{"@context":"https:\/\/schema.org","@graph":[{"@type":"WebPage","@id":"https:\/\/hutton.ee\/toode\/uus-standard-evs-920-7-aluskatused-tallinn-koolitus-28-04\/","url":"https:\/\/hutton.ee\/toode\/uus-standard-evs-920-7-aluskatused-tallinn-koolitus-28-04\/","name":"Uus standard EVS 920-7 - Aluskatused - Tallinn koolitus 28.04 - Hutton","isPartOf":{"@id":"https:\/\/hutton.ee\/#website"},"primaryImageOfPage":{"@id":"https:\/\/hutton.ee\/toode\/uus-standard-evs-920-7-aluskatused-tallinn-koolitus-28-04\/#primaryimage"},"image":{"@id":"https:\/\/hutton.ee\/toode\/uus-standard-evs-920-7-aluskatused-tallinn-koolitus-28-04\/#primaryimage"},"thumbnailUrl":"https:\/\/hutton.ee\/wp-content\/uploads\/2026\/03\/ALUSKATUSED-STANDARD-1.png","datePublished":"2026-03-02T13:15:34+00:00","dateModified":"2026-05-06T10:25:37+00:00","description":"Margus Laats koolitus: \"Uus standard EVS 920-7 - Aluskatused\" Koolitus on suunatud: Ehitajatele, projekteerijatele, ehitusjuhtidele, j\u00e4relevalvetele jpt.","breadcrumb":{"@id":"https:\/\/hutton.ee\/toode\/uus-standard-evs-920-7-aluskatused-tallinn-koolitus-28-04\/#breadcrumb"},"inLanguage":"en-US","potentialAction":[{"@type":"ReadAction","target":["https:\/\/hutton.ee\/toode\/uus-standard-evs-920-7-aluskatused-tallinn-koolitus-28-04\/"]}]},{"@type":"ImageObject","inLanguage":"en-US","@id":"https:\/\/hutton.ee\/toode\/uus-standard-evs-920-7-aluskatused-tallinn-koolitus-28-04\/#primaryimage","url":"https:\/\/hutton.ee\/wp-content\/uploads\/2026\/03\/ALUSKATUSED-STANDARD-1.png","contentUrl":"https:\/\/hutton.ee\/wp-content\/uploads\/2026\/03\/ALUSKATUSED-STANDARD-1.png","width":1080,"height":1080,"caption":"Uus standard EVS 920-7 - Aluskatused - Tallinn koolitus 28.04"},{"@type":"BreadcrumbList","@id":"https:\/\/hutton.ee\/toode\/uus-standard-evs-920-7-aluskatused-tallinn-koolitus-28-04\/#breadcrumb","itemListElement":[{"@type":"ListItem","position":1,"name":"Avaleht","item":"https:\/\/hutton.ee\/"},{"@type":"ListItem","position":2,"name":"Shop","item":"https:\/\/hutton.ee\/en\/shop\/"},{"@type":"ListItem","position":3,"name":"Uus standard EVS 920-7 &#8211; Aluskatused &#8211; Tallinn koolitus 28.04"}]},{"@type":"WebSite","@id":"https:\/\/hutton.ee\/#website","url":"https:\/\/hutton.ee\/","name":"Hutton","description":"Ajas kestvad ehituslahendused","publisher":{"@id":"https:\/\/hutton.ee\/#organization"},"potentialAction":[{"@type":"SearchAction","target":{"@type":"EntryPoint","urlTemplate":"https:\/\/hutton.ee\/?s={search_term_string}"},"query-input":{"@type":"PropertyValueSpecification","valueRequired":true,"valueName":"search_term_string"}}],"inLanguage":"en-US"},{"@type":"Organization","@id":"https:\/\/hutton.ee\/#organization","name":"Hutton - KATUS | SEIN | FASSAAD","url":"https:\/\/hutton.ee\/","logo":{"@type":"ImageObject","inLanguage":"en-US","@id":"https:\/\/hutton.ee\/#\/schema\/logo\/image\/","url":"https:\/\/hutton.ee\/wp-content\/uploads\/2020\/07\/hutton-logo_uuendatud-01.png","contentUrl":"https:\/\/hutton.ee\/wp-content\/uploads\/2020\/07\/hutton-logo_uuendatud-01.png","width":1064,"height":455,"caption":"Hutton - KATUS | SEIN | FASSAAD"},"image":{"@id":"https:\/\/hutton.ee\/#\/schema\/logo\/image\/"},"sameAs":["https:\/\/www.facebook.com\/huttoneesti"]}]}},"_links":{"self":[{"href":"https:\/\/hutton.ee\/en\/wp-json\/wp\/v2\/product\/30014","targetHints":{"allow":["GET"]}}],"collection":[{"href":"https:\/\/hutton.ee\/en\/wp-json\/wp\/v2\/product"}],"about":[{"href":"https:\/\/hutton.ee\/en\/wp-json\/wp\/v2\/types\/product"}],"wp:featuredmedia":[{"embeddable":true,"href":"https:\/\/hutton.ee\/en\/wp-json\/wp\/v2\/media\/30015"}],"wp:attachment":[{"href":"https:\/\/hutton.ee\/en\/wp-json\/wp\/v2\/media?parent=30014"}],"wp:term":[{"taxonomy":"product_brand","embeddable":true,"href":"https:\/\/hutton.ee\/en\/wp-json\/wp\/v2\/product_brand?post=30014"},{"taxonomy":"product_cat","embeddable":true,"href":"https:\/\/hutton.ee\/en\/wp-json\/wp\/v2\/product_cat?post=30014"},{"taxonomy":"product_tag","embeddable":true,"href":"https:\/\/hutton.ee\/en\/wp-json\/wp\/v2\/product_tag?post=30014"},{"taxonomy":"filtrisusteem","embeddable":true,"href":"https:\/\/hutton.ee\/en\/wp-json\/wp\/v2\/filtrisusteem?post=30014"},{"taxonomy":"kvaliteediklass","embeddable":true,"href":"https:\/\/hutton.ee\/en\/wp-json\/wp\/v2\/kvaliteediklass?post=30014"}],"curies":[{"name":"wp","href":"https:\/\/api.w.org\/{rel}","templated":true}]}}