{"id":30071,"date":"2026-03-19T08:48:25","date_gmt":"2026-03-19T08:48:25","guid":{"rendered":"https:\/\/hutton.ee\/?post_type=product&#038;p=30071"},"modified":"2026-03-19T08:50:00","modified_gmt":"2026-03-19T08:50:00","slug":"puistevill-puitkiud-flow-15kg","status":"publish","type":"product","link":"https:\/\/hutton.ee\/en\/toode\/puistevill-puitkiud-flow-15kg\/","title":{"rendered":"Puistevill puitkiud Flow 15kg"},"content":{"rendered":"<p>Puitkiud puistevill Naturheld Flow.<\/p>\n<ul>\n<li data-section-id=\"1vuo6me\" data-start=\"46\" data-end=\"81\">\n<p data-start=\"48\" data-end=\"81\">Puitkiududest puisteisolatsioon<\/p>\n<\/li>\n<li data-section-id=\"jtiueb\" data-start=\"82\" data-end=\"112\">\n<p data-start=\"84\" data-end=\"112\">Sarikatevaheline soojustus<\/p>\n<\/li>\n<li data-section-id=\"uj7ztu\" data-start=\"113\" data-end=\"187\">\n<p data-start=\"115\" data-end=\"187\">Puitkarkass- ja puitpostkonstruktsioonide seinte \u00f5\u00f5nsuste soojustamine<\/p>\n<\/li>\n<li data-section-id=\"1o9t1dz\" data-start=\"188\" data-end=\"216\">\n<p data-start=\"190\" data-end=\"216\">Puitvahelae soojustamine<\/p>\n<\/li>\n<li data-section-id=\"1c62qed\" data-start=\"217\" data-end=\"268\">\n<p data-start=\"219\" data-end=\"268\">\u00dclemiste vahelae konstruktsioonide soojustamine<\/p>\n<\/li>\n<li data-section-id=\"yjr525\" data-start=\"269\" data-end=\"320\">\n<p data-start=\"271\" data-end=\"320\">Tehnos\u00fcsteemide paigaldustasandite soojustamine<\/p>\n<\/li>\n<li data-section-id=\"1cw4uc6\" data-start=\"321\" data-end=\"409\" data-is-last-node=\"\">\n<p data-start=\"323\" data-end=\"409\" data-is-last-node=\"\">Mineraalsetel aluspindadel paiknevate k\u00f5rgenduste (ribikonstruktsioonide) soojustamine<\/p>\n<\/li>\n<\/ul>\n","protected":false},"excerpt":{"rendered":"<p>Puitkiud puistevill Naturheld Flow. Puitkiududest puisteisolatsioon Sarikatevaheline soojustus Puitkarkass- ja puitpostkonstruktsioonide seinte \u00f5\u00f5nsuste soojustamine Puitvahelae soojustamine \u00dclemiste vahelae konstruktsioonide soojustamine Tehnos\u00fcsteemide paigaldustasandite soojustamine Mineraalsetel aluspindadel paiknevate k\u00f5rgenduste (ribikonstruktsioonide) soojustamine<\/p>\n","protected":false},"featured_media":30074,"template":"","meta":{"_gspb_post_css":"","_uf_show_specific_survey":0,"_uf_disable_surveys":false},"product_brand":[],"product_cat":[986,2291,987],"product_tag":[],"filtrisusteem":[],"kvaliteediklass":[],"class_list":{"0":"post-30071","1":"product","2":"type-product","3":"status-publish","4":"has-post-thumbnail","6":"product_cat-soojustus","7":"product_cat-puitkiudsoojustus","8":"product_cat-puistevill","10":"first","11":"instock","12":"taxable","13":"shipping-taxable","14":"purchasable","15":"product-type-simple"},"yoast_head":"<!-- This site is optimized with the Yoast SEO Premium plugin v21.3 (Yoast SEO v27.5) - https:\/\/yoast.com\/product\/yoast-seo-premium-wordpress\/ -->\n<title>Puistevill puitkiud Flow 15kg - Hutton<\/title>\n<meta name=\"robots\" content=\"index, follow, max-snippet:-1, max-image-preview:large, max-video-preview:-1\" \/>\n<link rel=\"canonical\" href=\"https:\/\/hutton.ee\/toode\/puistevill-puitkiud-flow-15kg\/\" \/>\n<meta property=\"og:locale\" content=\"en_US\" \/>\n<meta property=\"og:type\" content=\"article\" \/>\n<meta property=\"og:title\" content=\"Puistevill puitkiud Flow 15kg\" \/>\n<meta property=\"og:description\" content=\"Puitkiud puistevill Naturheld Flow. Puitkiududest puisteisolatsioon Sarikatevaheline soojustus Puitkarkass- ja puitpostkonstruktsioonide seinte \u00f5\u00f5nsuste soojustamine Puitvahelae soojustamine \u00dclemiste vahelae konstruktsioonide soojustamine Tehnos\u00fcsteemide paigaldustasandite soojustamine Mineraalsetel aluspindadel paiknevate k\u00f5rgenduste (ribikonstruktsioonide) soojustamine\" \/>\n<meta property=\"og:url\" content=\"https:\/\/hutton.ee\/toode\/puistevill-puitkiud-flow-15kg\/\" \/>\n<meta property=\"og:site_name\" content=\"Hutton\" \/>\n<meta property=\"article:publisher\" content=\"https:\/\/www.facebook.com\/huttoneesti\" \/>\n<meta property=\"article:modified_time\" content=\"2026-03-19T08:50:00+00:00\" \/>\n<meta property=\"og:image\" content=\"https:\/\/hutton.ee\/wp-content\/uploads\/2026\/03\/1.png\" \/>\n\t<meta property=\"og:image:width\" content=\"500\" \/>\n\t<meta property=\"og:image:height\" content=\"500\" \/>\n\t<meta property=\"og:image:type\" content=\"image\/png\" \/>\n<meta name=\"twitter:card\" content=\"summary_large_image\" \/>\n<meta name=\"twitter:label1\" content=\"Est. reading time\" \/>\n\t<meta name=\"twitter:data1\" content=\"1 minute\" \/>\n<script type=\"application\/ld+json\" class=\"yoast-schema-graph\">{\"@context\":\"https:\\\/\\\/schema.org\",\"@graph\":[{\"@type\":\"WebPage\",\"@id\":\"https:\\\/\\\/hutton.ee\\\/toode\\\/puistevill-puitkiud-flow-15kg\\\/\",\"url\":\"https:\\\/\\\/hutton.ee\\\/toode\\\/puistevill-puitkiud-flow-15kg\\\/\",\"name\":\"Puistevill puitkiud Flow 15kg - Hutton\",\"isPartOf\":{\"@id\":\"https:\\\/\\\/hutton.ee\\\/#website\"},\"primaryImageOfPage\":{\"@id\":\"https:\\\/\\\/hutton.ee\\\/toode\\\/puistevill-puitkiud-flow-15kg\\\/#primaryimage\"},\"image\":{\"@id\":\"https:\\\/\\\/hutton.ee\\\/toode\\\/puistevill-puitkiud-flow-15kg\\\/#primaryimage\"},\"thumbnailUrl\":\"https:\\\/\\\/hutton.ee\\\/wp-content\\\/uploads\\\/2026\\\/03\\\/1.png\",\"datePublished\":\"2026-03-19T08:48:25+00:00\",\"dateModified\":\"2026-03-19T08:50:00+00:00\",\"breadcrumb\":{\"@id\":\"https:\\\/\\\/hutton.ee\\\/toode\\\/puistevill-puitkiud-flow-15kg\\\/#breadcrumb\"},\"inLanguage\":\"en-US\",\"potentialAction\":[{\"@type\":\"ReadAction\",\"target\":[\"https:\\\/\\\/hutton.ee\\\/toode\\\/puistevill-puitkiud-flow-15kg\\\/\"]}]},{\"@type\":\"ImageObject\",\"inLanguage\":\"en-US\",\"@id\":\"https:\\\/\\\/hutton.ee\\\/toode\\\/puistevill-puitkiud-flow-15kg\\\/#primaryimage\",\"url\":\"https:\\\/\\\/hutton.ee\\\/wp-content\\\/uploads\\\/2026\\\/03\\\/1.png\",\"contentUrl\":\"https:\\\/\\\/hutton.ee\\\/wp-content\\\/uploads\\\/2026\\\/03\\\/1.png\",\"width\":500,\"height\":500,\"caption\":\"Puitkiud puistevill Naturheld Flow\"},{\"@type\":\"BreadcrumbList\",\"@id\":\"https:\\\/\\\/hutton.ee\\\/toode\\\/puistevill-puitkiud-flow-15kg\\\/#breadcrumb\",\"itemListElement\":[{\"@type\":\"ListItem\",\"position\":1,\"name\":\"Avaleht\",\"item\":\"https:\\\/\\\/hutton.ee\\\/\"},{\"@type\":\"ListItem\",\"position\":2,\"name\":\"Shop\",\"item\":\"https:\\\/\\\/hutton.ee\\\/en\\\/shop\\\/\"},{\"@type\":\"ListItem\",\"position\":3,\"name\":\"Puistevill puitkiud Flow 15kg\"}]},{\"@type\":\"WebSite\",\"@id\":\"https:\\\/\\\/hutton.ee\\\/#website\",\"url\":\"https:\\\/\\\/hutton.ee\\\/\",\"name\":\"Hutton\",\"description\":\"Ajas kestvad ehituslahendused\",\"publisher\":{\"@id\":\"https:\\\/\\\/hutton.ee\\\/#organization\"},\"potentialAction\":[{\"@type\":\"SearchAction\",\"target\":{\"@type\":\"EntryPoint\",\"urlTemplate\":\"https:\\\/\\\/hutton.ee\\\/?s={search_term_string}\"},\"query-input\":{\"@type\":\"PropertyValueSpecification\",\"valueRequired\":true,\"valueName\":\"search_term_string\"}}],\"inLanguage\":\"en-US\"},{\"@type\":\"Organization\",\"@id\":\"https:\\\/\\\/hutton.ee\\\/#organization\",\"name\":\"Hutton - KATUS | SEIN | FASSAAD\",\"url\":\"https:\\\/\\\/hutton.ee\\\/\",\"logo\":{\"@type\":\"ImageObject\",\"inLanguage\":\"en-US\",\"@id\":\"https:\\\/\\\/hutton.ee\\\/#\\\/schema\\\/logo\\\/image\\\/\",\"url\":\"https:\\\/\\\/hutton.ee\\\/wp-content\\\/uploads\\\/2020\\\/07\\\/hutton-logo_uuendatud-01.png\",\"contentUrl\":\"https:\\\/\\\/hutton.ee\\\/wp-content\\\/uploads\\\/2020\\\/07\\\/hutton-logo_uuendatud-01.png\",\"width\":1064,\"height\":455,\"caption\":\"Hutton - KATUS | SEIN | FASSAAD\"},\"image\":{\"@id\":\"https:\\\/\\\/hutton.ee\\\/#\\\/schema\\\/logo\\\/image\\\/\"},\"sameAs\":[\"https:\\\/\\\/www.facebook.com\\\/huttoneesti\"]}]}<\/script>\n<!-- \/ Yoast SEO Premium plugin. -->","yoast_head_json":{"title":"Puistevill puitkiud Flow 15kg - Hutton","robots":{"index":"index","follow":"follow","max-snippet":"max-snippet:-1","max-image-preview":"max-image-preview:large","max-video-preview":"max-video-preview:-1"},"canonical":"https:\/\/hutton.ee\/toode\/puistevill-puitkiud-flow-15kg\/","og_locale":"en_US","og_type":"article","og_title":"Puistevill puitkiud Flow 15kg","og_description":"Puitkiud puistevill Naturheld Flow. Puitkiududest puisteisolatsioon Sarikatevaheline soojustus Puitkarkass- ja puitpostkonstruktsioonide seinte \u00f5\u00f5nsuste soojustamine Puitvahelae soojustamine \u00dclemiste vahelae konstruktsioonide soojustamine Tehnos\u00fcsteemide paigaldustasandite soojustamine Mineraalsetel aluspindadel paiknevate k\u00f5rgenduste (ribikonstruktsioonide) soojustamine","og_url":"https:\/\/hutton.ee\/toode\/puistevill-puitkiud-flow-15kg\/","og_site_name":"Hutton","article_publisher":"https:\/\/www.facebook.com\/huttoneesti","article_modified_time":"2026-03-19T08:50:00+00:00","og_image":[{"width":500,"height":500,"url":"https:\/\/hutton.ee\/wp-content\/uploads\/2026\/03\/1.png","type":"image\/png"}],"twitter_card":"summary_large_image","twitter_misc":{"Est. reading time":"1 minute"},"schema":{"@context":"https:\/\/schema.org","@graph":[{"@type":"WebPage","@id":"https:\/\/hutton.ee\/toode\/puistevill-puitkiud-flow-15kg\/","url":"https:\/\/hutton.ee\/toode\/puistevill-puitkiud-flow-15kg\/","name":"Puistevill puitkiud Flow 15kg - Hutton","isPartOf":{"@id":"https:\/\/hutton.ee\/#website"},"primaryImageOfPage":{"@id":"https:\/\/hutton.ee\/toode\/puistevill-puitkiud-flow-15kg\/#primaryimage"},"image":{"@id":"https:\/\/hutton.ee\/toode\/puistevill-puitkiud-flow-15kg\/#primaryimage"},"thumbnailUrl":"https:\/\/hutton.ee\/wp-content\/uploads\/2026\/03\/1.png","datePublished":"2026-03-19T08:48:25+00:00","dateModified":"2026-03-19T08:50:00+00:00","breadcrumb":{"@id":"https:\/\/hutton.ee\/toode\/puistevill-puitkiud-flow-15kg\/#breadcrumb"},"inLanguage":"en-US","potentialAction":[{"@type":"ReadAction","target":["https:\/\/hutton.ee\/toode\/puistevill-puitkiud-flow-15kg\/"]}]},{"@type":"ImageObject","inLanguage":"en-US","@id":"https:\/\/hutton.ee\/toode\/puistevill-puitkiud-flow-15kg\/#primaryimage","url":"https:\/\/hutton.ee\/wp-content\/uploads\/2026\/03\/1.png","contentUrl":"https:\/\/hutton.ee\/wp-content\/uploads\/2026\/03\/1.png","width":500,"height":500,"caption":"Puitkiud puistevill Naturheld Flow"},{"@type":"BreadcrumbList","@id":"https:\/\/hutton.ee\/toode\/puistevill-puitkiud-flow-15kg\/#breadcrumb","itemListElement":[{"@type":"ListItem","position":1,"name":"Avaleht","item":"https:\/\/hutton.ee\/"},{"@type":"ListItem","position":2,"name":"Shop","item":"https:\/\/hutton.ee\/en\/shop\/"},{"@type":"ListItem","position":3,"name":"Puistevill puitkiud Flow 15kg"}]},{"@type":"WebSite","@id":"https:\/\/hutton.ee\/#website","url":"https:\/\/hutton.ee\/","name":"Hutton","description":"Ajas kestvad ehituslahendused","publisher":{"@id":"https:\/\/hutton.ee\/#organization"},"potentialAction":[{"@type":"SearchAction","target":{"@type":"EntryPoint","urlTemplate":"https:\/\/hutton.ee\/?s={search_term_string}"},"query-input":{"@type":"PropertyValueSpecification","valueRequired":true,"valueName":"search_term_string"}}],"inLanguage":"en-US"},{"@type":"Organization","@id":"https:\/\/hutton.ee\/#organization","name":"Hutton - KATUS | SEIN | FASSAAD","url":"https:\/\/hutton.ee\/","logo":{"@type":"ImageObject","inLanguage":"en-US","@id":"https:\/\/hutton.ee\/#\/schema\/logo\/image\/","url":"https:\/\/hutton.ee\/wp-content\/uploads\/2020\/07\/hutton-logo_uuendatud-01.png","contentUrl":"https:\/\/hutton.ee\/wp-content\/uploads\/2020\/07\/hutton-logo_uuendatud-01.png","width":1064,"height":455,"caption":"Hutton - KATUS | SEIN | FASSAAD"},"image":{"@id":"https:\/\/hutton.ee\/#\/schema\/logo\/image\/"},"sameAs":["https:\/\/www.facebook.com\/huttoneesti"]}]}},"_links":{"self":[{"href":"https:\/\/hutton.ee\/en\/wp-json\/wp\/v2\/product\/30071","targetHints":{"allow":["GET"]}}],"collection":[{"href":"https:\/\/hutton.ee\/en\/wp-json\/wp\/v2\/product"}],"about":[{"href":"https:\/\/hutton.ee\/en\/wp-json\/wp\/v2\/types\/product"}],"wp:featuredmedia":[{"embeddable":true,"href":"https:\/\/hutton.ee\/en\/wp-json\/wp\/v2\/media\/30074"}],"wp:attachment":[{"href":"https:\/\/hutton.ee\/en\/wp-json\/wp\/v2\/media?parent=30071"}],"wp:term":[{"taxonomy":"product_brand","embeddable":true,"href":"https:\/\/hutton.ee\/en\/wp-json\/wp\/v2\/product_brand?post=30071"},{"taxonomy":"product_cat","embeddable":true,"href":"https:\/\/hutton.ee\/en\/wp-json\/wp\/v2\/product_cat?post=30071"},{"taxonomy":"product_tag","embeddable":true,"href":"https:\/\/hutton.ee\/en\/wp-json\/wp\/v2\/product_tag?post=30071"},{"taxonomy":"filtrisusteem","embeddable":true,"href":"https:\/\/hutton.ee\/en\/wp-json\/wp\/v2\/filtrisusteem?post=30071"},{"taxonomy":"kvaliteediklass","embeddable":true,"href":"https:\/\/hutton.ee\/en\/wp-json\/wp\/v2\/kvaliteediklass?post=30071"}],"curies":[{"name":"wp","href":"https:\/\/api.w.org\/{rel}","templated":true}]}}