{"id":30100,"date":"2026-03-19T09:11:34","date_gmt":"2026-03-19T09:11:34","guid":{"rendered":"https:\/\/hutton.ee\/?post_type=product&#038;p=30100"},"modified":"2026-04-29T06:15:57","modified_gmt":"2026-04-29T06:15:57","slug":"puitkiud-tuuletokke-plaat-naturheld-35x615x2550-150m%c2%b2","status":"publish","type":"product","link":"https:\/\/hutton.ee\/en\/toode\/puitkiud-tuuletokke-plaat-naturheld-35x615x2550-150m%c2%b2\/","title":{"rendered":"Puitkiud tuulet\u00f5kke plaat Naturheld 35x615x2550, 1,50m\u00b2"},"content":{"rendered":"<p data-start=\"407\" data-end=\"503\"><span style=\"font-size: 12pt;\"><strong data-start=\"407\" data-end=\"503\">Naturheld\u00ae j\u00e4igad puitkiud-soojustusplaadid \u2013 p\u00f5lvkond 2.0: tugevam, nutikam, j\u00e4tkusuutlikum<\/strong><\/span><\/p>\n<p data-start=\"505\" data-end=\"850\"><span style=\"font-size: 12pt;\">P\u00f5lvkond 2.0 toob naturheld\u00ae tootevalikusse uue taseme j\u00e4ikade puitkiud-soojustusplaatide valdkonnas katuste, seinte ja lagede jaoks. Optimeeritud tooteseeria \u00fchendab puitkiudude looduslikud omadused ja k\u00f5rge soojustusv\u00f5ime innovaatiliste t\u00e4iustustega, mis tagavad suurema tugevuse, parema k\u00e4sitsetavuse ning kiirema ja turvalisema paigalduse.<\/span><\/p>\n<p data-start=\"852\" data-end=\"1026\"><span style=\"font-size: 12pt;\">Olgu tegemist katusepealse soojustuse, krohvikandva plaadi v\u00f5i kandva fassaadilahendusega \u2013 p\u00f5lvkond 2.0 pakub maksimaalset efektiivsust koos parima v\u00f5imaliku kliimakaitsega.<\/span><\/p>\n<h2 data-section-id=\"1d173sh\" data-start=\"1033\" data-end=\"1098\"><span style=\"font-size: 12pt;\"><strong data-start=\"1036\" data-end=\"1098\">naturheld\u00ae soojustusplaadi Generation 2.0 peamised eelised<\/strong><\/span><\/h2>\n<h3 data-section-id=\"1ddn2no\" data-start=\"1100\" data-end=\"1147\"><span style=\"font-size: 12pt;\"><strong data-start=\"1104\" data-end=\"1145\">Aastaringselt t\u00f5hus soojusisolatsioon<\/strong><\/span><\/h3>\n<p data-start=\"1148\" data-end=\"1306\"><span style=\"font-size: 12pt;\">Suurep\u00e4rane soojustus talvel ja v\u00e4ga hea kaitse suvise kuumuse eest \u2013 t\u00e4nu madalale soojusjuhtivusele, suurele tihedusele ja suurep\u00e4rasele soojusmahutavusele.<\/span><\/p>\n<h3 data-section-id=\"1ep6izj\" data-start=\"1308\" data-end=\"1356\"><span style=\"font-size: 12pt;\"><strong data-start=\"1312\" data-end=\"1354\">M\u00f5\u00f5tmetelt stabiilne ja kandev\u00f5imeline<\/strong><\/span><\/h3>\n<p data-start=\"1357\" data-end=\"1530\"><span style=\"font-size: 12pt;\">Uus retseptuur ja optimeeritud tootmisparameetrid tagavad m\u00e4rgatavalt suurema murde- ja survetugevuse. Plaadid s\u00e4ilitavad oma m\u00f5\u00f5tmed ja kandev\u00f5ime ka n\u00f5udlikes tingimustes.<\/span><\/p>\n<h3 data-section-id=\"1hkfc05\" data-start=\"1532\" data-end=\"1575\"><span style=\"font-size: 12pt;\"><strong data-start=\"1536\" data-end=\"1573\">Nutikas sulund\u00fchendus (punn-soon)<\/strong><\/span><\/h3>\n<p data-start=\"1576\" data-end=\"1648\"><span style=\"font-size: 12pt;\">T\u00e4iustatud \u00fchendus on varasemast tugevam, tihedam ja kasutajas\u00f5bralikum:<\/span><\/p>\n<ul data-start=\"1650\" data-end=\"2061\">\n<li data-section-id=\"17q6okr\" data-start=\"1650\" data-end=\"1793\">\n<p data-start=\"1652\" data-end=\"1793\"><span style=\"font-size: 12pt;\">Punni ja soone sissep\u00e4\u00e4su \u00fcmarad servad kaitsevad kahjustuste eest ning v\u00f5imaldavad lihtsat ja t\u00e4pset paigaldust \u2013 ka ebatasasel aluspinnal<\/span><\/p>\n<\/li>\n<li data-section-id=\"12cz0ta\" data-start=\"1794\" data-end=\"1872\">\n<p data-start=\"1796\" data-end=\"1872\"><span style=\"font-size: 12pt;\">Punni juur on spetsiaalse \u00fcmardusega tugevdatud, mis v\u00e4hendab murdumisohtu<\/span><\/p>\n<\/li>\n<li data-section-id=\"z334wi\" data-start=\"1873\" data-end=\"1967\">\n<p data-start=\"1875\" data-end=\"1967\"><span style=\"font-size: 12pt;\">10 mm laiused tihenduspinnad tagavad usaldusv\u00e4\u00e4rse \u00f5hutiheduse ka kuni 3 mm vuukide korral<\/span><\/p>\n<\/li>\n<li data-section-id=\"1dvi3f0\" data-start=\"1968\" data-end=\"2061\">\n<p data-start=\"1970\" data-end=\"2061\"><span style=\"font-size: 12pt;\">V\u00e4ga hea vihmakindlus alates 15\u00b0 katusekaldest muudab plaadi kasutamise eriti paindlikuks<\/span><\/p>\n<\/li>\n<\/ul>\n<h3 data-section-id=\"10wmi0k\" data-start=\"2068\" data-end=\"2112\"><span style=\"font-size: 12pt;\"><strong data-start=\"2072\" data-end=\"2110\">Mugav k\u00e4sitsemine ja suurem ohutus<\/strong><\/span><\/h3>\n<p data-start=\"2113\" data-end=\"2330\"><span style=\"font-size: 12pt;\">Tugevamad servad ja \u00fcmarad profiilid parandavad kandmismugavust ning v\u00e4hendavad vigastuste riski paigaldamisel.<\/span><br data-start=\"2224\" data-end=\"2227\" \/><span style=\"font-size: 12pt;\">Uus struktureeritud pind tagab parema libisemiskindluse katusel ning parema krohvi nakkumise fassaadil.<\/span><\/p>\n<h3 data-section-id=\"iz742d\" data-start=\"2337\" data-end=\"2392\"><span style=\"font-size: 12pt;\"><strong data-start=\"2341\" data-end=\"2390\">Optimeeritud m\u00f5\u00f5dud ja efektiivne ladustamine<\/strong><\/span><\/h3>\n<p data-start=\"2393\" data-end=\"2759\"><span style=\"font-size: 12pt;\">Kohandatud plaatide pikkused (nt 1250 \/ 1880 mm) v\u00f5imaldavad kiiremat paigaldust ja t\u00f5husamat logistikat \u2013 rohkem mahtu \u00fche veoki kohta.<\/span><br data-start=\"2529\" data-end=\"2532\" \/><span style=\"font-size: 12pt;\">Suurem kattepind sama brutom\u00f5\u00f5du juures v\u00e4hendab l\u00f5ikej\u00e4\u00e4ke ja parandab materjalikasutust.<\/span><br data-start=\"2622\" data-end=\"2625\" \/><span style=\"font-size: 12pt;\">Erineva pikkusega sulundid vastavalt plaadi paksusele suurendavad \u00f5hemate plaatide tugevust ning toetavad ressursis\u00e4\u00e4stlikku tootmist.<\/span><\/p>\n<h3 data-section-id=\"u9dsad\" data-start=\"2766\" data-end=\"2810\"><span style=\"font-size: 12pt;\"><strong data-start=\"2770\" data-end=\"2808\">Keskkonnas\u00f5bralik ja toetusk\u00f5lblik<\/strong><\/span><\/h3>\n<p data-start=\"2811\" data-end=\"2944\"><span style=\"font-size: 12pt;\">Toodetud j\u00e4tkusuutlikult PEFC-sertifitseeritud puidust, taaskasutatav ning vastab QNG n\u00f5uetele \u2013 sobib toetustega ehitusprojektidele.<\/span><\/p>\n<h2 data-section-id=\"udomdl\" data-start=\"2951\" data-end=\"2980\"><span style=\"font-size: 12pt;\"><strong data-start=\"2954\" data-end=\"2980\">T\u00fc\u00fcpilised kasutusalad<\/strong><\/span><\/h2>\n<ul data-start=\"2982\" data-end=\"3259\">\n<li data-section-id=\"1bei4r\" data-start=\"2982\" data-end=\"3038\">\n<p data-start=\"2984\" data-end=\"3038\"><span style=\"font-size: 12pt;\">T\u00f5hus soojustusplaat katustele, lagedele ja seintele<\/span><\/p>\n<\/li>\n<li data-section-id=\"1mv0d17\" data-start=\"3039\" data-end=\"3092\">\n<p data-start=\"3041\" data-end=\"3092\"><span style=\"font-size: 12pt;\">Sobib paljude sertifitseeritud krohvis\u00fcsteemidega<\/span><\/p>\n<\/li>\n<li data-section-id=\"1jnu52l\" data-start=\"3093\" data-end=\"3154\">\n<p data-start=\"3095\" data-end=\"3154\"><span style=\"font-size: 12pt;\">Kasutatav ETICS\/WDVS fassaadisoojustusena, otse krohvitav<\/span><\/p>\n<\/li>\n<li data-section-id=\"1kyqj8m\" data-start=\"3155\" data-end=\"3222\">\n<p data-start=\"3157\" data-end=\"3222\"><span style=\"font-size: 12pt;\">Sobib sisemiseks soojustuseks \u2013 krohvitav v\u00f5i viimistluskattega<\/span><\/p>\n<\/li>\n<li data-section-id=\"98nrht\" data-start=\"3223\" data-end=\"3259\">\n<p data-start=\"3225\" data-end=\"3259\"><span style=\"font-size: 12pt;\">Sobib lamekatuste soojustamiseks<\/span><\/p>\n<\/li>\n<\/ul>\n","protected":false},"excerpt":{"rendered":"<p>Naturheld\u00ae j\u00e4igad puitkiud-soojustusplaadid \u2013 p\u00f5lvkond 2.0: tugevam, nutikam, j\u00e4tkusuutlikum P\u00f5lvkond 2.0 toob naturheld\u00ae tootevalikusse uue taseme j\u00e4ikade puitkiud-soojustusplaatide valdkonnas katuste, seinte ja lagede jaoks. Optimeeritud tooteseeria \u00fchendab puitkiudude looduslikud omadused ja k\u00f5rge soojustusv\u00f5ime innovaatiliste t\u00e4iustustega, mis tagavad suurema tugevuse, parema k\u00e4sitsetavuse ning kiirema ja turvalisema paigalduse. Olgu tegemist katusepealse soojustuse, krohvikandva plaadi v\u00f5i kandva fassaadilahendusega [&hellip;]<\/p>\n","protected":false},"featured_media":30092,"template":"","meta":{"_gspb_post_css":"","_uf_show_specific_survey":0,"_uf_disable_surveys":false},"product_brand":[],"product_cat":[986,2291,2914,973],"product_tag":[],"filtrisusteem":[],"kvaliteediklass":[],"class_list":{"0":"post-30100","1":"product","2":"type-product","3":"status-publish","4":"has-post-thumbnail","6":"product_cat-soojustus","7":"product_cat-puitkiudsoojustus","8":"product_cat-plaatvill","9":"product_cat-maaramata","11":"first","12":"outofstock","13":"taxable","14":"shipping-taxable","15":"purchasable","16":"product-type-simple"},"yoast_head":"<!-- This site is optimized with the Yoast SEO Premium plugin v21.3 (Yoast SEO v27.5) - https:\/\/yoast.com\/product\/yoast-seo-premium-wordpress\/ -->\n<title>Puitkiud tuulet\u00f5kke plaat Naturheld 35x615x2550, 1,50m\u00b2 - Hutton<\/title>\n<meta name=\"robots\" content=\"index, follow, max-snippet:-1, max-image-preview:large, max-video-preview:-1\" \/>\n<link rel=\"canonical\" href=\"https:\/\/hutton.ee\/toode\/puitkiud-tuuletokke-plaat-naturheld-35x615x2550-150m\u00b2\/\" \/>\n<meta property=\"og:locale\" content=\"en_US\" \/>\n<meta property=\"og:type\" content=\"article\" \/>\n<meta property=\"og:title\" content=\"Puitkiud tuulet\u00f5kke plaat Naturheld 35x615x2550, 1,50m\u00b2\" \/>\n<meta property=\"og:description\" content=\"Naturheld\u00ae j\u00e4igad puitkiud-soojustusplaadid \u2013 p\u00f5lvkond 2.0: tugevam, nutikam, j\u00e4tkusuutlikum P\u00f5lvkond 2.0 toob naturheld\u00ae tootevalikusse uue taseme j\u00e4ikade puitkiud-soojustusplaatide valdkonnas katuste, seinte ja lagede jaoks. Optimeeritud tooteseeria \u00fchendab puitkiudude looduslikud omadused ja k\u00f5rge soojustusv\u00f5ime innovaatiliste t\u00e4iustustega, mis tagavad suurema tugevuse, parema k\u00e4sitsetavuse ning kiirema ja turvalisema paigalduse. Olgu tegemist katusepealse soojustuse, krohvikandva plaadi v\u00f5i kandva fassaadilahendusega [&hellip;]\" \/>\n<meta property=\"og:url\" content=\"https:\/\/hutton.ee\/toode\/puitkiud-tuuletokke-plaat-naturheld-35x615x2550-150m\u00b2\/\" \/>\n<meta property=\"og:site_name\" content=\"Hutton\" \/>\n<meta property=\"article:publisher\" content=\"https:\/\/www.facebook.com\/huttoneesti\" \/>\n<meta property=\"article:modified_time\" content=\"2026-04-29T06:15:57+00:00\" \/>\n<meta property=\"og:image\" content=\"https:\/\/hutton.ee\/wp-content\/uploads\/2026\/03\/1-1.png\" \/>\n\t<meta property=\"og:image:width\" content=\"500\" \/>\n\t<meta property=\"og:image:height\" content=\"500\" \/>\n\t<meta property=\"og:image:type\" content=\"image\/png\" \/>\n<meta name=\"twitter:card\" content=\"summary_large_image\" \/>\n<meta name=\"twitter:label1\" content=\"Est. reading time\" \/>\n\t<meta name=\"twitter:data1\" content=\"2 minutes\" \/>\n<script type=\"application\/ld+json\" class=\"yoast-schema-graph\">{\"@context\":\"https:\\\/\\\/schema.org\",\"@graph\":[{\"@type\":\"WebPage\",\"@id\":\"https:\\\/\\\/hutton.ee\\\/toode\\\/puitkiud-tuuletokke-plaat-naturheld-35x615x2550-150m%c2%b2\\\/\",\"url\":\"https:\\\/\\\/hutton.ee\\\/toode\\\/puitkiud-tuuletokke-plaat-naturheld-35x615x2550-150m%c2%b2\\\/\",\"name\":\"Puitkiud tuulet\u00f5kke plaat Naturheld 35x615x2550, 1,50m\u00b2 - Hutton\",\"isPartOf\":{\"@id\":\"https:\\\/\\\/hutton.ee\\\/#website\"},\"primaryImageOfPage\":{\"@id\":\"https:\\\/\\\/hutton.ee\\\/toode\\\/puitkiud-tuuletokke-plaat-naturheld-35x615x2550-150m%c2%b2\\\/#primaryimage\"},\"image\":{\"@id\":\"https:\\\/\\\/hutton.ee\\\/toode\\\/puitkiud-tuuletokke-plaat-naturheld-35x615x2550-150m%c2%b2\\\/#primaryimage\"},\"thumbnailUrl\":\"https:\\\/\\\/hutton.ee\\\/wp-content\\\/uploads\\\/2026\\\/03\\\/1-1.png\",\"datePublished\":\"2026-03-19T09:11:34+00:00\",\"dateModified\":\"2026-04-29T06:15:57+00:00\",\"breadcrumb\":{\"@id\":\"https:\\\/\\\/hutton.ee\\\/toode\\\/puitkiud-tuuletokke-plaat-naturheld-35x615x2550-150m%c2%b2\\\/#breadcrumb\"},\"inLanguage\":\"en-US\",\"potentialAction\":[{\"@type\":\"ReadAction\",\"target\":[\"https:\\\/\\\/hutton.ee\\\/toode\\\/puitkiud-tuuletokke-plaat-naturheld-35x615x2550-150m%c2%b2\\\/\"]}]},{\"@type\":\"ImageObject\",\"inLanguage\":\"en-US\",\"@id\":\"https:\\\/\\\/hutton.ee\\\/toode\\\/puitkiud-tuuletokke-plaat-naturheld-35x615x2550-150m%c2%b2\\\/#primaryimage\",\"url\":\"https:\\\/\\\/hutton.ee\\\/wp-content\\\/uploads\\\/2026\\\/03\\\/1-1.png\",\"contentUrl\":\"https:\\\/\\\/hutton.ee\\\/wp-content\\\/uploads\\\/2026\\\/03\\\/1-1.png\",\"width\":500,\"height\":500,\"caption\":\"Tuulet\u00f5kke plaat Naturheld N+F 22x615x2550\"},{\"@type\":\"BreadcrumbList\",\"@id\":\"https:\\\/\\\/hutton.ee\\\/toode\\\/puitkiud-tuuletokke-plaat-naturheld-35x615x2550-150m%c2%b2\\\/#breadcrumb\",\"itemListElement\":[{\"@type\":\"ListItem\",\"position\":1,\"name\":\"Avaleht\",\"item\":\"https:\\\/\\\/hutton.ee\\\/\"},{\"@type\":\"ListItem\",\"position\":2,\"name\":\"Shop\",\"item\":\"https:\\\/\\\/hutton.ee\\\/en\\\/shop\\\/\"},{\"@type\":\"ListItem\",\"position\":3,\"name\":\"Puitkiud tuulet\u00f5kke plaat Naturheld 35x615x2550, 1,50m\u00b2\"}]},{\"@type\":\"WebSite\",\"@id\":\"https:\\\/\\\/hutton.ee\\\/#website\",\"url\":\"https:\\\/\\\/hutton.ee\\\/\",\"name\":\"Hutton\",\"description\":\"Ajas kestvad ehituslahendused\",\"publisher\":{\"@id\":\"https:\\\/\\\/hutton.ee\\\/#organization\"},\"potentialAction\":[{\"@type\":\"SearchAction\",\"target\":{\"@type\":\"EntryPoint\",\"urlTemplate\":\"https:\\\/\\\/hutton.ee\\\/?s={search_term_string}\"},\"query-input\":{\"@type\":\"PropertyValueSpecification\",\"valueRequired\":true,\"valueName\":\"search_term_string\"}}],\"inLanguage\":\"en-US\"},{\"@type\":\"Organization\",\"@id\":\"https:\\\/\\\/hutton.ee\\\/#organization\",\"name\":\"Hutton - KATUS | SEIN | FASSAAD\",\"url\":\"https:\\\/\\\/hutton.ee\\\/\",\"logo\":{\"@type\":\"ImageObject\",\"inLanguage\":\"en-US\",\"@id\":\"https:\\\/\\\/hutton.ee\\\/#\\\/schema\\\/logo\\\/image\\\/\",\"url\":\"https:\\\/\\\/hutton.ee\\\/wp-content\\\/uploads\\\/2020\\\/07\\\/hutton-logo_uuendatud-01.png\",\"contentUrl\":\"https:\\\/\\\/hutton.ee\\\/wp-content\\\/uploads\\\/2020\\\/07\\\/hutton-logo_uuendatud-01.png\",\"width\":1064,\"height\":455,\"caption\":\"Hutton - KATUS | SEIN | FASSAAD\"},\"image\":{\"@id\":\"https:\\\/\\\/hutton.ee\\\/#\\\/schema\\\/logo\\\/image\\\/\"},\"sameAs\":[\"https:\\\/\\\/www.facebook.com\\\/huttoneesti\"]}]}<\/script>\n<!-- \/ Yoast SEO Premium plugin. -->","yoast_head_json":{"title":"Puitkiud tuulet\u00f5kke plaat Naturheld 35x615x2550, 1,50m\u00b2 - Hutton","robots":{"index":"index","follow":"follow","max-snippet":"max-snippet:-1","max-image-preview":"max-image-preview:large","max-video-preview":"max-video-preview:-1"},"canonical":"https:\/\/hutton.ee\/toode\/puitkiud-tuuletokke-plaat-naturheld-35x615x2550-150m\u00b2\/","og_locale":"en_US","og_type":"article","og_title":"Puitkiud tuulet\u00f5kke plaat Naturheld 35x615x2550, 1,50m\u00b2","og_description":"Naturheld\u00ae j\u00e4igad puitkiud-soojustusplaadid \u2013 p\u00f5lvkond 2.0: tugevam, nutikam, j\u00e4tkusuutlikum P\u00f5lvkond 2.0 toob naturheld\u00ae tootevalikusse uue taseme j\u00e4ikade puitkiud-soojustusplaatide valdkonnas katuste, seinte ja lagede jaoks. Optimeeritud tooteseeria \u00fchendab puitkiudude looduslikud omadused ja k\u00f5rge soojustusv\u00f5ime innovaatiliste t\u00e4iustustega, mis tagavad suurema tugevuse, parema k\u00e4sitsetavuse ning kiirema ja turvalisema paigalduse. Olgu tegemist katusepealse soojustuse, krohvikandva plaadi v\u00f5i kandva fassaadilahendusega [&hellip;]","og_url":"https:\/\/hutton.ee\/toode\/puitkiud-tuuletokke-plaat-naturheld-35x615x2550-150m\u00b2\/","og_site_name":"Hutton","article_publisher":"https:\/\/www.facebook.com\/huttoneesti","article_modified_time":"2026-04-29T06:15:57+00:00","og_image":[{"width":500,"height":500,"url":"https:\/\/hutton.ee\/wp-content\/uploads\/2026\/03\/1-1.png","type":"image\/png"}],"twitter_card":"summary_large_image","twitter_misc":{"Est. reading time":"2 minutes"},"schema":{"@context":"https:\/\/schema.org","@graph":[{"@type":"WebPage","@id":"https:\/\/hutton.ee\/toode\/puitkiud-tuuletokke-plaat-naturheld-35x615x2550-150m%c2%b2\/","url":"https:\/\/hutton.ee\/toode\/puitkiud-tuuletokke-plaat-naturheld-35x615x2550-150m%c2%b2\/","name":"Puitkiud tuulet\u00f5kke plaat Naturheld 35x615x2550, 1,50m\u00b2 - Hutton","isPartOf":{"@id":"https:\/\/hutton.ee\/#website"},"primaryImageOfPage":{"@id":"https:\/\/hutton.ee\/toode\/puitkiud-tuuletokke-plaat-naturheld-35x615x2550-150m%c2%b2\/#primaryimage"},"image":{"@id":"https:\/\/hutton.ee\/toode\/puitkiud-tuuletokke-plaat-naturheld-35x615x2550-150m%c2%b2\/#primaryimage"},"thumbnailUrl":"https:\/\/hutton.ee\/wp-content\/uploads\/2026\/03\/1-1.png","datePublished":"2026-03-19T09:11:34+00:00","dateModified":"2026-04-29T06:15:57+00:00","breadcrumb":{"@id":"https:\/\/hutton.ee\/toode\/puitkiud-tuuletokke-plaat-naturheld-35x615x2550-150m%c2%b2\/#breadcrumb"},"inLanguage":"en-US","potentialAction":[{"@type":"ReadAction","target":["https:\/\/hutton.ee\/toode\/puitkiud-tuuletokke-plaat-naturheld-35x615x2550-150m%c2%b2\/"]}]},{"@type":"ImageObject","inLanguage":"en-US","@id":"https:\/\/hutton.ee\/toode\/puitkiud-tuuletokke-plaat-naturheld-35x615x2550-150m%c2%b2\/#primaryimage","url":"https:\/\/hutton.ee\/wp-content\/uploads\/2026\/03\/1-1.png","contentUrl":"https:\/\/hutton.ee\/wp-content\/uploads\/2026\/03\/1-1.png","width":500,"height":500,"caption":"Tuulet\u00f5kke plaat Naturheld N+F 22x615x2550"},{"@type":"BreadcrumbList","@id":"https:\/\/hutton.ee\/toode\/puitkiud-tuuletokke-plaat-naturheld-35x615x2550-150m%c2%b2\/#breadcrumb","itemListElement":[{"@type":"ListItem","position":1,"name":"Avaleht","item":"https:\/\/hutton.ee\/"},{"@type":"ListItem","position":2,"name":"Shop","item":"https:\/\/hutton.ee\/en\/shop\/"},{"@type":"ListItem","position":3,"name":"Puitkiud tuulet\u00f5kke plaat Naturheld 35x615x2550, 1,50m\u00b2"}]},{"@type":"WebSite","@id":"https:\/\/hutton.ee\/#website","url":"https:\/\/hutton.ee\/","name":"Hutton","description":"Ajas kestvad ehituslahendused","publisher":{"@id":"https:\/\/hutton.ee\/#organization"},"potentialAction":[{"@type":"SearchAction","target":{"@type":"EntryPoint","urlTemplate":"https:\/\/hutton.ee\/?s={search_term_string}"},"query-input":{"@type":"PropertyValueSpecification","valueRequired":true,"valueName":"search_term_string"}}],"inLanguage":"en-US"},{"@type":"Organization","@id":"https:\/\/hutton.ee\/#organization","name":"Hutton - KATUS | SEIN | FASSAAD","url":"https:\/\/hutton.ee\/","logo":{"@type":"ImageObject","inLanguage":"en-US","@id":"https:\/\/hutton.ee\/#\/schema\/logo\/image\/","url":"https:\/\/hutton.ee\/wp-content\/uploads\/2020\/07\/hutton-logo_uuendatud-01.png","contentUrl":"https:\/\/hutton.ee\/wp-content\/uploads\/2020\/07\/hutton-logo_uuendatud-01.png","width":1064,"height":455,"caption":"Hutton - KATUS | SEIN | FASSAAD"},"image":{"@id":"https:\/\/hutton.ee\/#\/schema\/logo\/image\/"},"sameAs":["https:\/\/www.facebook.com\/huttoneesti"]}]}},"_links":{"self":[{"href":"https:\/\/hutton.ee\/en\/wp-json\/wp\/v2\/product\/30100","targetHints":{"allow":["GET"]}}],"collection":[{"href":"https:\/\/hutton.ee\/en\/wp-json\/wp\/v2\/product"}],"about":[{"href":"https:\/\/hutton.ee\/en\/wp-json\/wp\/v2\/types\/product"}],"wp:featuredmedia":[{"embeddable":true,"href":"https:\/\/hutton.ee\/en\/wp-json\/wp\/v2\/media\/30092"}],"wp:attachment":[{"href":"https:\/\/hutton.ee\/en\/wp-json\/wp\/v2\/media?parent=30100"}],"wp:term":[{"taxonomy":"product_brand","embeddable":true,"href":"https:\/\/hutton.ee\/en\/wp-json\/wp\/v2\/product_brand?post=30100"},{"taxonomy":"product_cat","embeddable":true,"href":"https:\/\/hutton.ee\/en\/wp-json\/wp\/v2\/product_cat?post=30100"},{"taxonomy":"product_tag","embeddable":true,"href":"https:\/\/hutton.ee\/en\/wp-json\/wp\/v2\/product_tag?post=30100"},{"taxonomy":"filtrisusteem","embeddable":true,"href":"https:\/\/hutton.ee\/en\/wp-json\/wp\/v2\/filtrisusteem?post=30100"},{"taxonomy":"kvaliteediklass","embeddable":true,"href":"https:\/\/hutton.ee\/en\/wp-json\/wp\/v2\/kvaliteediklass?post=30100"}],"curies":[{"name":"wp","href":"https:\/\/api.w.org\/{rel}","templated":true}]}}