{"id":30222,"date":"2026-04-16T11:34:19","date_gmt":"2026-04-16T11:34:19","guid":{"rendered":"https:\/\/hutton.ee\/?post_type=product&#038;p=30222"},"modified":"2026-04-21T11:16:14","modified_gmt":"2026-04-21T11:16:14","slug":"titaantsink-koolitus-plekkseppadele-haapsalu-koolitus-26-27-05","status":"publish","type":"product","link":"https:\/\/hutton.ee\/en\/toode\/titaantsink-koolitus-plekkseppadele-haapsalu-koolitus-26-27-05\/","title":{"rendered":"Titaantsink koolitus plekkseppadele &#8211; Haapsalu koolitus 26. &#8211; 27.05"},"content":{"rendered":"<p>Koolituskava:<\/p>\n<p><span style=\"color: #3366ff;\"><strong>Teisip\u00e4ev 26. mai 2026<\/strong>:<\/span><\/p>\n<p><strong>10.<\/strong><strong><sup>00<\/sup><\/strong><strong> &#8211; 12.<\/strong><strong><sup>30<\/sup><\/strong><strong> \u00a0\u00a0\u00a0\u00a0 &#8211; klassiruumis<\/strong><\/p>\n<ul>\n<li>Sissejuhatus<\/li>\n<li>VMZINC firmana<\/li>\n<li>Tsik, titaantsink<\/li>\n<li>Katuset\u00fc\u00fcbid<\/li>\n<li>P\u00fcstvalts<\/li>\n<li>Tugipinnad<\/li>\n<li>Klambrid<\/li>\n<li>Neelud<\/li>\n<li>Liited<\/li>\n<li>Ripprennid, tarindi sisesed rennid<\/li>\n<li>Hari<\/li>\n<li>Viiluserv<\/li>\n<li>L\u00e4biviigud<\/li>\n<li>R\u00e4\u00e4stas<\/li>\n<\/ul>\n<p><strong>12.<\/strong><strong><sup>30<\/sup><\/strong><strong> &#8211; 13.<\/strong><strong><sup>00<\/sup><\/strong><strong> L\u00f5unapaus<\/strong><\/p>\n<p><strong>13.<\/strong><strong><sup>00<\/sup><\/strong><strong> &#8211; 16.<\/strong><strong><sup>00<\/sup><\/strong><strong> \u00a0\u00a0\u00a0\u00a0 &#8211; praktiline t\u00f6\u00f6tuba objektil, 1. Etapp<\/strong><\/p>\n<p>1. grupp: Eelpainutatud valtsipaanide paigaldus viilkatusele<br \/>\n2. grupp: Eelpainutatud valtsipaanide paigaldus viilkatusele<\/p>\n<p>&nbsp;<\/p>\n<p><span style=\"color: #3366ff;\"><strong>Kolmap\u00e4ev 27. mai 2026<\/strong>:<\/span><\/p>\n<p><strong>9.<\/strong><strong><sup>00<\/sup><\/strong><strong> &#8211; 12.<\/strong><strong><sup>30<\/sup><\/strong><strong> \u00a0\u00a0\u00a0\u00a0\u00a0\u00a0 &#8211; praktiline t\u00f6\u00f6tuba objektil, 2. etapp<\/strong><\/p>\n<p>1. grupp: Korstna l\u00e4biviik, korstnaplekkide valmistamine<br \/>\n2. grupp: Harjaplekkide valmistamine ja paigaldus<br \/>\n3. grupp: Viiluplekkide valmistamine ja paigaldus<br \/>\n4. grupp: R\u00e4\u00e4staplekkide valmistamine ja paigaldus<\/p>\n<p><strong>12.<\/strong><strong><sup>30<\/sup><\/strong><strong> &#8211; 13.<\/strong><strong><sup>00<\/sup><\/strong><strong> L\u00f5unapaus<\/strong><\/p>\n<p><strong>13.<\/strong><strong><sup>00<\/sup><\/strong><strong> &#8211; 16.<\/strong><strong><sup>00<\/sup><\/strong><strong> \u00a0\u00a0\u00a0\u00a0 &#8211; praktiline t\u00f6\u00f6tuba objektil, 3. etapp<\/strong><\/p>\n<p>1. ja 2. grupp: Fassaadipaanide paigaldus<br \/>\n3. ja 4. grupp: Vihmavee s\u00fcsteemi paigaldus<\/p>\n<p>____________________<\/p>\n<p>Koolituse viib l\u00e4bi VMZinc tehase esindaja prantslane Alain Sailly.<\/p>\n<p>Koolitusel osalenutele v\u00e4ljastatakse koolitussertifikaat &#8211; sertifitseeritud VMZinc titaantsink katuse ehitaja.<\/p>\n","protected":false},"excerpt":{"rendered":"<p data-start=\"0\" data-end=\"354\"><strong><span style=\"color: #ff0000;\">TASUTA koolitus plekkseppadele!<\/span><\/strong><\/p>\n<p data-start=\"0\" data-end=\"354\">Titaantsink katusekoolitus on kahep\u00e4evane koolitus plekkseppadele, mis keskendub titaantsingist katuste ja fassaadide ehitamisele. Koolitusel tutvutakse materjali omaduste, erinevate katuset\u00fc\u00fcpide ning lahendustega, samuti k\u00e4sitletakse olulisi detaile nagu liited, neelud, l\u00e4biviigud, r\u00e4\u00e4stad ja vihmavees\u00fcsteemid.<\/p>\n<p data-start=\"356\" data-end=\"871\" data-is-last-node=\"\" data-is-only-node=\"\">Koolituse p\u00f5hir\u00f5hk on praktilisel osal, kus osalejad paigaldavad viilkatusele eelpainutatud valtsipaane ning valmistavad ja paigaldavad erinevaid detaile. Praktiline osa viiakse l\u00e4bi VMZinc tehase esindaja, prantslase <span class=\"hover:entity-accent entity-underline inline cursor-pointer align-baseline\"><span class=\"whitespace-normal\">Alain Sailly<\/span><\/span> juhendamisel, kes toetab osalejaid kogu protsessi v\u00e4ltel. Koolituse l\u00e4bimisel omandatakse vajalikud oskused kvaliteetse titaantsink katuse ja fassaadi ehitamiseks ning osalejatele v\u00e4ljastatakse vastav koolitussertifikaat.<\/p>\n<p><strong>Koolitus toimub kahel p\u00e4eval<\/strong>:<br \/>\n26.05 &#8211; 10:00 &#8211; 16:00<br \/>\n27.05 &#8211; 09:00 &#8211; 16:00<br \/>\nHaapsalu &#8211; teooria koolitusruum t\u00e4psustamisel, praktika objektil<\/p>\n<p><strong><span style=\"color: #ff0000;\">NB! <\/span>Koolitus on tasuta, kuid palume siiski teha e-poest 0 eurone &#8220;ost&#8221;, et registreerida enda osalemine koolitusel!<\/strong><\/p>\n","protected":false},"featured_media":30235,"template":"","meta":{"_gspb_post_css":"","_uf_show_specific_survey":0,"_uf_disable_surveys":false},"product_brand":[],"product_cat":[938],"product_tag":[],"filtrisusteem":[],"kvaliteediklass":[],"class_list":{"0":"post-30222","1":"product","2":"type-product","3":"status-publish","4":"has-post-thumbnail","6":"product_cat-koolitused","8":"first","9":"instock","10":"virtual","11":"taxable","12":"purchasable","13":"product-type-simple"},"yoast_head":"<!-- This site is optimized with the Yoast SEO Premium plugin v21.3 (Yoast SEO v27.3) - https:\/\/yoast.com\/product\/yoast-seo-premium-wordpress\/ -->\n<title>Titaantsink koolitus plekkseppadele - Haapsalu koolitus 26. - 27.05 - Hutton<\/title>\n<meta name=\"robots\" content=\"index, follow, max-snippet:-1, max-image-preview:large, max-video-preview:-1\" \/>\n<link rel=\"canonical\" href=\"https:\/\/hutton.ee\/toode\/titaantsink-koolitus-plekkseppadele-haapsalu-koolitus-26-27-05\/\" \/>\n<meta property=\"og:locale\" content=\"en_US\" \/>\n<meta property=\"og:type\" content=\"article\" \/>\n<meta property=\"og:title\" content=\"Titaantsink koolitus plekkseppadele - Haapsalu koolitus 26. - 27.05\" \/>\n<meta property=\"og:description\" content=\"TASUTA koolitus plekkseppadele! Titaantsink katusekoolitus on kahep\u00e4evane koolitus plekkseppadele, mis keskendub titaantsingist katuste ja fassaadide ehitamisele. Koolitusel tutvutakse materjali omaduste, erinevate katuset\u00fc\u00fcpide ning lahendustega, samuti k\u00e4sitletakse olulisi detaile nagu liited, neelud, l\u00e4biviigud, r\u00e4\u00e4stad ja vihmavees\u00fcsteemid. Koolituse p\u00f5hir\u00f5hk on praktilisel osal, kus osalejad paigaldavad viilkatusele eelpainutatud valtsipaane ning valmistavad ja paigaldavad erinevaid detaile. Praktiline osa viiakse l\u00e4bi VMZinc tehase esindaja, prantslase Alain Sailly juhendamisel, kes toetab osalejaid kogu protsessi v\u00e4ltel. Koolituse l\u00e4bimisel omandatakse vajalikud oskused kvaliteetse titaantsink katuse ja fassaadi ehitamiseks ning osalejatele v\u00e4ljastatakse vastav koolitussertifikaat. Koolitus toimub kahel p\u00e4eval: 26.05 - 10:00 - 16:00 27.05 - 09:00 - 16:00 Haapsalu - teooria koolitusruum t\u00e4psustamisel, praktika objektil  NB! Koolitus on tasuta, kuid palume siiski teha e-poest 0 eurone &quot;ost&quot;, et registreerida enda osalemine koolitusel!\" \/>\n<meta property=\"og:url\" content=\"https:\/\/hutton.ee\/toode\/titaantsink-koolitus-plekkseppadele-haapsalu-koolitus-26-27-05\/\" \/>\n<meta property=\"og:site_name\" content=\"Hutton\" \/>\n<meta property=\"article:publisher\" content=\"https:\/\/www.facebook.com\/huttoneesti\" \/>\n<meta property=\"article:modified_time\" content=\"2026-04-21T11:16:14+00:00\" \/>\n<meta property=\"og:image\" content=\"https:\/\/hutton.ee\/wp-content\/uploads\/2026\/04\/Titaantsink-koolitus-plekkseppadele.png\" \/>\n\t<meta property=\"og:image:width\" content=\"1080\" \/>\n\t<meta property=\"og:image:height\" content=\"1080\" \/>\n\t<meta property=\"og:image:type\" content=\"image\/png\" \/>\n<meta name=\"twitter:card\" content=\"summary_large_image\" \/>\n<meta name=\"twitter:label1\" content=\"Est. reading time\" \/>\n\t<meta name=\"twitter:data1\" content=\"1 minute\" \/>\n<script type=\"application\/ld+json\" class=\"yoast-schema-graph\">{\"@context\":\"https:\\\/\\\/schema.org\",\"@graph\":[{\"@type\":\"WebPage\",\"@id\":\"https:\\\/\\\/hutton.ee\\\/toode\\\/titaantsink-koolitus-plekkseppadele-haapsalu-koolitus-26-27-05\\\/\",\"url\":\"https:\\\/\\\/hutton.ee\\\/toode\\\/titaantsink-koolitus-plekkseppadele-haapsalu-koolitus-26-27-05\\\/\",\"name\":\"Titaantsink koolitus plekkseppadele - Haapsalu koolitus 26. - 27.05 - Hutton\",\"isPartOf\":{\"@id\":\"https:\\\/\\\/hutton.ee\\\/#website\"},\"primaryImageOfPage\":{\"@id\":\"https:\\\/\\\/hutton.ee\\\/toode\\\/titaantsink-koolitus-plekkseppadele-haapsalu-koolitus-26-27-05\\\/#primaryimage\"},\"image\":{\"@id\":\"https:\\\/\\\/hutton.ee\\\/toode\\\/titaantsink-koolitus-plekkseppadele-haapsalu-koolitus-26-27-05\\\/#primaryimage\"},\"thumbnailUrl\":\"https:\\\/\\\/hutton.ee\\\/wp-content\\\/uploads\\\/2026\\\/04\\\/Titaantsink-koolitus-plekkseppadele.png\",\"datePublished\":\"2026-04-16T11:34:19+00:00\",\"dateModified\":\"2026-04-21T11:16:14+00:00\",\"breadcrumb\":{\"@id\":\"https:\\\/\\\/hutton.ee\\\/toode\\\/titaantsink-koolitus-plekkseppadele-haapsalu-koolitus-26-27-05\\\/#breadcrumb\"},\"inLanguage\":\"en-US\",\"potentialAction\":[{\"@type\":\"ReadAction\",\"target\":[\"https:\\\/\\\/hutton.ee\\\/toode\\\/titaantsink-koolitus-plekkseppadele-haapsalu-koolitus-26-27-05\\\/\"]}]},{\"@type\":\"ImageObject\",\"inLanguage\":\"en-US\",\"@id\":\"https:\\\/\\\/hutton.ee\\\/toode\\\/titaantsink-koolitus-plekkseppadele-haapsalu-koolitus-26-27-05\\\/#primaryimage\",\"url\":\"https:\\\/\\\/hutton.ee\\\/wp-content\\\/uploads\\\/2026\\\/04\\\/Titaantsink-koolitus-plekkseppadele.png\",\"contentUrl\":\"https:\\\/\\\/hutton.ee\\\/wp-content\\\/uploads\\\/2026\\\/04\\\/Titaantsink-koolitus-plekkseppadele.png\",\"width\":1080,\"height\":1080,\"caption\":\"Titaantsink koolitus plekkseppadele\"},{\"@type\":\"BreadcrumbList\",\"@id\":\"https:\\\/\\\/hutton.ee\\\/toode\\\/titaantsink-koolitus-plekkseppadele-haapsalu-koolitus-26-27-05\\\/#breadcrumb\",\"itemListElement\":[{\"@type\":\"ListItem\",\"position\":1,\"name\":\"Avaleht\",\"item\":\"https:\\\/\\\/hutton.ee\\\/\"},{\"@type\":\"ListItem\",\"position\":2,\"name\":\"Shop\",\"item\":\"https:\\\/\\\/hutton.ee\\\/en\\\/shop\\\/\"},{\"@type\":\"ListItem\",\"position\":3,\"name\":\"Titaantsink koolitus plekkseppadele &#8211; Haapsalu koolitus 26. &#8211; 27.05\"}]},{\"@type\":\"WebSite\",\"@id\":\"https:\\\/\\\/hutton.ee\\\/#website\",\"url\":\"https:\\\/\\\/hutton.ee\\\/\",\"name\":\"Hutton\",\"description\":\"Ajas kestvad ehituslahendused\",\"publisher\":{\"@id\":\"https:\\\/\\\/hutton.ee\\\/#organization\"},\"potentialAction\":[{\"@type\":\"SearchAction\",\"target\":{\"@type\":\"EntryPoint\",\"urlTemplate\":\"https:\\\/\\\/hutton.ee\\\/?s={search_term_string}\"},\"query-input\":{\"@type\":\"PropertyValueSpecification\",\"valueRequired\":true,\"valueName\":\"search_term_string\"}}],\"inLanguage\":\"en-US\"},{\"@type\":\"Organization\",\"@id\":\"https:\\\/\\\/hutton.ee\\\/#organization\",\"name\":\"Hutton - KATUS | SEIN | FASSAAD\",\"url\":\"https:\\\/\\\/hutton.ee\\\/\",\"logo\":{\"@type\":\"ImageObject\",\"inLanguage\":\"en-US\",\"@id\":\"https:\\\/\\\/hutton.ee\\\/#\\\/schema\\\/logo\\\/image\\\/\",\"url\":\"https:\\\/\\\/hutton.ee\\\/wp-content\\\/uploads\\\/2020\\\/07\\\/hutton-logo_uuendatud-01.png\",\"contentUrl\":\"https:\\\/\\\/hutton.ee\\\/wp-content\\\/uploads\\\/2020\\\/07\\\/hutton-logo_uuendatud-01.png\",\"width\":1064,\"height\":455,\"caption\":\"Hutton - KATUS | SEIN | FASSAAD\"},\"image\":{\"@id\":\"https:\\\/\\\/hutton.ee\\\/#\\\/schema\\\/logo\\\/image\\\/\"},\"sameAs\":[\"https:\\\/\\\/www.facebook.com\\\/huttoneesti\"]}]}<\/script>\n<!-- \/ Yoast SEO Premium plugin. -->","yoast_head_json":{"title":"Titaantsink koolitus plekkseppadele - Haapsalu koolitus 26. - 27.05 - Hutton","robots":{"index":"index","follow":"follow","max-snippet":"max-snippet:-1","max-image-preview":"max-image-preview:large","max-video-preview":"max-video-preview:-1"},"canonical":"https:\/\/hutton.ee\/toode\/titaantsink-koolitus-plekkseppadele-haapsalu-koolitus-26-27-05\/","og_locale":"en_US","og_type":"article","og_title":"Titaantsink koolitus plekkseppadele - Haapsalu koolitus 26. - 27.05","og_description":"TASUTA koolitus plekkseppadele! Titaantsink katusekoolitus on kahep\u00e4evane koolitus plekkseppadele, mis keskendub titaantsingist katuste ja fassaadide ehitamisele. Koolitusel tutvutakse materjali omaduste, erinevate katuset\u00fc\u00fcpide ning lahendustega, samuti k\u00e4sitletakse olulisi detaile nagu liited, neelud, l\u00e4biviigud, r\u00e4\u00e4stad ja vihmavees\u00fcsteemid. Koolituse p\u00f5hir\u00f5hk on praktilisel osal, kus osalejad paigaldavad viilkatusele eelpainutatud valtsipaane ning valmistavad ja paigaldavad erinevaid detaile. Praktiline osa viiakse l\u00e4bi VMZinc tehase esindaja, prantslase Alain Sailly juhendamisel, kes toetab osalejaid kogu protsessi v\u00e4ltel. Koolituse l\u00e4bimisel omandatakse vajalikud oskused kvaliteetse titaantsink katuse ja fassaadi ehitamiseks ning osalejatele v\u00e4ljastatakse vastav koolitussertifikaat. Koolitus toimub kahel p\u00e4eval: 26.05 - 10:00 - 16:00 27.05 - 09:00 - 16:00 Haapsalu - teooria koolitusruum t\u00e4psustamisel, praktika objektil  NB! Koolitus on tasuta, kuid palume siiski teha e-poest 0 eurone \"ost\", et registreerida enda osalemine koolitusel!","og_url":"https:\/\/hutton.ee\/toode\/titaantsink-koolitus-plekkseppadele-haapsalu-koolitus-26-27-05\/","og_site_name":"Hutton","article_publisher":"https:\/\/www.facebook.com\/huttoneesti","article_modified_time":"2026-04-21T11:16:14+00:00","og_image":[{"width":1080,"height":1080,"url":"https:\/\/hutton.ee\/wp-content\/uploads\/2026\/04\/Titaantsink-koolitus-plekkseppadele.png","type":"image\/png"}],"twitter_card":"summary_large_image","twitter_misc":{"Est. reading time":"1 minute"},"schema":{"@context":"https:\/\/schema.org","@graph":[{"@type":"WebPage","@id":"https:\/\/hutton.ee\/toode\/titaantsink-koolitus-plekkseppadele-haapsalu-koolitus-26-27-05\/","url":"https:\/\/hutton.ee\/toode\/titaantsink-koolitus-plekkseppadele-haapsalu-koolitus-26-27-05\/","name":"Titaantsink koolitus plekkseppadele - Haapsalu koolitus 26. - 27.05 - Hutton","isPartOf":{"@id":"https:\/\/hutton.ee\/#website"},"primaryImageOfPage":{"@id":"https:\/\/hutton.ee\/toode\/titaantsink-koolitus-plekkseppadele-haapsalu-koolitus-26-27-05\/#primaryimage"},"image":{"@id":"https:\/\/hutton.ee\/toode\/titaantsink-koolitus-plekkseppadele-haapsalu-koolitus-26-27-05\/#primaryimage"},"thumbnailUrl":"https:\/\/hutton.ee\/wp-content\/uploads\/2026\/04\/Titaantsink-koolitus-plekkseppadele.png","datePublished":"2026-04-16T11:34:19+00:00","dateModified":"2026-04-21T11:16:14+00:00","breadcrumb":{"@id":"https:\/\/hutton.ee\/toode\/titaantsink-koolitus-plekkseppadele-haapsalu-koolitus-26-27-05\/#breadcrumb"},"inLanguage":"en-US","potentialAction":[{"@type":"ReadAction","target":["https:\/\/hutton.ee\/toode\/titaantsink-koolitus-plekkseppadele-haapsalu-koolitus-26-27-05\/"]}]},{"@type":"ImageObject","inLanguage":"en-US","@id":"https:\/\/hutton.ee\/toode\/titaantsink-koolitus-plekkseppadele-haapsalu-koolitus-26-27-05\/#primaryimage","url":"https:\/\/hutton.ee\/wp-content\/uploads\/2026\/04\/Titaantsink-koolitus-plekkseppadele.png","contentUrl":"https:\/\/hutton.ee\/wp-content\/uploads\/2026\/04\/Titaantsink-koolitus-plekkseppadele.png","width":1080,"height":1080,"caption":"Titaantsink koolitus plekkseppadele"},{"@type":"BreadcrumbList","@id":"https:\/\/hutton.ee\/toode\/titaantsink-koolitus-plekkseppadele-haapsalu-koolitus-26-27-05\/#breadcrumb","itemListElement":[{"@type":"ListItem","position":1,"name":"Avaleht","item":"https:\/\/hutton.ee\/"},{"@type":"ListItem","position":2,"name":"Shop","item":"https:\/\/hutton.ee\/en\/shop\/"},{"@type":"ListItem","position":3,"name":"Titaantsink koolitus plekkseppadele &#8211; Haapsalu koolitus 26. &#8211; 27.05"}]},{"@type":"WebSite","@id":"https:\/\/hutton.ee\/#website","url":"https:\/\/hutton.ee\/","name":"Hutton","description":"Ajas kestvad ehituslahendused","publisher":{"@id":"https:\/\/hutton.ee\/#organization"},"potentialAction":[{"@type":"SearchAction","target":{"@type":"EntryPoint","urlTemplate":"https:\/\/hutton.ee\/?s={search_term_string}"},"query-input":{"@type":"PropertyValueSpecification","valueRequired":true,"valueName":"search_term_string"}}],"inLanguage":"en-US"},{"@type":"Organization","@id":"https:\/\/hutton.ee\/#organization","name":"Hutton - KATUS | SEIN | FASSAAD","url":"https:\/\/hutton.ee\/","logo":{"@type":"ImageObject","inLanguage":"en-US","@id":"https:\/\/hutton.ee\/#\/schema\/logo\/image\/","url":"https:\/\/hutton.ee\/wp-content\/uploads\/2020\/07\/hutton-logo_uuendatud-01.png","contentUrl":"https:\/\/hutton.ee\/wp-content\/uploads\/2020\/07\/hutton-logo_uuendatud-01.png","width":1064,"height":455,"caption":"Hutton - KATUS | SEIN | FASSAAD"},"image":{"@id":"https:\/\/hutton.ee\/#\/schema\/logo\/image\/"},"sameAs":["https:\/\/www.facebook.com\/huttoneesti"]}]}},"_links":{"self":[{"href":"https:\/\/hutton.ee\/en\/wp-json\/wp\/v2\/product\/30222","targetHints":{"allow":["GET"]}}],"collection":[{"href":"https:\/\/hutton.ee\/en\/wp-json\/wp\/v2\/product"}],"about":[{"href":"https:\/\/hutton.ee\/en\/wp-json\/wp\/v2\/types\/product"}],"wp:featuredmedia":[{"embeddable":true,"href":"https:\/\/hutton.ee\/en\/wp-json\/wp\/v2\/media\/30235"}],"wp:attachment":[{"href":"https:\/\/hutton.ee\/en\/wp-json\/wp\/v2\/media?parent=30222"}],"wp:term":[{"taxonomy":"product_brand","embeddable":true,"href":"https:\/\/hutton.ee\/en\/wp-json\/wp\/v2\/product_brand?post=30222"},{"taxonomy":"product_cat","embeddable":true,"href":"https:\/\/hutton.ee\/en\/wp-json\/wp\/v2\/product_cat?post=30222"},{"taxonomy":"product_tag","embeddable":true,"href":"https:\/\/hutton.ee\/en\/wp-json\/wp\/v2\/product_tag?post=30222"},{"taxonomy":"filtrisusteem","embeddable":true,"href":"https:\/\/hutton.ee\/en\/wp-json\/wp\/v2\/filtrisusteem?post=30222"},{"taxonomy":"kvaliteediklass","embeddable":true,"href":"https:\/\/hutton.ee\/en\/wp-json\/wp\/v2\/kvaliteediklass?post=30222"}],"curies":[{"name":"wp","href":"https:\/\/api.w.org\/{rel}","templated":true}]}}