{"id":30230,"date":"2026-04-16T12:33:36","date_gmt":"2026-04-16T12:33:36","guid":{"rendered":"https:\/\/hutton.ee\/?post_type=product&#038;p=30230"},"modified":"2026-04-23T07:37:07","modified_gmt":"2026-04-23T07:37:07","slug":"arhitekti-materjalipadevuse-meistriklass-titaantsink-katused-haapsalu-koolitus-27-05","status":"publish","type":"product","link":"https:\/\/hutton.ee\/en\/toode\/arhitekti-materjalipadevuse-meistriklass-titaantsink-katused-haapsalu-koolitus-27-05\/","title":{"rendered":"Arhitekti materjalip\u00e4devuse meistriklass: Titaantsink katused &#8211; Haapsalu koolitus 27.05"},"content":{"rendered":"<p>Koolituskava:<\/p>\n<p><strong>Koolituse toimumise aeg: 27. mai 2026, kell 10.00 &#8211; 15.00<br \/>\n<\/strong><strong>M\u00f5lemal p\u00e4eval samasisuline koolitus, et saaksite valida, mis p\u00e4eval sobib tulla!<\/strong><\/p>\n<p><strong>10.<\/strong><strong><sup>00<\/sup><\/strong><strong> &#8211; 12.<\/strong><strong><sup>30<\/sup><\/strong><strong> \u00a0\u00a0\u00a0\u00a0 &#8211; klassiruumis<\/strong><\/p>\n<p><strong>Millistest osadest koosneb terviklik katusetarind?<\/strong><\/p>\n<ul>\n<li>kandetarind<\/li>\n<li>aluskatus<\/li>\n<li>kattetarind<\/li>\n<li>soojustus<\/li>\n<li>aurut\u00f5ke<\/li>\n<li>aluskate, tuulet\u00f5ke<\/li>\n<li>katusetarvikud<\/li>\n<li>vihmavee s\u00fcsteem<\/li>\n<li>p\u00e4ikseenergia seadmed<\/li>\n<li>katuseaknad, luugid<\/li>\n<li>vintskap, uuk<\/li>\n<li>liited, \u00fcleminekud, l\u00e4biviigud<\/li>\n<li>hari, r\u00e4\u00e4stas, viiluserv, neel, jne<\/li>\n<\/ul>\n<p><strong>Millised on metallist katte \u00fchendamise erinevad v\u00f5imalused ja tehnoloogiad?<\/strong><\/p>\n<ul>\n<li>valts ja topletvalts<\/li>\n<li>masinvalts<\/li>\n<li>klikkvalts<\/li>\n<li>flatlock<\/li>\n<li>sindel<\/li>\n<li>\u00fclekatteline kruvikinnitus<\/li>\n<li>kassettpaneelid<\/li>\n<li>korrigeeritud paneelid<\/li>\n<li>perforeeritud paanid<\/li>\n<li>suured silepaneelid varjatud kinnitusega<\/li>\n<\/ul>\n<p><strong>Kuidas ja mille alusel v\u00f5rrelda erinevast metallist katuse- ja fassaadikatteid?<\/strong><\/p>\n<ul>\n<li>titaantsink<\/li>\n<li>vask<\/li>\n<li>alumiinium<\/li>\n<li>terasplekk<\/li>\n<li>metallkihtidega pomposiitmaterjalid<\/li>\n<li>mis piirangud on metallist katuse- ja fassaadikatte materjalide kasutamisel<\/li>\n<\/ul>\n<p><strong>Mida arhitektid tegelikult tahavad?<\/strong><\/p>\n<ul>\n<li>Inspiratsiooniks &#8211; Mida on enne meid loodud metallist katuse ja fassaadikatte materjalide valdkonnas, Eestis ja maailmas<\/li>\n<\/ul>\n<p><strong>12.<\/strong><strong><sup>30<\/sup><\/strong><strong> &#8211; 13.<\/strong><strong><sup>00<\/sup><\/strong><strong> L\u00f5unapaus<\/strong><\/p>\n<p><strong>13.<\/strong><strong><sup>00<\/sup><\/strong><strong> &#8211; 15.<\/strong><strong><sup>00<\/sup><\/strong><\/p>\n<p><strong>Objekti k\u00fclastus<\/strong>:<\/p>\n<p>toimub titaantsink topeltvalts suvila katuse ehitus, plekkseppade koolitus<\/p>\n<p><strong>Rings\u00f5it Haapsalus<\/strong>:<br \/>\nvaatleme silmapaistva arhitektuuriga Haapsalu hooneid, ennek\u00f5ike katuste ja fassaadide kontekstis<\/p>\n","protected":false},"excerpt":{"rendered":"<p data-start=\"0\" data-end=\"354\"><strong><span style=\"color: #ff0000;\">TASUTA koolitus arhitektidele!<\/span><\/strong><\/p>\n<p data-start=\"0\" data-end=\"488\">See koolitus annab praktilise ja selge \u00fclevaate metallkatuste ja fassaadide lahendustest, keskendudes eelk\u00f5ige titaantsingi v\u00f5imalustele ja kasutusele. Tutvustatakse katusetarindite \u00fclesehitust, erinevaid \u00fchendustehnoloogiaid ning peamisi materjale ja nende kasutusv\u00f5imalusi. Osalejad saavad parema arusaama, kuidas valida sobivaid lahendusi ning millised on arhitektide ootused kaasaegsetele katuse- ja fassaadikonstruktsioonidele. Koolitus toimub v\u00e4ikeses seltskonnas \u00f5dusas ruumis.<\/p>\n<p data-start=\"490\" data-end=\"762\" data-is-last-node=\"\" data-is-only-node=\"\">Koolituse teises osas k\u00fclastatakse objekti ja tutvutakse reaalse titaantsink katuse ehitusega ning vaadeldakse Haapsalu arhitektuuri katuste ja fassaadide vaatenurgast.<\/p>\n<p><strong><span style=\"color: #ff0000;\">NB! <\/span>Koolitus on tasuta, kuid palume siiski teha e-poest 0 eurone &#8220;ost&#8221;, et registreerida enda osalemine koolitusel!<\/strong><\/p>\n","protected":false},"featured_media":30237,"template":"","meta":{"_gspb_post_css":"","_uf_show_specific_survey":0,"_uf_disable_surveys":false},"product_brand":[],"product_cat":[938],"product_tag":[],"filtrisusteem":[],"kvaliteediklass":[],"class_list":{"0":"post-30230","1":"product","2":"type-product","3":"status-publish","4":"has-post-thumbnail","6":"product_cat-koolitused","8":"first","9":"instock","10":"virtual","11":"taxable","12":"purchasable","13":"product-type-simple"},"yoast_head":"<!-- This site is optimized with the Yoast SEO Premium plugin v21.3 (Yoast SEO v27.3) - https:\/\/yoast.com\/product\/yoast-seo-premium-wordpress\/ -->\n<title>Arhitekti materjalip\u00e4devuse meistriklass: Titaantsink katused - Haapsalu koolitus 27.05 - Hutton<\/title>\n<meta name=\"robots\" content=\"index, follow, max-snippet:-1, max-image-preview:large, max-video-preview:-1\" \/>\n<link rel=\"canonical\" href=\"https:\/\/hutton.ee\/toode\/arhitekti-materjalipadevuse-meistriklass-titaantsink-katused-haapsalu-koolitus-27-05\/\" \/>\n<meta property=\"og:locale\" content=\"en_US\" \/>\n<meta property=\"og:type\" content=\"article\" \/>\n<meta property=\"og:title\" content=\"Arhitekti materjalip\u00e4devuse meistriklass: Titaantsink katused - Haapsalu koolitus 27.05\" \/>\n<meta property=\"og:description\" content=\"TASUTA koolitus arhitektidele! See koolitus annab praktilise ja selge \u00fclevaate metallkatuste ja fassaadide lahendustest, keskendudes eelk\u00f5ige titaantsingi v\u00f5imalustele ja kasutusele. Tutvustatakse katusetarindite \u00fclesehitust, erinevaid \u00fchendustehnoloogiaid ning peamisi materjale ja nende kasutusv\u00f5imalusi. Osalejad saavad parema arusaama, kuidas valida sobivaid lahendusi ning millised on arhitektide ootused kaasaegsetele katuse- ja fassaadikonstruktsioonidele. Koolitus toimub v\u00e4ikeses seltskonnas \u00f5dusas ruumis. Koolituse teises osas k\u00fclastatakse objekti ja tutvutakse reaalse titaantsink katuse ehitusega ning vaadeldakse Haapsalu arhitektuuri katuste ja fassaadide vaatenurgast. NB! Koolitus on tasuta, kuid palume siiski teha e-poest 0 eurone &quot;ost&quot;, et registreerida enda osalemine koolitusel!\" \/>\n<meta property=\"og:url\" content=\"https:\/\/hutton.ee\/toode\/arhitekti-materjalipadevuse-meistriklass-titaantsink-katused-haapsalu-koolitus-27-05\/\" \/>\n<meta property=\"og:site_name\" content=\"Hutton\" \/>\n<meta property=\"article:publisher\" content=\"https:\/\/www.facebook.com\/huttoneesti\" \/>\n<meta property=\"article:modified_time\" content=\"2026-04-23T07:37:07+00:00\" \/>\n<meta property=\"og:image\" content=\"https:\/\/hutton.ee\/wp-content\/uploads\/2026\/04\/Arhitekti-materjalipadevuse-meistriklass-.png\" \/>\n\t<meta property=\"og:image:width\" content=\"1080\" \/>\n\t<meta property=\"og:image:height\" content=\"1080\" \/>\n\t<meta property=\"og:image:type\" content=\"image\/png\" \/>\n<meta name=\"twitter:card\" content=\"summary_large_image\" \/>\n<meta name=\"twitter:label1\" content=\"Est. reading time\" \/>\n\t<meta name=\"twitter:data1\" content=\"2 minutes\" \/>\n<script type=\"application\/ld+json\" class=\"yoast-schema-graph\">{\"@context\":\"https:\\\/\\\/schema.org\",\"@graph\":[{\"@type\":\"WebPage\",\"@id\":\"https:\\\/\\\/hutton.ee\\\/toode\\\/arhitekti-materjalipadevuse-meistriklass-titaantsink-katused-haapsalu-koolitus-27-05\\\/\",\"url\":\"https:\\\/\\\/hutton.ee\\\/toode\\\/arhitekti-materjalipadevuse-meistriklass-titaantsink-katused-haapsalu-koolitus-27-05\\\/\",\"name\":\"Arhitekti materjalip\u00e4devuse meistriklass: Titaantsink katused - Haapsalu koolitus 27.05 - Hutton\",\"isPartOf\":{\"@id\":\"https:\\\/\\\/hutton.ee\\\/#website\"},\"primaryImageOfPage\":{\"@id\":\"https:\\\/\\\/hutton.ee\\\/toode\\\/arhitekti-materjalipadevuse-meistriklass-titaantsink-katused-haapsalu-koolitus-27-05\\\/#primaryimage\"},\"image\":{\"@id\":\"https:\\\/\\\/hutton.ee\\\/toode\\\/arhitekti-materjalipadevuse-meistriklass-titaantsink-katused-haapsalu-koolitus-27-05\\\/#primaryimage\"},\"thumbnailUrl\":\"https:\\\/\\\/hutton.ee\\\/wp-content\\\/uploads\\\/2026\\\/04\\\/Arhitekti-materjalipadevuse-meistriklass-.png\",\"datePublished\":\"2026-04-16T12:33:36+00:00\",\"dateModified\":\"2026-04-23T07:37:07+00:00\",\"breadcrumb\":{\"@id\":\"https:\\\/\\\/hutton.ee\\\/toode\\\/arhitekti-materjalipadevuse-meistriklass-titaantsink-katused-haapsalu-koolitus-27-05\\\/#breadcrumb\"},\"inLanguage\":\"en-US\",\"potentialAction\":[{\"@type\":\"ReadAction\",\"target\":[\"https:\\\/\\\/hutton.ee\\\/toode\\\/arhitekti-materjalipadevuse-meistriklass-titaantsink-katused-haapsalu-koolitus-27-05\\\/\"]}]},{\"@type\":\"ImageObject\",\"inLanguage\":\"en-US\",\"@id\":\"https:\\\/\\\/hutton.ee\\\/toode\\\/arhitekti-materjalipadevuse-meistriklass-titaantsink-katused-haapsalu-koolitus-27-05\\\/#primaryimage\",\"url\":\"https:\\\/\\\/hutton.ee\\\/wp-content\\\/uploads\\\/2026\\\/04\\\/Arhitekti-materjalipadevuse-meistriklass-.png\",\"contentUrl\":\"https:\\\/\\\/hutton.ee\\\/wp-content\\\/uploads\\\/2026\\\/04\\\/Arhitekti-materjalipadevuse-meistriklass-.png\",\"width\":1080,\"height\":1080,\"caption\":\"Arhitekti materjalip\u00e4devuse meistriklass\"},{\"@type\":\"BreadcrumbList\",\"@id\":\"https:\\\/\\\/hutton.ee\\\/toode\\\/arhitekti-materjalipadevuse-meistriklass-titaantsink-katused-haapsalu-koolitus-27-05\\\/#breadcrumb\",\"itemListElement\":[{\"@type\":\"ListItem\",\"position\":1,\"name\":\"Avaleht\",\"item\":\"https:\\\/\\\/hutton.ee\\\/\"},{\"@type\":\"ListItem\",\"position\":2,\"name\":\"Shop\",\"item\":\"https:\\\/\\\/hutton.ee\\\/en\\\/shop\\\/\"},{\"@type\":\"ListItem\",\"position\":3,\"name\":\"Arhitekti materjalip\u00e4devuse meistriklass: Titaantsink katused &#8211; Haapsalu koolitus 27.05\"}]},{\"@type\":\"WebSite\",\"@id\":\"https:\\\/\\\/hutton.ee\\\/#website\",\"url\":\"https:\\\/\\\/hutton.ee\\\/\",\"name\":\"Hutton\",\"description\":\"Ajas kestvad ehituslahendused\",\"publisher\":{\"@id\":\"https:\\\/\\\/hutton.ee\\\/#organization\"},\"potentialAction\":[{\"@type\":\"SearchAction\",\"target\":{\"@type\":\"EntryPoint\",\"urlTemplate\":\"https:\\\/\\\/hutton.ee\\\/?s={search_term_string}\"},\"query-input\":{\"@type\":\"PropertyValueSpecification\",\"valueRequired\":true,\"valueName\":\"search_term_string\"}}],\"inLanguage\":\"en-US\"},{\"@type\":\"Organization\",\"@id\":\"https:\\\/\\\/hutton.ee\\\/#organization\",\"name\":\"Hutton - KATUS | SEIN | FASSAAD\",\"url\":\"https:\\\/\\\/hutton.ee\\\/\",\"logo\":{\"@type\":\"ImageObject\",\"inLanguage\":\"en-US\",\"@id\":\"https:\\\/\\\/hutton.ee\\\/#\\\/schema\\\/logo\\\/image\\\/\",\"url\":\"https:\\\/\\\/hutton.ee\\\/wp-content\\\/uploads\\\/2020\\\/07\\\/hutton-logo_uuendatud-01.png\",\"contentUrl\":\"https:\\\/\\\/hutton.ee\\\/wp-content\\\/uploads\\\/2020\\\/07\\\/hutton-logo_uuendatud-01.png\",\"width\":1064,\"height\":455,\"caption\":\"Hutton - KATUS | SEIN | FASSAAD\"},\"image\":{\"@id\":\"https:\\\/\\\/hutton.ee\\\/#\\\/schema\\\/logo\\\/image\\\/\"},\"sameAs\":[\"https:\\\/\\\/www.facebook.com\\\/huttoneesti\"]}]}<\/script>\n<!-- \/ Yoast SEO Premium plugin. -->","yoast_head_json":{"title":"Arhitekti materjalip\u00e4devuse meistriklass: Titaantsink katused - Haapsalu koolitus 27.05 - Hutton","robots":{"index":"index","follow":"follow","max-snippet":"max-snippet:-1","max-image-preview":"max-image-preview:large","max-video-preview":"max-video-preview:-1"},"canonical":"https:\/\/hutton.ee\/toode\/arhitekti-materjalipadevuse-meistriklass-titaantsink-katused-haapsalu-koolitus-27-05\/","og_locale":"en_US","og_type":"article","og_title":"Arhitekti materjalip\u00e4devuse meistriklass: Titaantsink katused - Haapsalu koolitus 27.05","og_description":"TASUTA koolitus arhitektidele! See koolitus annab praktilise ja selge \u00fclevaate metallkatuste ja fassaadide lahendustest, keskendudes eelk\u00f5ige titaantsingi v\u00f5imalustele ja kasutusele. Tutvustatakse katusetarindite \u00fclesehitust, erinevaid \u00fchendustehnoloogiaid ning peamisi materjale ja nende kasutusv\u00f5imalusi. Osalejad saavad parema arusaama, kuidas valida sobivaid lahendusi ning millised on arhitektide ootused kaasaegsetele katuse- ja fassaadikonstruktsioonidele. Koolitus toimub v\u00e4ikeses seltskonnas \u00f5dusas ruumis. Koolituse teises osas k\u00fclastatakse objekti ja tutvutakse reaalse titaantsink katuse ehitusega ning vaadeldakse Haapsalu arhitektuuri katuste ja fassaadide vaatenurgast. NB! Koolitus on tasuta, kuid palume siiski teha e-poest 0 eurone \"ost\", et registreerida enda osalemine koolitusel!","og_url":"https:\/\/hutton.ee\/toode\/arhitekti-materjalipadevuse-meistriklass-titaantsink-katused-haapsalu-koolitus-27-05\/","og_site_name":"Hutton","article_publisher":"https:\/\/www.facebook.com\/huttoneesti","article_modified_time":"2026-04-23T07:37:07+00:00","og_image":[{"width":1080,"height":1080,"url":"https:\/\/hutton.ee\/wp-content\/uploads\/2026\/04\/Arhitekti-materjalipadevuse-meistriklass-.png","type":"image\/png"}],"twitter_card":"summary_large_image","twitter_misc":{"Est. reading time":"2 minutes"},"schema":{"@context":"https:\/\/schema.org","@graph":[{"@type":"WebPage","@id":"https:\/\/hutton.ee\/toode\/arhitekti-materjalipadevuse-meistriklass-titaantsink-katused-haapsalu-koolitus-27-05\/","url":"https:\/\/hutton.ee\/toode\/arhitekti-materjalipadevuse-meistriklass-titaantsink-katused-haapsalu-koolitus-27-05\/","name":"Arhitekti materjalip\u00e4devuse meistriklass: Titaantsink katused - Haapsalu koolitus 27.05 - Hutton","isPartOf":{"@id":"https:\/\/hutton.ee\/#website"},"primaryImageOfPage":{"@id":"https:\/\/hutton.ee\/toode\/arhitekti-materjalipadevuse-meistriklass-titaantsink-katused-haapsalu-koolitus-27-05\/#primaryimage"},"image":{"@id":"https:\/\/hutton.ee\/toode\/arhitekti-materjalipadevuse-meistriklass-titaantsink-katused-haapsalu-koolitus-27-05\/#primaryimage"},"thumbnailUrl":"https:\/\/hutton.ee\/wp-content\/uploads\/2026\/04\/Arhitekti-materjalipadevuse-meistriklass-.png","datePublished":"2026-04-16T12:33:36+00:00","dateModified":"2026-04-23T07:37:07+00:00","breadcrumb":{"@id":"https:\/\/hutton.ee\/toode\/arhitekti-materjalipadevuse-meistriklass-titaantsink-katused-haapsalu-koolitus-27-05\/#breadcrumb"},"inLanguage":"en-US","potentialAction":[{"@type":"ReadAction","target":["https:\/\/hutton.ee\/toode\/arhitekti-materjalipadevuse-meistriklass-titaantsink-katused-haapsalu-koolitus-27-05\/"]}]},{"@type":"ImageObject","inLanguage":"en-US","@id":"https:\/\/hutton.ee\/toode\/arhitekti-materjalipadevuse-meistriklass-titaantsink-katused-haapsalu-koolitus-27-05\/#primaryimage","url":"https:\/\/hutton.ee\/wp-content\/uploads\/2026\/04\/Arhitekti-materjalipadevuse-meistriklass-.png","contentUrl":"https:\/\/hutton.ee\/wp-content\/uploads\/2026\/04\/Arhitekti-materjalipadevuse-meistriklass-.png","width":1080,"height":1080,"caption":"Arhitekti materjalip\u00e4devuse meistriklass"},{"@type":"BreadcrumbList","@id":"https:\/\/hutton.ee\/toode\/arhitekti-materjalipadevuse-meistriklass-titaantsink-katused-haapsalu-koolitus-27-05\/#breadcrumb","itemListElement":[{"@type":"ListItem","position":1,"name":"Avaleht","item":"https:\/\/hutton.ee\/"},{"@type":"ListItem","position":2,"name":"Shop","item":"https:\/\/hutton.ee\/en\/shop\/"},{"@type":"ListItem","position":3,"name":"Arhitekti materjalip\u00e4devuse meistriklass: Titaantsink katused &#8211; Haapsalu koolitus 27.05"}]},{"@type":"WebSite","@id":"https:\/\/hutton.ee\/#website","url":"https:\/\/hutton.ee\/","name":"Hutton","description":"Ajas kestvad ehituslahendused","publisher":{"@id":"https:\/\/hutton.ee\/#organization"},"potentialAction":[{"@type":"SearchAction","target":{"@type":"EntryPoint","urlTemplate":"https:\/\/hutton.ee\/?s={search_term_string}"},"query-input":{"@type":"PropertyValueSpecification","valueRequired":true,"valueName":"search_term_string"}}],"inLanguage":"en-US"},{"@type":"Organization","@id":"https:\/\/hutton.ee\/#organization","name":"Hutton - KATUS | SEIN | FASSAAD","url":"https:\/\/hutton.ee\/","logo":{"@type":"ImageObject","inLanguage":"en-US","@id":"https:\/\/hutton.ee\/#\/schema\/logo\/image\/","url":"https:\/\/hutton.ee\/wp-content\/uploads\/2020\/07\/hutton-logo_uuendatud-01.png","contentUrl":"https:\/\/hutton.ee\/wp-content\/uploads\/2020\/07\/hutton-logo_uuendatud-01.png","width":1064,"height":455,"caption":"Hutton - KATUS | SEIN | FASSAAD"},"image":{"@id":"https:\/\/hutton.ee\/#\/schema\/logo\/image\/"},"sameAs":["https:\/\/www.facebook.com\/huttoneesti"]}]}},"_links":{"self":[{"href":"https:\/\/hutton.ee\/en\/wp-json\/wp\/v2\/product\/30230","targetHints":{"allow":["GET"]}}],"collection":[{"href":"https:\/\/hutton.ee\/en\/wp-json\/wp\/v2\/product"}],"about":[{"href":"https:\/\/hutton.ee\/en\/wp-json\/wp\/v2\/types\/product"}],"wp:featuredmedia":[{"embeddable":true,"href":"https:\/\/hutton.ee\/en\/wp-json\/wp\/v2\/media\/30237"}],"wp:attachment":[{"href":"https:\/\/hutton.ee\/en\/wp-json\/wp\/v2\/media?parent=30230"}],"wp:term":[{"taxonomy":"product_brand","embeddable":true,"href":"https:\/\/hutton.ee\/en\/wp-json\/wp\/v2\/product_brand?post=30230"},{"taxonomy":"product_cat","embeddable":true,"href":"https:\/\/hutton.ee\/en\/wp-json\/wp\/v2\/product_cat?post=30230"},{"taxonomy":"product_tag","embeddable":true,"href":"https:\/\/hutton.ee\/en\/wp-json\/wp\/v2\/product_tag?post=30230"},{"taxonomy":"filtrisusteem","embeddable":true,"href":"https:\/\/hutton.ee\/en\/wp-json\/wp\/v2\/filtrisusteem?post=30230"},{"taxonomy":"kvaliteediklass","embeddable":true,"href":"https:\/\/hutton.ee\/en\/wp-json\/wp\/v2\/kvaliteediklass?post=30230"}],"curies":[{"name":"wp","href":"https:\/\/api.w.org\/{rel}","templated":true}]}}