{"id":30245,"date":"2026-04-20T13:25:35","date_gmt":"2026-04-20T13:25:35","guid":{"rendered":"https:\/\/hutton.ee\/?post_type=product&#038;p=30245"},"modified":"2026-04-20T13:29:04","modified_gmt":"2026-04-20T13:29:04","slug":"terrassilaudade-paigalduse-tooriist","status":"publish","type":"product","link":"https:\/\/hutton.ee\/en\/toode\/terrassilaudade-paigalduse-tooriist\/","title":{"rendered":"Terrassilaudade paigalduse t\u00f6\u00f6riist"},"content":{"rendered":"<p><span dir=\"auto\">Deckers\u00a0<\/span><span data-teams=\"true\"><span dir=\"auto\">\u00a0on praktiline ja usaldusv\u00e4\u00e4rne t\u00f6\u00f6riist terrassilaudade n\u00e4htamatuks kinnitamiseks. T\u00f6\u00f6riistad on loodud t\u00f6\u00f6tama mitmesuguste puidukruvidega.<\/span><\/span><\/p>\n<p><span dir=\"auto\">Deckersi t\u00f6\u00f6riist reguleeritakse\u00a0<\/span><strong><span dir=\"auto\">laua laiuse j\u00e4rgi<\/span><\/strong><span dir=\"auto\">\u00a0.<\/span><br \/>\n<span dir=\"auto\">T\u00f6\u00f6riist haarab lauast ja\u00a0hoiab seda kindlalt, kui\u00a0<\/span><strong><span dir=\"auto\">hoob<\/span><\/strong><span dir=\"auto\">\u00a0vabastatakse. Fastshifter, CAMO v\u00f5i muud puidukruvid sisestatakse t\u00f6\u00f6riista\u00a0<strong>m\u00f5lemal<\/strong><\/span><br \/>\n<span dir=\"auto\">k\u00fcljel asuvatesse \u00f5\u00f5nsustesse .\u00a0Puidukruvid keeratakse laua sisse kruvikeerajaga.\u00a0Kruvikeeraja otsal on\u00a0<strong>piiraja<\/strong>\u00a0\u00a0\u2013 keerake, kuni piiraja toetub.\u00a0<a href=\"https:\/\/mdsterasos.lt\/produktas\/antgalis-tx15x100-nematomam-terasu-tvirtinimo-irankiui-the-deckers\/\"><strong>T15 Torx<\/strong><\/a> kruvikeeraja ots piirajaga tagab puidukruvide t\u00e4pse keeramise .<\/span><\/p>\n<p><span data-teams=\"true\"><span dir=\"auto\">Deckersi universaalne t\u00f6\u00f6riist v\u00f5imaldab peita terrassikruvid\u00a0<\/span><strong><span dir=\"auto\">laudade<\/span><\/strong><span dir=\"auto\">\u00a0servadesse, mist\u00f5ttu seda nimetatakse n\u00e4htamatuks ehk peidetud kinnitusmeetodiks. Kruvid loovad kauni ja sileda terrassipinna ilma kruvideta, andes esteetilise puhtuse, modernsuse ja paljajalu k\u00f5ndimise ohutuse tunde.<\/span><\/span><\/p>\n<h4><strong><span dir=\"auto\">Deckersi n\u00e4htamatu kinnituss\u00fcsteemi saab paigaldada:<\/span><\/strong><\/h4>\n<p><span dir=\"auto\">m\u00e4nnipuidust terrassilauad;<\/span><br \/>\n<span dir=\"auto\">kuusepuidust terrassilauad;<\/span><br \/>\n<span dir=\"auto\">lehisepuidust terrassilauad;<\/span><br \/>\n<span dir=\"auto\">immutatud terrassilauad;<\/span><br \/>\n<span dir=\"auto\">termopuidust m\u00e4nnilauad;<\/span><br \/>\n<span dir=\"auto\">t\u00e4ispuidust WPC-lauad;<\/span><br \/>\n<span dir=\"auto\">eksootilisest puidust lauad;<\/span><br \/>\n<span dir=\"auto\">terrassilauad veekogu l\u00e4hedal asuvatele objektidele.<\/span><\/p>\n<h4 data-start=\"302\" data-end=\"341\"><strong data-start=\"306\" data-end=\"339\"><span dir=\"auto\">Universaalne kinnitusvahend firmalt The Deckers. Omadused:<\/span><\/strong><\/h4>\n<p data-start=\"342\" data-end=\"722\"><span dir=\"auto\">Mitmek\u00fclgsus \u2013 sobib laudadele laiusega\u00a0<\/span><strong data-start=\"382\" data-end=\"402\"><span dir=\"auto\">90 mm kuni 150 mm<\/span><\/strong><span dir=\"auto\">\u00a0.<\/span><br data-start=\"410\" data-end=\"413\" \/><span dir=\"auto\">V\u00f5imaldab valida optimaalse laudade vahe:\u00a0<\/span><strong data-start=\"479\" data-end=\"509\"><span dir=\"auto\">3,5 mm, 4,5 mm<\/span><\/strong><span dir=\"auto\">\u00a0v\u00f5i\u00a0<\/span><strong data-start=\"479\" data-end=\"509\"><span dir=\"auto\">5,5 mm<\/span><\/strong><span dir=\"auto\"> .<\/span><br data-start=\"618\" data-end=\"621\" \/><strong data-start=\"623\" data-end=\"647\"><span dir=\"auto\">Kvaliteet hea hinnaga<\/span><\/strong><span dir=\"auto\">\u00a0\u2013 suurep\u00e4rane alternatiiv t\u00f6\u00f6riista rentimisele.<\/span><\/p>\n<h4 data-start=\"1120\" data-end=\"1162\"><strong data-start=\"1124\" data-end=\"1160\"><span dir=\"auto\">Miks valida The Deckers?<\/span><\/strong><\/h4>\n<p data-start=\"1163\" data-end=\"1444\"><strong><span dir=\"auto\">Vastupidav, ohutu ja esteetiline terrass:<\/span><\/strong><span dir=\"auto\">\u00a0ei mingeid v\u00e4ljaulatuvaid kruvisid ega l\u00f5henevaid laudu.<\/span><br data-start=\"1252\" data-end=\"1255\" \/><strong data-start=\"1257\" data-end=\"1281\"><span dir=\"auto\">Lihtne paigaldus:<\/span><\/strong><span dir=\"auto\">\u00a0\u00a0t\u00e4iendavat puurimist pole vaja, laudade vahele tekib automaatselt \u00fchtlane vahe.<\/span><br data-start=\"1361\" data-end=\"1364\" \/><strong data-start=\"1366\" data-end=\"1385\"><span dir=\"auto\">Pole kiirustamist<\/span><\/strong><span dir=\"auto\">\u00a0\u2013 haara t\u00f6\u00f6riist ja t\u00f6\u00f6ta omas tempos.<\/span><\/p>\n<h4><strong><span dir=\"auto\">Spetsifikatsioonid:<\/span><\/strong><\/h4>\n<p><span dir=\"auto\">Minimaalne laua laius: 8,9 cm<\/span><br \/>\n<span dir=\"auto\">Maksimaalne laua laius: 15,2 cm<\/span><br \/>\n<span dir=\"auto\">Laudade vahed: 3,5 mm, 4,5 mm, 5,5 mm<\/span><\/p>\n","protected":false},"excerpt":{"rendered":"<p>Deckers\u00a0\u00a0on praktiline ja usaldusv\u00e4\u00e4rne t\u00f6\u00f6riist terrassilaudade n\u00e4htamatuks kinnitamiseks. T\u00f6\u00f6riistad on loodud t\u00f6\u00f6tama mitmesuguste puidukruvidega. Deckersi t\u00f6\u00f6riist reguleeritakse\u00a0laua laiuse j\u00e4rgi\u00a0. T\u00f6\u00f6riist haarab lauast ja\u00a0hoiab seda kindlalt, kui\u00a0hoob\u00a0vabastatakse. Fastshifter, CAMO v\u00f5i muud puidukruvid sisestatakse t\u00f6\u00f6riista\u00a0m\u00f5lemal k\u00fcljel asuvatesse \u00f5\u00f5nsustesse .\u00a0Puidukruvid keeratakse laua sisse kruvikeerajaga.\u00a0Kruvikeeraja otsal on\u00a0piiraja\u00a0\u00a0\u2013 keerake, kuni piiraja toetub.\u00a0T15 Torx kruvikeeraja ots piirajaga tagab puidukruvide t\u00e4pse keeramise [&hellip;]<\/p>\n","protected":false},"featured_media":30246,"template":"","meta":{"_gspb_post_css":"","_uf_show_specific_survey":0,"_uf_disable_surveys":false},"product_brand":[],"product_cat":[973],"product_tag":[],"filtrisusteem":[],"kvaliteediklass":[],"class_list":{"0":"post-30245","1":"product","2":"type-product","3":"status-publish","4":"has-post-thumbnail","6":"product_cat-maaramata","8":"first","9":"instock","10":"taxable","11":"shipping-taxable","12":"purchasable","13":"product-type-simple"},"yoast_head":"<!-- This site is optimized with the Yoast SEO Premium plugin v21.3 (Yoast SEO v27.3) - https:\/\/yoast.com\/product\/yoast-seo-premium-wordpress\/ -->\n<title>Terrassilaudade paigalduse t\u00f6\u00f6riist - Hutton<\/title>\n<meta name=\"robots\" content=\"index, follow, max-snippet:-1, max-image-preview:large, max-video-preview:-1\" \/>\n<link rel=\"canonical\" href=\"https:\/\/hutton.ee\/toode\/terrassilaudade-paigalduse-tooriist\/\" \/>\n<meta property=\"og:locale\" content=\"en_US\" \/>\n<meta property=\"og:type\" content=\"article\" \/>\n<meta property=\"og:title\" content=\"Terrassilaudade paigalduse t\u00f6\u00f6riist\" \/>\n<meta property=\"og:description\" content=\"Deckers\u00a0\u00a0on praktiline ja usaldusv\u00e4\u00e4rne t\u00f6\u00f6riist terrassilaudade n\u00e4htamatuks kinnitamiseks. T\u00f6\u00f6riistad on loodud t\u00f6\u00f6tama mitmesuguste puidukruvidega. Deckersi t\u00f6\u00f6riist reguleeritakse\u00a0laua laiuse j\u00e4rgi\u00a0. T\u00f6\u00f6riist haarab lauast ja\u00a0hoiab seda kindlalt, kui\u00a0hoob\u00a0vabastatakse. Fastshifter, CAMO v\u00f5i muud puidukruvid sisestatakse t\u00f6\u00f6riista\u00a0m\u00f5lemal k\u00fcljel asuvatesse \u00f5\u00f5nsustesse .\u00a0Puidukruvid keeratakse laua sisse kruvikeerajaga.\u00a0Kruvikeeraja otsal on\u00a0piiraja\u00a0\u00a0\u2013 keerake, kuni piiraja toetub.\u00a0T15 Torx kruvikeeraja ots piirajaga tagab puidukruvide t\u00e4pse keeramise [&hellip;]\" \/>\n<meta property=\"og:url\" content=\"https:\/\/hutton.ee\/toode\/terrassilaudade-paigalduse-tooriist\/\" \/>\n<meta property=\"og:site_name\" content=\"Hutton\" \/>\n<meta property=\"article:publisher\" content=\"https:\/\/www.facebook.com\/huttoneesti\" \/>\n<meta property=\"article:modified_time\" content=\"2026-04-20T13:29:04+00:00\" \/>\n<meta property=\"og:image\" content=\"https:\/\/hutton.ee\/wp-content\/uploads\/2026\/04\/Untitled-design-82.jpg\" \/>\n\t<meta property=\"og:image:width\" content=\"1080\" \/>\n\t<meta property=\"og:image:height\" content=\"1080\" \/>\n\t<meta property=\"og:image:type\" content=\"image\/jpeg\" \/>\n<meta name=\"twitter:card\" content=\"summary_large_image\" \/>\n<meta name=\"twitter:label1\" content=\"Est. reading time\" \/>\n\t<meta name=\"twitter:data1\" content=\"2 minutes\" \/>\n<script type=\"application\/ld+json\" class=\"yoast-schema-graph\">{\"@context\":\"https:\\\/\\\/schema.org\",\"@graph\":[{\"@type\":\"WebPage\",\"@id\":\"https:\\\/\\\/hutton.ee\\\/toode\\\/terrassilaudade-paigalduse-tooriist\\\/\",\"url\":\"https:\\\/\\\/hutton.ee\\\/toode\\\/terrassilaudade-paigalduse-tooriist\\\/\",\"name\":\"Terrassilaudade paigalduse t\u00f6\u00f6riist - Hutton\",\"isPartOf\":{\"@id\":\"https:\\\/\\\/hutton.ee\\\/#website\"},\"primaryImageOfPage\":{\"@id\":\"https:\\\/\\\/hutton.ee\\\/toode\\\/terrassilaudade-paigalduse-tooriist\\\/#primaryimage\"},\"image\":{\"@id\":\"https:\\\/\\\/hutton.ee\\\/toode\\\/terrassilaudade-paigalduse-tooriist\\\/#primaryimage\"},\"thumbnailUrl\":\"https:\\\/\\\/hutton.ee\\\/wp-content\\\/uploads\\\/2026\\\/04\\\/Untitled-design-82.jpg\",\"datePublished\":\"2026-04-20T13:25:35+00:00\",\"dateModified\":\"2026-04-20T13:29:04+00:00\",\"breadcrumb\":{\"@id\":\"https:\\\/\\\/hutton.ee\\\/toode\\\/terrassilaudade-paigalduse-tooriist\\\/#breadcrumb\"},\"inLanguage\":\"en-US\",\"potentialAction\":[{\"@type\":\"ReadAction\",\"target\":[\"https:\\\/\\\/hutton.ee\\\/toode\\\/terrassilaudade-paigalduse-tooriist\\\/\"]}]},{\"@type\":\"ImageObject\",\"inLanguage\":\"en-US\",\"@id\":\"https:\\\/\\\/hutton.ee\\\/toode\\\/terrassilaudade-paigalduse-tooriist\\\/#primaryimage\",\"url\":\"https:\\\/\\\/hutton.ee\\\/wp-content\\\/uploads\\\/2026\\\/04\\\/Untitled-design-82.jpg\",\"contentUrl\":\"https:\\\/\\\/hutton.ee\\\/wp-content\\\/uploads\\\/2026\\\/04\\\/Untitled-design-82.jpg\",\"width\":1080,\"height\":1080},{\"@type\":\"BreadcrumbList\",\"@id\":\"https:\\\/\\\/hutton.ee\\\/toode\\\/terrassilaudade-paigalduse-tooriist\\\/#breadcrumb\",\"itemListElement\":[{\"@type\":\"ListItem\",\"position\":1,\"name\":\"Avaleht\",\"item\":\"https:\\\/\\\/hutton.ee\\\/\"},{\"@type\":\"ListItem\",\"position\":2,\"name\":\"Shop\",\"item\":\"https:\\\/\\\/hutton.ee\\\/en\\\/shop\\\/\"},{\"@type\":\"ListItem\",\"position\":3,\"name\":\"Terrassilaudade paigalduse t\u00f6\u00f6riist\"}]},{\"@type\":\"WebSite\",\"@id\":\"https:\\\/\\\/hutton.ee\\\/#website\",\"url\":\"https:\\\/\\\/hutton.ee\\\/\",\"name\":\"Hutton\",\"description\":\"Ajas kestvad ehituslahendused\",\"publisher\":{\"@id\":\"https:\\\/\\\/hutton.ee\\\/#organization\"},\"potentialAction\":[{\"@type\":\"SearchAction\",\"target\":{\"@type\":\"EntryPoint\",\"urlTemplate\":\"https:\\\/\\\/hutton.ee\\\/?s={search_term_string}\"},\"query-input\":{\"@type\":\"PropertyValueSpecification\",\"valueRequired\":true,\"valueName\":\"search_term_string\"}}],\"inLanguage\":\"en-US\"},{\"@type\":\"Organization\",\"@id\":\"https:\\\/\\\/hutton.ee\\\/#organization\",\"name\":\"Hutton - KATUS | SEIN | FASSAAD\",\"url\":\"https:\\\/\\\/hutton.ee\\\/\",\"logo\":{\"@type\":\"ImageObject\",\"inLanguage\":\"en-US\",\"@id\":\"https:\\\/\\\/hutton.ee\\\/#\\\/schema\\\/logo\\\/image\\\/\",\"url\":\"https:\\\/\\\/hutton.ee\\\/wp-content\\\/uploads\\\/2020\\\/07\\\/hutton-logo_uuendatud-01.png\",\"contentUrl\":\"https:\\\/\\\/hutton.ee\\\/wp-content\\\/uploads\\\/2020\\\/07\\\/hutton-logo_uuendatud-01.png\",\"width\":1064,\"height\":455,\"caption\":\"Hutton - KATUS | SEIN | FASSAAD\"},\"image\":{\"@id\":\"https:\\\/\\\/hutton.ee\\\/#\\\/schema\\\/logo\\\/image\\\/\"},\"sameAs\":[\"https:\\\/\\\/www.facebook.com\\\/huttoneesti\"]}]}<\/script>\n<!-- \/ Yoast SEO Premium plugin. -->","yoast_head_json":{"title":"Terrassilaudade paigalduse t\u00f6\u00f6riist - Hutton","robots":{"index":"index","follow":"follow","max-snippet":"max-snippet:-1","max-image-preview":"max-image-preview:large","max-video-preview":"max-video-preview:-1"},"canonical":"https:\/\/hutton.ee\/toode\/terrassilaudade-paigalduse-tooriist\/","og_locale":"en_US","og_type":"article","og_title":"Terrassilaudade paigalduse t\u00f6\u00f6riist","og_description":"Deckers\u00a0\u00a0on praktiline ja usaldusv\u00e4\u00e4rne t\u00f6\u00f6riist terrassilaudade n\u00e4htamatuks kinnitamiseks. T\u00f6\u00f6riistad on loodud t\u00f6\u00f6tama mitmesuguste puidukruvidega. Deckersi t\u00f6\u00f6riist reguleeritakse\u00a0laua laiuse j\u00e4rgi\u00a0. T\u00f6\u00f6riist haarab lauast ja\u00a0hoiab seda kindlalt, kui\u00a0hoob\u00a0vabastatakse. Fastshifter, CAMO v\u00f5i muud puidukruvid sisestatakse t\u00f6\u00f6riista\u00a0m\u00f5lemal k\u00fcljel asuvatesse \u00f5\u00f5nsustesse .\u00a0Puidukruvid keeratakse laua sisse kruvikeerajaga.\u00a0Kruvikeeraja otsal on\u00a0piiraja\u00a0\u00a0\u2013 keerake, kuni piiraja toetub.\u00a0T15 Torx kruvikeeraja ots piirajaga tagab puidukruvide t\u00e4pse keeramise [&hellip;]","og_url":"https:\/\/hutton.ee\/toode\/terrassilaudade-paigalduse-tooriist\/","og_site_name":"Hutton","article_publisher":"https:\/\/www.facebook.com\/huttoneesti","article_modified_time":"2026-04-20T13:29:04+00:00","og_image":[{"width":1080,"height":1080,"url":"https:\/\/hutton.ee\/wp-content\/uploads\/2026\/04\/Untitled-design-82.jpg","type":"image\/jpeg"}],"twitter_card":"summary_large_image","twitter_misc":{"Est. reading time":"2 minutes"},"schema":{"@context":"https:\/\/schema.org","@graph":[{"@type":"WebPage","@id":"https:\/\/hutton.ee\/toode\/terrassilaudade-paigalduse-tooriist\/","url":"https:\/\/hutton.ee\/toode\/terrassilaudade-paigalduse-tooriist\/","name":"Terrassilaudade paigalduse t\u00f6\u00f6riist - Hutton","isPartOf":{"@id":"https:\/\/hutton.ee\/#website"},"primaryImageOfPage":{"@id":"https:\/\/hutton.ee\/toode\/terrassilaudade-paigalduse-tooriist\/#primaryimage"},"image":{"@id":"https:\/\/hutton.ee\/toode\/terrassilaudade-paigalduse-tooriist\/#primaryimage"},"thumbnailUrl":"https:\/\/hutton.ee\/wp-content\/uploads\/2026\/04\/Untitled-design-82.jpg","datePublished":"2026-04-20T13:25:35+00:00","dateModified":"2026-04-20T13:29:04+00:00","breadcrumb":{"@id":"https:\/\/hutton.ee\/toode\/terrassilaudade-paigalduse-tooriist\/#breadcrumb"},"inLanguage":"en-US","potentialAction":[{"@type":"ReadAction","target":["https:\/\/hutton.ee\/toode\/terrassilaudade-paigalduse-tooriist\/"]}]},{"@type":"ImageObject","inLanguage":"en-US","@id":"https:\/\/hutton.ee\/toode\/terrassilaudade-paigalduse-tooriist\/#primaryimage","url":"https:\/\/hutton.ee\/wp-content\/uploads\/2026\/04\/Untitled-design-82.jpg","contentUrl":"https:\/\/hutton.ee\/wp-content\/uploads\/2026\/04\/Untitled-design-82.jpg","width":1080,"height":1080},{"@type":"BreadcrumbList","@id":"https:\/\/hutton.ee\/toode\/terrassilaudade-paigalduse-tooriist\/#breadcrumb","itemListElement":[{"@type":"ListItem","position":1,"name":"Avaleht","item":"https:\/\/hutton.ee\/"},{"@type":"ListItem","position":2,"name":"Shop","item":"https:\/\/hutton.ee\/en\/shop\/"},{"@type":"ListItem","position":3,"name":"Terrassilaudade paigalduse t\u00f6\u00f6riist"}]},{"@type":"WebSite","@id":"https:\/\/hutton.ee\/#website","url":"https:\/\/hutton.ee\/","name":"Hutton","description":"Ajas kestvad ehituslahendused","publisher":{"@id":"https:\/\/hutton.ee\/#organization"},"potentialAction":[{"@type":"SearchAction","target":{"@type":"EntryPoint","urlTemplate":"https:\/\/hutton.ee\/?s={search_term_string}"},"query-input":{"@type":"PropertyValueSpecification","valueRequired":true,"valueName":"search_term_string"}}],"inLanguage":"en-US"},{"@type":"Organization","@id":"https:\/\/hutton.ee\/#organization","name":"Hutton - KATUS | SEIN | FASSAAD","url":"https:\/\/hutton.ee\/","logo":{"@type":"ImageObject","inLanguage":"en-US","@id":"https:\/\/hutton.ee\/#\/schema\/logo\/image\/","url":"https:\/\/hutton.ee\/wp-content\/uploads\/2020\/07\/hutton-logo_uuendatud-01.png","contentUrl":"https:\/\/hutton.ee\/wp-content\/uploads\/2020\/07\/hutton-logo_uuendatud-01.png","width":1064,"height":455,"caption":"Hutton - KATUS | SEIN | FASSAAD"},"image":{"@id":"https:\/\/hutton.ee\/#\/schema\/logo\/image\/"},"sameAs":["https:\/\/www.facebook.com\/huttoneesti"]}]}},"_links":{"self":[{"href":"https:\/\/hutton.ee\/en\/wp-json\/wp\/v2\/product\/30245","targetHints":{"allow":["GET"]}}],"collection":[{"href":"https:\/\/hutton.ee\/en\/wp-json\/wp\/v2\/product"}],"about":[{"href":"https:\/\/hutton.ee\/en\/wp-json\/wp\/v2\/types\/product"}],"wp:featuredmedia":[{"embeddable":true,"href":"https:\/\/hutton.ee\/en\/wp-json\/wp\/v2\/media\/30246"}],"wp:attachment":[{"href":"https:\/\/hutton.ee\/en\/wp-json\/wp\/v2\/media?parent=30245"}],"wp:term":[{"taxonomy":"product_brand","embeddable":true,"href":"https:\/\/hutton.ee\/en\/wp-json\/wp\/v2\/product_brand?post=30245"},{"taxonomy":"product_cat","embeddable":true,"href":"https:\/\/hutton.ee\/en\/wp-json\/wp\/v2\/product_cat?post=30245"},{"taxonomy":"product_tag","embeddable":true,"href":"https:\/\/hutton.ee\/en\/wp-json\/wp\/v2\/product_tag?post=30245"},{"taxonomy":"filtrisusteem","embeddable":true,"href":"https:\/\/hutton.ee\/en\/wp-json\/wp\/v2\/filtrisusteem?post=30245"},{"taxonomy":"kvaliteediklass","embeddable":true,"href":"https:\/\/hutton.ee\/en\/wp-json\/wp\/v2\/kvaliteediklass?post=30245"}],"curies":[{"name":"wp","href":"https:\/\/api.w.org\/{rel}","templated":true}]}}