{"id":30251,"date":"2026-04-20T13:36:15","date_gmt":"2026-04-20T13:36:15","guid":{"rendered":"https:\/\/hutton.ee\/?post_type=product&#038;p=30251"},"modified":"2026-04-20T13:51:09","modified_gmt":"2026-04-20T13:51:09","slug":"terrassikruvi-c4-4-5x60-pruun-250tk","status":"publish","type":"product","link":"https:\/\/hutton.ee\/en\/toode\/terrassikruvi-c4-4-5x60-pruun-250tk\/","title":{"rendered":"Terrassikruvi C4, 4.5&#215;60 pruun 250tk"},"content":{"rendered":"<p data-start=\"0\" data-end=\"175\">Puidukruvidel on k\u00f5rge korrosioonikindlus \u2013 neid on testitud 1680-tunnises soolapritsetestis ning need on \u00e4\u00e4rmiselt vastupidavad niiskusele ja karmidele ilmastikutingimustele.<\/p>\n<p data-start=\"177\" data-end=\"522\"><strong data-start=\"177\" data-end=\"189\">Eelised:<\/strong><br data-start=\"189\" data-end=\"192\" \/>Topeltkeermega tsingitud puidukruvid tagavad laudade kvaliteetse kinnituse ja tugeva \u00fchenduse ilma pragudeta. Spetsiaalselt loodud terrassilaudade kinnitamiseks. Kruvidel on kooniline pea, mis ei kahjusta pinda ning annab esteetilise v\u00e4limuse ilma n\u00e4htavate kruvipeadeta. Puuriv ots aitab v\u00e4ltida puidu l\u00f5henemist ja killustumist.<\/p>\n<p data-start=\"524\" data-end=\"708\"><strong data-start=\"524\" data-end=\"536\">Kasutus:<\/strong><br data-start=\"536\" data-end=\"539\" \/>Sobib suurep\u00e4raselt nii termot\u00f6\u00f6deldud kui ka tavalisele puidule, tagades pikaajalise vastupidavuse v\u00e4listingimustes ning vastupanu niiskusele ja temperatuurimuutustele.<\/p>\n<p data-start=\"710\" data-end=\"912\"><strong data-start=\"710\" data-end=\"732\">Kasutusvaldkonnad:<\/strong><br data-start=\"732\" data-end=\"735\" \/>M\u00f5eldud terrasside, p\u00f5randalaudade ja muude puitkonstruktsioonide paigaldamiseks v\u00e4litingimustes, eriti kohtades, kus on vajalik esteetiline viimistlus ilma n\u00e4htavate kruvideta.<\/p>\n<p data-start=\"914\" data-end=\"1111\" data-is-last-node=\"\" data-is-only-node=\"\"><strong data-start=\"914\" data-end=\"936\">Tehnilised andmed:<\/strong><br data-start=\"936\" data-end=\"939\" \/>M\u00f5\u00f5t: 4,5 \u00d7 60 mm<br data-start=\"956\" data-end=\"959\" \/>Koostis: s\u00fcsinikteras, tsingitud<br data-start=\"991\" data-end=\"994\" \/>Korrosioonikindlus: 1680 h<br data-start=\"1020\" data-end=\"1023\" \/>V\u00e4rv: pruun (v\u00e4rvitud)<br data-start=\"1045\" data-end=\"1048\" \/>Korrosioonikindluse klass: C4<br data-start=\"1077\" data-end=\"1080\" \/>Pea t\u00fc\u00fcp: TX15<br data-start=\"1094\" data-end=\"1097\" \/>Pakend: 250 tk<\/p>\n","protected":false},"excerpt":{"rendered":"<p>Puidukruvidel on k\u00f5rge korrosioonikindlus \u2013 neid on testitud 1680-tunnises soolapritsetestis ning need on \u00e4\u00e4rmiselt vastupidavad niiskusele ja karmidele ilmastikutingimustele. Eelised:Topeltkeermega tsingitud puidukruvid tagavad laudade kvaliteetse kinnituse ja tugeva \u00fchenduse ilma pragudeta. Spetsiaalselt loodud terrassilaudade kinnitamiseks. Kruvidel on kooniline pea, mis ei kahjusta pinda ning annab esteetilise v\u00e4limuse ilma n\u00e4htavate kruvipeadeta. Puuriv ots aitab v\u00e4ltida puidu [&hellip;]<\/p>\n","protected":false},"featured_media":30254,"template":"","meta":{"_gspb_post_css":"","_uf_show_specific_survey":0,"_uf_disable_surveys":false},"product_brand":[],"product_cat":[973],"product_tag":[],"filtrisusteem":[],"kvaliteediklass":[],"class_list":{"0":"post-30251","1":"product","2":"type-product","3":"status-publish","4":"has-post-thumbnail","6":"product_cat-maaramata","8":"first","9":"instock","10":"taxable","11":"shipping-taxable","12":"purchasable","13":"product-type-simple"},"yoast_head":"<!-- This site is optimized with the Yoast SEO Premium plugin v21.3 (Yoast SEO v27.3) - https:\/\/yoast.com\/product\/yoast-seo-premium-wordpress\/ -->\n<title>Terrassikruvi C4, 4.5x60 pruun 250tk - Hutton<\/title>\n<meta name=\"robots\" content=\"index, follow, max-snippet:-1, max-image-preview:large, max-video-preview:-1\" \/>\n<link rel=\"canonical\" href=\"https:\/\/hutton.ee\/toode\/terrassikruvi-c4-4-5x60-pruun-250tk\/\" \/>\n<meta property=\"og:locale\" content=\"en_US\" \/>\n<meta property=\"og:type\" content=\"article\" \/>\n<meta property=\"og:title\" content=\"Terrassikruvi C4, 4.5x60 pruun 250tk\" \/>\n<meta property=\"og:description\" content=\"Puidukruvidel on k\u00f5rge korrosioonikindlus \u2013 neid on testitud 1680-tunnises soolapritsetestis ning need on \u00e4\u00e4rmiselt vastupidavad niiskusele ja karmidele ilmastikutingimustele. Eelised:Topeltkeermega tsingitud puidukruvid tagavad laudade kvaliteetse kinnituse ja tugeva \u00fchenduse ilma pragudeta. Spetsiaalselt loodud terrassilaudade kinnitamiseks. Kruvidel on kooniline pea, mis ei kahjusta pinda ning annab esteetilise v\u00e4limuse ilma n\u00e4htavate kruvipeadeta. Puuriv ots aitab v\u00e4ltida puidu [&hellip;]\" \/>\n<meta property=\"og:url\" content=\"https:\/\/hutton.ee\/toode\/terrassikruvi-c4-4-5x60-pruun-250tk\/\" \/>\n<meta property=\"og:site_name\" content=\"Hutton\" \/>\n<meta property=\"article:publisher\" content=\"https:\/\/www.facebook.com\/huttoneesti\" \/>\n<meta property=\"article:modified_time\" content=\"2026-04-20T13:51:09+00:00\" \/>\n<meta property=\"og:image\" content=\"https:\/\/hutton.ee\/wp-content\/uploads\/2026\/04\/2363-decking-wood-screws-fastshifter-invisible-c4-4-560-mm-tx15-250-pcspack-complete-with-bit.png\" \/>\n\t<meta property=\"og:image:width\" content=\"800\" \/>\n\t<meta property=\"og:image:height\" content=\"800\" \/>\n\t<meta property=\"og:image:type\" content=\"image\/png\" \/>\n<meta name=\"twitter:card\" content=\"summary_large_image\" \/>\n<meta name=\"twitter:label1\" content=\"Est. reading time\" \/>\n\t<meta name=\"twitter:data1\" content=\"1 minute\" \/>\n<script type=\"application\/ld+json\" class=\"yoast-schema-graph\">{\"@context\":\"https:\\\/\\\/schema.org\",\"@graph\":[{\"@type\":\"WebPage\",\"@id\":\"https:\\\/\\\/hutton.ee\\\/toode\\\/terrassikruvi-c4-4-5x60-pruun-250tk\\\/\",\"url\":\"https:\\\/\\\/hutton.ee\\\/toode\\\/terrassikruvi-c4-4-5x60-pruun-250tk\\\/\",\"name\":\"Terrassikruvi C4, 4.5x60 pruun 250tk - Hutton\",\"isPartOf\":{\"@id\":\"https:\\\/\\\/hutton.ee\\\/#website\"},\"primaryImageOfPage\":{\"@id\":\"https:\\\/\\\/hutton.ee\\\/toode\\\/terrassikruvi-c4-4-5x60-pruun-250tk\\\/#primaryimage\"},\"image\":{\"@id\":\"https:\\\/\\\/hutton.ee\\\/toode\\\/terrassikruvi-c4-4-5x60-pruun-250tk\\\/#primaryimage\"},\"thumbnailUrl\":\"https:\\\/\\\/hutton.ee\\\/wp-content\\\/uploads\\\/2026\\\/04\\\/2363-decking-wood-screws-fastshifter-invisible-c4-4-560-mm-tx15-250-pcspack-complete-with-bit.png\",\"datePublished\":\"2026-04-20T13:36:15+00:00\",\"dateModified\":\"2026-04-20T13:51:09+00:00\",\"breadcrumb\":{\"@id\":\"https:\\\/\\\/hutton.ee\\\/toode\\\/terrassikruvi-c4-4-5x60-pruun-250tk\\\/#breadcrumb\"},\"inLanguage\":\"en-US\",\"potentialAction\":[{\"@type\":\"ReadAction\",\"target\":[\"https:\\\/\\\/hutton.ee\\\/toode\\\/terrassikruvi-c4-4-5x60-pruun-250tk\\\/\"]}]},{\"@type\":\"ImageObject\",\"inLanguage\":\"en-US\",\"@id\":\"https:\\\/\\\/hutton.ee\\\/toode\\\/terrassikruvi-c4-4-5x60-pruun-250tk\\\/#primaryimage\",\"url\":\"https:\\\/\\\/hutton.ee\\\/wp-content\\\/uploads\\\/2026\\\/04\\\/2363-decking-wood-screws-fastshifter-invisible-c4-4-560-mm-tx15-250-pcspack-complete-with-bit.png\",\"contentUrl\":\"https:\\\/\\\/hutton.ee\\\/wp-content\\\/uploads\\\/2026\\\/04\\\/2363-decking-wood-screws-fastshifter-invisible-c4-4-560-mm-tx15-250-pcspack-complete-with-bit.png\",\"width\":800,\"height\":800},{\"@type\":\"BreadcrumbList\",\"@id\":\"https:\\\/\\\/hutton.ee\\\/toode\\\/terrassikruvi-c4-4-5x60-pruun-250tk\\\/#breadcrumb\",\"itemListElement\":[{\"@type\":\"ListItem\",\"position\":1,\"name\":\"Avaleht\",\"item\":\"https:\\\/\\\/hutton.ee\\\/\"},{\"@type\":\"ListItem\",\"position\":2,\"name\":\"Shop\",\"item\":\"https:\\\/\\\/hutton.ee\\\/en\\\/shop\\\/\"},{\"@type\":\"ListItem\",\"position\":3,\"name\":\"Terrassikruvi C4, 4.5&#215;60 pruun 250tk\"}]},{\"@type\":\"WebSite\",\"@id\":\"https:\\\/\\\/hutton.ee\\\/#website\",\"url\":\"https:\\\/\\\/hutton.ee\\\/\",\"name\":\"Hutton\",\"description\":\"Ajas kestvad ehituslahendused\",\"publisher\":{\"@id\":\"https:\\\/\\\/hutton.ee\\\/#organization\"},\"potentialAction\":[{\"@type\":\"SearchAction\",\"target\":{\"@type\":\"EntryPoint\",\"urlTemplate\":\"https:\\\/\\\/hutton.ee\\\/?s={search_term_string}\"},\"query-input\":{\"@type\":\"PropertyValueSpecification\",\"valueRequired\":true,\"valueName\":\"search_term_string\"}}],\"inLanguage\":\"en-US\"},{\"@type\":\"Organization\",\"@id\":\"https:\\\/\\\/hutton.ee\\\/#organization\",\"name\":\"Hutton - KATUS | SEIN | FASSAAD\",\"url\":\"https:\\\/\\\/hutton.ee\\\/\",\"logo\":{\"@type\":\"ImageObject\",\"inLanguage\":\"en-US\",\"@id\":\"https:\\\/\\\/hutton.ee\\\/#\\\/schema\\\/logo\\\/image\\\/\",\"url\":\"https:\\\/\\\/hutton.ee\\\/wp-content\\\/uploads\\\/2020\\\/07\\\/hutton-logo_uuendatud-01.png\",\"contentUrl\":\"https:\\\/\\\/hutton.ee\\\/wp-content\\\/uploads\\\/2020\\\/07\\\/hutton-logo_uuendatud-01.png\",\"width\":1064,\"height\":455,\"caption\":\"Hutton - KATUS | SEIN | FASSAAD\"},\"image\":{\"@id\":\"https:\\\/\\\/hutton.ee\\\/#\\\/schema\\\/logo\\\/image\\\/\"},\"sameAs\":[\"https:\\\/\\\/www.facebook.com\\\/huttoneesti\"]}]}<\/script>\n<!-- \/ Yoast SEO Premium plugin. -->","yoast_head_json":{"title":"Terrassikruvi C4, 4.5x60 pruun 250tk - Hutton","robots":{"index":"index","follow":"follow","max-snippet":"max-snippet:-1","max-image-preview":"max-image-preview:large","max-video-preview":"max-video-preview:-1"},"canonical":"https:\/\/hutton.ee\/toode\/terrassikruvi-c4-4-5x60-pruun-250tk\/","og_locale":"en_US","og_type":"article","og_title":"Terrassikruvi C4, 4.5x60 pruun 250tk","og_description":"Puidukruvidel on k\u00f5rge korrosioonikindlus \u2013 neid on testitud 1680-tunnises soolapritsetestis ning need on \u00e4\u00e4rmiselt vastupidavad niiskusele ja karmidele ilmastikutingimustele. Eelised:Topeltkeermega tsingitud puidukruvid tagavad laudade kvaliteetse kinnituse ja tugeva \u00fchenduse ilma pragudeta. Spetsiaalselt loodud terrassilaudade kinnitamiseks. Kruvidel on kooniline pea, mis ei kahjusta pinda ning annab esteetilise v\u00e4limuse ilma n\u00e4htavate kruvipeadeta. Puuriv ots aitab v\u00e4ltida puidu [&hellip;]","og_url":"https:\/\/hutton.ee\/toode\/terrassikruvi-c4-4-5x60-pruun-250tk\/","og_site_name":"Hutton","article_publisher":"https:\/\/www.facebook.com\/huttoneesti","article_modified_time":"2026-04-20T13:51:09+00:00","og_image":[{"width":800,"height":800,"url":"https:\/\/hutton.ee\/wp-content\/uploads\/2026\/04\/2363-decking-wood-screws-fastshifter-invisible-c4-4-560-mm-tx15-250-pcspack-complete-with-bit.png","type":"image\/png"}],"twitter_card":"summary_large_image","twitter_misc":{"Est. reading time":"1 minute"},"schema":{"@context":"https:\/\/schema.org","@graph":[{"@type":"WebPage","@id":"https:\/\/hutton.ee\/toode\/terrassikruvi-c4-4-5x60-pruun-250tk\/","url":"https:\/\/hutton.ee\/toode\/terrassikruvi-c4-4-5x60-pruun-250tk\/","name":"Terrassikruvi C4, 4.5x60 pruun 250tk - Hutton","isPartOf":{"@id":"https:\/\/hutton.ee\/#website"},"primaryImageOfPage":{"@id":"https:\/\/hutton.ee\/toode\/terrassikruvi-c4-4-5x60-pruun-250tk\/#primaryimage"},"image":{"@id":"https:\/\/hutton.ee\/toode\/terrassikruvi-c4-4-5x60-pruun-250tk\/#primaryimage"},"thumbnailUrl":"https:\/\/hutton.ee\/wp-content\/uploads\/2026\/04\/2363-decking-wood-screws-fastshifter-invisible-c4-4-560-mm-tx15-250-pcspack-complete-with-bit.png","datePublished":"2026-04-20T13:36:15+00:00","dateModified":"2026-04-20T13:51:09+00:00","breadcrumb":{"@id":"https:\/\/hutton.ee\/toode\/terrassikruvi-c4-4-5x60-pruun-250tk\/#breadcrumb"},"inLanguage":"en-US","potentialAction":[{"@type":"ReadAction","target":["https:\/\/hutton.ee\/toode\/terrassikruvi-c4-4-5x60-pruun-250tk\/"]}]},{"@type":"ImageObject","inLanguage":"en-US","@id":"https:\/\/hutton.ee\/toode\/terrassikruvi-c4-4-5x60-pruun-250tk\/#primaryimage","url":"https:\/\/hutton.ee\/wp-content\/uploads\/2026\/04\/2363-decking-wood-screws-fastshifter-invisible-c4-4-560-mm-tx15-250-pcspack-complete-with-bit.png","contentUrl":"https:\/\/hutton.ee\/wp-content\/uploads\/2026\/04\/2363-decking-wood-screws-fastshifter-invisible-c4-4-560-mm-tx15-250-pcspack-complete-with-bit.png","width":800,"height":800},{"@type":"BreadcrumbList","@id":"https:\/\/hutton.ee\/toode\/terrassikruvi-c4-4-5x60-pruun-250tk\/#breadcrumb","itemListElement":[{"@type":"ListItem","position":1,"name":"Avaleht","item":"https:\/\/hutton.ee\/"},{"@type":"ListItem","position":2,"name":"Shop","item":"https:\/\/hutton.ee\/en\/shop\/"},{"@type":"ListItem","position":3,"name":"Terrassikruvi C4, 4.5&#215;60 pruun 250tk"}]},{"@type":"WebSite","@id":"https:\/\/hutton.ee\/#website","url":"https:\/\/hutton.ee\/","name":"Hutton","description":"Ajas kestvad ehituslahendused","publisher":{"@id":"https:\/\/hutton.ee\/#organization"},"potentialAction":[{"@type":"SearchAction","target":{"@type":"EntryPoint","urlTemplate":"https:\/\/hutton.ee\/?s={search_term_string}"},"query-input":{"@type":"PropertyValueSpecification","valueRequired":true,"valueName":"search_term_string"}}],"inLanguage":"en-US"},{"@type":"Organization","@id":"https:\/\/hutton.ee\/#organization","name":"Hutton - KATUS | SEIN | FASSAAD","url":"https:\/\/hutton.ee\/","logo":{"@type":"ImageObject","inLanguage":"en-US","@id":"https:\/\/hutton.ee\/#\/schema\/logo\/image\/","url":"https:\/\/hutton.ee\/wp-content\/uploads\/2020\/07\/hutton-logo_uuendatud-01.png","contentUrl":"https:\/\/hutton.ee\/wp-content\/uploads\/2020\/07\/hutton-logo_uuendatud-01.png","width":1064,"height":455,"caption":"Hutton - KATUS | SEIN | FASSAAD"},"image":{"@id":"https:\/\/hutton.ee\/#\/schema\/logo\/image\/"},"sameAs":["https:\/\/www.facebook.com\/huttoneesti"]}]}},"_links":{"self":[{"href":"https:\/\/hutton.ee\/en\/wp-json\/wp\/v2\/product\/30251","targetHints":{"allow":["GET"]}}],"collection":[{"href":"https:\/\/hutton.ee\/en\/wp-json\/wp\/v2\/product"}],"about":[{"href":"https:\/\/hutton.ee\/en\/wp-json\/wp\/v2\/types\/product"}],"wp:featuredmedia":[{"embeddable":true,"href":"https:\/\/hutton.ee\/en\/wp-json\/wp\/v2\/media\/30254"}],"wp:attachment":[{"href":"https:\/\/hutton.ee\/en\/wp-json\/wp\/v2\/media?parent=30251"}],"wp:term":[{"taxonomy":"product_brand","embeddable":true,"href":"https:\/\/hutton.ee\/en\/wp-json\/wp\/v2\/product_brand?post=30251"},{"taxonomy":"product_cat","embeddable":true,"href":"https:\/\/hutton.ee\/en\/wp-json\/wp\/v2\/product_cat?post=30251"},{"taxonomy":"product_tag","embeddable":true,"href":"https:\/\/hutton.ee\/en\/wp-json\/wp\/v2\/product_tag?post=30251"},{"taxonomy":"filtrisusteem","embeddable":true,"href":"https:\/\/hutton.ee\/en\/wp-json\/wp\/v2\/filtrisusteem?post=30251"},{"taxonomy":"kvaliteediklass","embeddable":true,"href":"https:\/\/hutton.ee\/en\/wp-json\/wp\/v2\/kvaliteediklass?post=30251"}],"curies":[{"name":"wp","href":"https:\/\/api.w.org\/{rel}","templated":true}]}}